{"id":107,"date":"2017-07-27T13:51:08","date_gmt":"2017-07-27T11:51:08","guid":{"rendered":"http:\/\/www.bio-nickl.de\/wordpress\/?page_id=107"},"modified":"2022-10-28T10:06:45","modified_gmt":"2022-10-28T08:06:45","slug":"materialien","status":"publish","type":"page","link":"https:\/\/www.bio-nickl.de\/wordpress\/materialien\/","title":{"rendered":"Materialien"},"content":{"rendered":"<figure id=\"attachment_355\" aria-describedby=\"caption-attachment-355\" style=\"width: 300px\" class=\"wp-caption alignnone\"><img loading=\"lazy\" decoding=\"async\" class=\"size-medium wp-image-355\" src=\"http:\/\/www.bio-nickl.de\/wordpress\/wp-content\/uploads\/2017\/07\/IR_Modelle_Fisch-300x211.jpg\" alt=\"\" width=\"300\" height=\"211\" srcset=\"https:\/\/www.bio-nickl.de\/wordpress\/wp-content\/uploads\/2017\/07\/IR_Modelle_Fisch-300x211.jpg 300w, https:\/\/www.bio-nickl.de\/wordpress\/wp-content\/uploads\/2017\/07\/IR_Modelle_Fisch-768x539.jpg 768w, https:\/\/www.bio-nickl.de\/wordpress\/wp-content\/uploads\/2017\/07\/IR_Modelle_Fisch-1024x719.jpg 1024w\" sizes=\"auto, (max-width: 300px) 100vw, 300px\" \/><figcaption id=\"caption-attachment-355\" class=\"wp-caption-text\">Der Schachtel- und der Flaschenfisch: Modelle zur Fortbewegung im Wasser, an denen gut Modellkritik ge\u00fcbt werden kann.<\/figcaption><\/figure>\n<p>Auf den Materialien-Seiten finden Sie Links zu meinen Unterrichtsmaterialien (und ein paar Tipps f\u00fcr Webseiten von Anderen). Viele davon sind auch an anderen Stellen auf dieser Webseite verlinkt, hier sind sie alle beisammen. Sie sind nach Stufen geordnet (und Lehrplan-Typen) sowie innerhalb der Stufen nach Themen (hierzu bitte oben anklicken). Ich habe bewusst eine Reihe von Abbildungen frei Hand gezeichnet, um Ihnen Mut zu machen, sich gelegentlich auch mal vom Computer zu l\u00f6sen und mit Tuschestift zu zeichnen. Denn es kommt nicht auf zeichnerische H\u00f6chstleistung an, sondern auf inhaltliche Deutlichkeit. Und manchmal auch, dass es nicht zu viel Zeit kostet.<\/p>\n<p><img loading=\"lazy\" decoding=\"async\" class=\"alignnone size-medium wp-image-5618\" src=\"https:\/\/www.bio-nickl.de\/wordpress\/wp-content\/uploads\/2020\/09\/vbio-Logo-300x201.gif\" alt=\"\" width=\"300\" height=\"201\" srcset=\"https:\/\/www.bio-nickl.de\/wordpress\/wp-content\/uploads\/2020\/09\/vbio-Logo-300x201.gif 300w, https:\/\/www.bio-nickl.de\/wordpress\/wp-content\/uploads\/2020\/09\/vbio-Logo-768x516.gif 768w\" sizes=\"auto, (max-width: 300px) 100vw, 300px\" \/><\/p>\n<p>Der Verband Biologie, Biowissenschaften &amp; Biomedizin in Deutschland <strong>(vbio)<\/strong> bietet auf seiner Webseite Links zu kostenfreien Unterrichtsmaterialien an: <a href=\"https:\/\/www.vbio.de\/schule\/unterrichtsressourcen\/online-angebote\/\">https:\/\/www.vbio.de\/schule\/unterrichtsressourcen\/online-angebote\/<\/a><\/p>\n<p>&nbsp;<\/p>\n<p><strong>Von mir mit Nachdruck empfohlene Werke f\u00fcr die Bibliothek der Schule bzw. der Fachschaft:<\/strong><\/p>\n<p>F\u00fcr diese Hinweise erhalte ich keinerlei Verg\u00fcnstigungen.<\/p>\n<p><img loading=\"lazy\" decoding=\"async\" class=\" wp-image-4233\" src=\"https:\/\/www.bio-nickl.de\/wordpress\/wp-content\/uploads\/2019\/12\/ALP-Ordner-506-261x300.jpg\" alt=\"\" width=\"142\" height=\"163\" srcset=\"https:\/\/www.bio-nickl.de\/wordpress\/wp-content\/uploads\/2019\/12\/ALP-Ordner-506-261x300.jpg 261w, https:\/\/www.bio-nickl.de\/wordpress\/wp-content\/uploads\/2019\/12\/ALP-Ordner-506-768x883.jpg 768w, https:\/\/www.bio-nickl.de\/wordpress\/wp-content\/uploads\/2019\/12\/ALP-Ordner-506-891x1024.jpg 891w, https:\/\/www.bio-nickl.de\/wordpress\/wp-content\/uploads\/2019\/12\/ALP-Ordner-506.jpg 1841w\" sizes=\"auto, (max-width: 142px) 100vw, 142px\" \/><\/p>\n<p><strong>Praktikumsordner &#8222;Bio? &#8211; Logisch!&#8220; Praktisches Arbeiten im Unterricht&#8220;<\/strong>, Akademie f\u00fcr Lehrerfortbildung und Personalf\u00fchrung (ALP) Dillingen, Akademiebericht 506. Der Ordner kann nur in Dillingen bestellt werden: [<a href=\"https:\/\/alp.dillingen.de\/akademie\/akademieberichte\/\">Akademieberichte<\/a>] Stichwort \u201e506\u201c oder \u201ebio logisch\u201c; Kostenpunkt: 45,00 Euro. <em>Ich habe daran mitgearbeitet und kann versichern, dass alle in diesem Ordner vorgestellten praktischen Arbeiten im Unterricht und Seminarbetrieb intensiv erprobt und optimiert wurden. In meinen Skripten wird an vielen Stellen auf Bl\u00e4tter dieses Ordners verwiesen. Ab der Mittelstufe verweise ich in meinen Skripten auf die Seiten in der zweiten, \u00fcberarbeiteten Auflage des Ordners, der seit Ende Oktober 2022 in Dillingen erh\u00e4ltlich ist: Bestellnummer 506 [<a href=\"https:\/\/alp.dillingen.de\/akademie\/akademieberichte\/\"><span style=\"color: #ff6600;\">Link zur ALP-Seite<\/span><\/a>]<br \/>\n<\/em><\/p>\n<p><strong>Josef Leisen: &#8222;Methodenwerkzeuge&#8220;<\/strong>. Dieser Ordner erkl\u00e4rt viele Werkzeuge wie Wortfeld, Wortliste, Wortgel\u00e4nder, R\u00e4tselformate, abgestufte Lernhilfen, Kugellager und vieles mehr in allgemeiner Form sowie anhand vieler Beispiele f\u00fcr die meisten Schulf\u00e4cher, auch Biologie. Wenn Sie nicht an den Ordner heran kommen, hilft folgende Webseite: [<a href=\"http:\/\/www.josefleisen.de\/download-methodenwerkzeuge\">Methodenwerkzeuge<\/a>]<\/p>\n<p><strong>Ulrich Kattmann: &#8222;Sch\u00fcler besser verstehen &#8211; Alltagsvorstellungen im Biologieunterricht&#8220;<\/strong>, Auer Verlag 2015. Ausf\u00fchrliche Umfragen zu vielen Fachbegriffen und fachlichen Zusammenh\u00e4ngen bei Sch\u00fclern unterschiedlichen Alters zeigen, wie stark deren Vorstellungen von denen der Wissenschaft abweichen k\u00f6nnen. Das Buch (erg\u00e4nzt durch weitere Stichworte auf einer Webseite) sensibilisiert die Lehrkraft, so dass bewusst Kurzevaluationen bei den eigenen Sch\u00fclern vorgenommen werden k\u00f6nnen, um deren mentale Bilder zu erfassen und gezielt gegen zu steuern. Denn Belehrungen gegen manifestierte Alltagsvorstellungen sind wenig effektiv; hilfreich ist dagegen, von den Alltagsvorstellungen auszugehen, die Sch\u00fcler selbst die Widerspr\u00fcche darin erkennen zu lassen, so dass sie ihre mentalen Bilder von sich aus ver\u00e4ndern. <em>An verschiedenen Stellen weise ich in meinen Skripten auf Stellen in diesem Buch hin.<\/em><\/p>\n<p><em>F\u00fcr diese Hinweise erhalte ich keinerlei Verg\u00fcnstigungen oder Zuwendungen. Sie entspringen ausschlie\u00dflich meiner guter Erfahrung mit diesen Werken.<\/em><\/p>\n<p><strong>Alle von mir erstellten Materialien k\u00f6nnen Sie herunterladen und kostenfrei verwenden. F\u00fcr eine Ver\u00f6ffentlichung holen Sie bitte meine Zustimmung ein.<\/strong><\/p>\n<p><strong>Ikons der drei Betrachtungsebenen (&#8222;Welten&#8220;):<\/strong><\/p>\n<ul>\n<li><span style=\"color: #ff6600;\">makroskopisch (&#8222;sichtbare Welt&#8220;) [<a style=\"color: #ff6600;\" href=\"https:\/\/www.bio-nickl.de\/wordpress\/wp-content\/uploads\/2020\/02\/Ikon-makroskopisch.png\">jpg<\/a>]<\/span><\/li>\n<li><span style=\"color: #ff6600;\">mikroskopisch (&#8222;Welt im Mikroskop&#8220;) [<a style=\"color: #ff6600;\" href=\"https:\/\/www.bio-nickl.de\/wordpress\/wp-content\/uploads\/2020\/02\/Ikon-mikroskopisch.png\">jpg<\/a>]<\/span><\/li>\n<li><span style=\"color: #ff6600;\">submikroskopisch (&#8222;Welt der Teilchen&#8220;) [<a style=\"color: #ff6600;\" href=\"https:\/\/www.bio-nickl.de\/wordpress\/wp-content\/uploads\/2020\/02\/Ikon-submikroskopisch.png\">jpg<\/a>]<\/span><\/li>\n<\/ul>\n<p><strong>Ikons f\u00fcr die vier haupts\u00e4chlichen Anforderungen an Lebewesen:<\/strong><\/p>\n<ul>\n<li><span style=\"color: #ff6600;\">aktive Bewegung [<a style=\"color: #ff6600;\" href=\"https:\/\/www.bio-nickl.de\/wordpress\/wp-content\/uploads\/2020\/02\/Ikon-Aktive-Bewegung.jpg\">jpg<\/a>]<\/span><\/li>\n<li><span style=\"color: #ff6600;\">Fortpflanzung, Wachstum und Individualentwicklung: Familie [<a style=\"color: #ff6600;\" href=\"https:\/\/www.bio-nickl.de\/wordpress\/wp-content\/uploads\/2020\/02\/Ikon-Fortpflanzung.jpg\">jpg<\/a>], Alternative zellul\u00e4r [<a style=\"color: #ff6600;\" href=\"https:\/\/www.bio-nickl.de\/wordpress\/wp-content\/uploads\/2020\/02\/Ikon-Fortpflanzung-zellul\u00e4r.jpg\">jpg<\/a>]<\/span><\/li>\n<li><span style=\"color: #ff6600;\">Informationsaufnahme, Informationsverarbeitung und Reaktion [<a style=\"color: #ff6600;\" href=\"https:\/\/www.bio-nickl.de\/wordpress\/wp-content\/uploads\/2020\/02\/Ikon-Sinne-scaled.jpg\">jpg<\/a>]<\/span><\/li>\n<li><span style=\"color: #ff6600;\">Stoffwechsel: Stoff- und Energieumwandlung: Lagerfeuer [<a style=\"color: #ff6600;\" href=\"https:\/\/www.bio-nickl.de\/wordpress\/wp-content\/uploads\/2020\/02\/Ikon-Stoffwechsel-Feuer.jpg\">jpg<\/a>]; verschiedene Alternativen [<a style=\"color: #ff6600;\" href=\"https:\/\/www.bio-nickl.de\/wordpress\/wp-content\/uploads\/2020\/02\/Ikon-Stoffwechsel-N1.jpg\">jpg<\/a>] [<a style=\"color: #ff6600;\" href=\"https:\/\/www.bio-nickl.de\/wordpress\/wp-content\/uploads\/2020\/02\/Ikon-Stoffwechsel-N2.jpg\">jpg<\/a>] [<a style=\"color: #ff6600;\" href=\"https:\/\/www.bio-nickl.de\/wordpress\/wp-content\/uploads\/2020\/02\/Ikon-Stoffwechsel-N3-einfach.jpg\">jpg<\/a>] [<a style=\"color: #ff6600;\" href=\"https:\/\/www.bio-nickl.de\/wordpress\/wp-content\/uploads\/2020\/02\/Ikon-Stoffwechsel-N4.jpg\">jpg<\/a>] [<a style=\"color: #ff6600;\" href=\"https:\/\/www.bio-nickl.de\/wordpress\/wp-content\/uploads\/2020\/02\/Ikon-Stoffwechsel-N5.jpg\">jpg<\/a>] [<a style=\"color: #ff6600;\" href=\"https:\/\/www.bio-nickl.de\/wordpress\/wp-content\/uploads\/2020\/02\/Ikon-Stoffwechsel-N6.jpg\">jpg<\/a>]<\/span><\/li>\n<\/ul>\n<p>&nbsp;<\/p>\n<p><span style=\"color: #ff6600;\">Grundwissenlisten am Rupprecht-Gymnasium M\u00fcnchen f\u00fcr das G8 (5. Klasse bis Q12) und das G9 nach LehrplanPLUS: [<a style=\"color: #ff6600;\" href=\"https:\/\/www.rupprecht-gymnasium.de\/index.php\/profil\/faecher\/mint\/biologie\">Link<\/a>] (auf der rechten Seite)<br \/>\n<\/span><\/p>\n<p><strong>Nachhaltiges Waschen<\/strong>, 17.01.2020<span style=\"color: #ff6600;\"> [<a style=\"color: #ff6600;\" href=\"https:\/\/www.bio-nickl.de\/wordpress\/wp-content\/uploads\/2020\/01\/Waschmittel-Jan-2020-N2.pptx\">pptx<\/a>]<\/span><\/p>\n<p>Anregungen und Materialien zum Thema <strong>Biodiversit\u00e4t im Schulalltag<\/strong>: <a href=\"http:\/\/www.bisa100.de\"><span style=\"color: #ff6600;\">www.bisa100.de<\/span><\/a><\/p>\n<p><strong>Die Bienenseite<\/strong>: <a href=\"http:\/\/www.hobos.de\"><span style=\"color: #ff6600;\">www.hobos.de<\/span><\/a>. Bienenk\u00e4sten sind mit Sensoren und Kameras ausgestattet, die life Daten liefern. Diese Daten\u00a0 werden auch gespeichert und stehen \u00fcber den gesamten bisherigen Messzeitraum zur Verf\u00fcgung (als Zahlen, aber auch als beliebig kombinierbare Graphen in beliebigem Ma\u00dfstab).\u00a0 Mit dieser Webseite k\u00f6nnen die Sch\u00fcler forschen, aber auch lernen. (Nachtrag: Bestimmte Funktionen von Hobos sind seit 1.1.2020 nicht mehr in Betrief, weil die F\u00f6rdermittel ausgelaufen sind.)<\/p>\n<p>online-Angebote f\u00fcr den Biologieunterricht des Verbandes vbio (Links): <a href=\"http:\/\/www.vbio.de\/schule\/unterrichtsressourcen\/online-angebote\/\"><span style=\"color: #ff6600;\">www.vbio.de\/schule\/unterrichtsressourcen\/online-angebote\/<\/span><\/a><\/p>\n<p>Unterrichtsmaterial des Verbandes vbio Bayern (Autor: Franz Hammerl-Pfister): <span style=\"color: #ff6600;\"><a style=\"color: #ff6600;\" href=\"https:\/\/www.vbio.de\/bayern\/fortbildungsprogramm\/unterrichtsmaterial\/\">https:\/\/www.vbio.de\/bayern\/fortbildungsprogramm\/unterrichtsmaterial\/<\/a><\/span><\/p>\n<p>Apps zur <strong>Bestimmung<\/strong> wild lebender Pflanzen und Tiere (Tipps von Thomas Gerlach, Prien):<\/p>\n<ul>\n<li><span style=\"color: #ff6600;\">v. a. Kr\u00e4uter: Was bl\u00fcht denn da? <\/span><\/li>\n<li><span style=\"color: #ff6600;\">sehr gut f\u00fcr B\u00e4ume: PlantNet<\/span><\/li>\n<li><span style=\"color: #ff6600;\">V\u00f6gel: NABU Vogelf\u00fchrer<\/span><\/li>\n<li><span style=\"color: #ff6600;\">Vogelstimmen: Vogelstimmen id<\/span><\/li>\n<\/ul>\n<p>&nbsp;<\/p>\n","protected":false},"excerpt":{"rendered":"<p>Auf den Materialien-Seiten finden Sie Links zu meinen Unterrichtsmaterialien (und ein paar Tipps f\u00fcr Webseiten von Anderen). Viele davon sind auch an anderen Stellen auf dieser Webseite verlinkt, hier sind sie alle beisammen. Sie sind nach Stufen geordnet (und Lehrplan-Typen) sowie innerhalb der Stufen nach Themen (hierzu bitte oben anklicken). Ich habe bewusst eine Reihe &hellip; <\/p>\n<p class=\"link-more\"><a href=\"https:\/\/www.bio-nickl.de\/wordpress\/materialien\/\" class=\"more-link\"><span class=\"screen-reader-text\">\u201eMaterialien\u201c<\/span> weiterlesen<\/a><\/p>\n","protected":false},"author":1,"featured_media":0,"parent":0,"menu_order":0,"comment_status":"closed","ping_status":"closed","template":"","meta":{"om_disable_all_campaigns":false,"_monsterinsights_skip_tracking":false,"_monsterinsights_sitenote_active":false,"_monsterinsights_sitenote_note":"","_monsterinsights_sitenote_category":0,"footnotes":""},"class_list":["post-107","page","type-page","status-publish","hentry"],"aioseo_notices":[],"_links":{"self":[{"href":"https:\/\/www.bio-nickl.de\/wordpress\/wp-json\/wp\/v2\/pages\/107","targetHints":{"allow":["GET"]}}],"collection":[{"href":"https:\/\/www.bio-nickl.de\/wordpress\/wp-json\/wp\/v2\/pages"}],"about":[{"href":"https:\/\/www.bio-nickl.de\/wordpress\/wp-json\/wp\/v2\/types\/page"}],"author":[{"embeddable":true,"href":"https:\/\/www.bio-nickl.de\/wordpress\/wp-json\/wp\/v2\/users\/1"}],"replies":[{"embeddable":true,"href":"https:\/\/www.bio-nickl.de\/wordpress\/wp-json\/wp\/v2\/comments?post=107"}],"version-history":[{"count":42,"href":"https:\/\/www.bio-nickl.de\/wordpress\/wp-json\/wp\/v2\/pages\/107\/revisions"}],"predecessor-version":[{"id":6877,"href":"https:\/\/www.bio-nickl.de\/wordpress\/wp-json\/wp\/v2\/pages\/107\/revisions\/6877"}],"wp:attachment":[{"href":"https:\/\/www.bio-nickl.de\/wordpress\/wp-json\/wp\/v2\/media?parent=107"}],"curies":[{"name":"wp","href":"https:\/\/api.w.org\/{rel}","templated":true}]}}