{"id":150,"date":"2017-07-28T16:01:18","date_gmt":"2017-07-28T14:01:18","guid":{"rendered":"http:\/\/www.bio-nickl.de\/wordpress\/?page_id=150"},"modified":"2021-12-12T15:36:25","modified_gmt":"2021-12-12T14:36:25","slug":"did-meth-paed","status":"publish","type":"page","link":"https:\/\/www.bio-nickl.de\/wordpress\/did-meth-paed\/","title":{"rendered":"Did.Meth.P\u00e4d. Unterstufe LehrplanPLUS"},"content":{"rendered":"<p><strong>Didaktik\u2219Methodik\u2219P\u00e4dagogik in der Unterstufe <\/strong><strong>im LehrplanPLUS Bayern<br \/>\n<\/strong><\/p>\n<p>Hier werden die Besonderheiten der jeweiligen Klassenstufen aufgrund eigener, jahrzehntelanger Erfahrung beschrieben. In der 5. Jahrgangsstufe gibt es dabei so viel zu berichten, dass vier Skripten notwendig sind.<\/p>\n<p>Im Folgenden sind die einzelnen Skripten aufgelistet, die Sie ansteuern k\u00f6nnen, indem Sie oben in der Leiste zun\u00e4chst auf <strong>Did.Meth.P\u00e4d<\/strong> und dann auf das entsprechende Skript tippen.<\/p>\n<p><span style=\"color: #ff0000;\">Meine didaktisch-methodischen Ausf\u00fchrungen beziehen sich auf den Normalbetrieb bei voller Stundenzahl (in Pr\u00e4senz) und bei normalem Unterrichtsbetrieb in den Vorjahren. Durch Corona bedingte Einschr\u00e4nkungen m\u00fcssen Sie selbst in der Unterrichtsplanung ber\u00fccksichtigten, ebenso eventuell fehlendes Vorwissen.<\/span><\/p>\n<p>&nbsp;<\/p>\n<p>&nbsp;<\/p>\n<p>&nbsp;<\/p>\n","protected":false},"excerpt":{"rendered":"<p>Didaktik\u2219Methodik\u2219P\u00e4dagogik in der Unterstufe im LehrplanPLUS Bayern Hier werden die Besonderheiten der jeweiligen Klassenstufen aufgrund eigener, jahrzehntelanger Erfahrung beschrieben. In der 5. Jahrgangsstufe gibt es dabei so viel zu berichten, dass vier Skripten notwendig sind. Im Folgenden sind die einzelnen Skripten aufgelistet, die Sie ansteuern k\u00f6nnen, indem Sie oben in der Leiste zun\u00e4chst auf Did.Meth.P\u00e4d &hellip; <\/p>\n<p class=\"link-more\"><a href=\"https:\/\/www.bio-nickl.de\/wordpress\/did-meth-paed\/\" class=\"more-link\"><span class=\"screen-reader-text\">\u201eDid.Meth.P\u00e4d. Unterstufe LehrplanPLUS\u201c<\/span> weiterlesen<\/a><\/p>\n","protected":false},"author":1,"featured_media":0,"parent":0,"menu_order":0,"comment_status":"closed","ping_status":"closed","template":"","meta":{"om_disable_all_campaigns":false,"_monsterinsights_skip_tracking":false,"_monsterinsights_sitenote_active":false,"_monsterinsights_sitenote_note":"","_monsterinsights_sitenote_category":0,"footnotes":""},"class_list":["post-150","page","type-page","status-publish","hentry"],"aioseo_notices":[],"_links":{"self":[{"href":"https:\/\/www.bio-nickl.de\/wordpress\/wp-json\/wp\/v2\/pages\/150","targetHints":{"allow":["GET"]}}],"collection":[{"href":"https:\/\/www.bio-nickl.de\/wordpress\/wp-json\/wp\/v2\/pages"}],"about":[{"href":"https:\/\/www.bio-nickl.de\/wordpress\/wp-json\/wp\/v2\/types\/page"}],"author":[{"embeddable":true,"href":"https:\/\/www.bio-nickl.de\/wordpress\/wp-json\/wp\/v2\/users\/1"}],"replies":[{"embeddable":true,"href":"https:\/\/www.bio-nickl.de\/wordpress\/wp-json\/wp\/v2\/comments?post=150"}],"version-history":[{"count":17,"href":"https:\/\/www.bio-nickl.de\/wordpress\/wp-json\/wp\/v2\/pages\/150\/revisions"}],"predecessor-version":[{"id":6628,"href":"https:\/\/www.bio-nickl.de\/wordpress\/wp-json\/wp\/v2\/pages\/150\/revisions\/6628"}],"wp:attachment":[{"href":"https:\/\/www.bio-nickl.de\/wordpress\/wp-json\/wp\/v2\/media?parent=150"}],"curies":[{"name":"wp","href":"https:\/\/api.w.org\/{rel}","templated":true}]}}