{"id":1888,"date":"2018-03-27T11:53:08","date_gmt":"2018-03-27T09:53:08","guid":{"rendered":"http:\/\/www.bio-nickl.de\/wordpress\/?page_id=1888"},"modified":"2020-05-22T10:40:36","modified_gmt":"2020-05-22T08:40:36","slug":"erholung","status":"publish","type":"page","link":"https:\/\/www.bio-nickl.de\/wordpress\/erholung\/","title":{"rendered":"Erholung"},"content":{"rendered":"<p>Die Arbeitskraft zu erhalten, verlangt der Arbeitsvertrag von der verbeamteten Lehrkraft. Das bedeutet auch: sich nicht \u00fcberfordern, gen\u00fcgend Pausen einplanen und einhalten, auch mal ausspannen und etwas ganz anderes machen.<\/p>\n<p>Eine leider wenig bekannte, aber unglaublich effektive Methode der geistig-seelischen Erholung, wenn auch nur f\u00fcr M\u00e4nner, finden Sie hier: <span style=\"color: #ff6600;\">als Webseiten-Text unter &#8222;Erholung f\u00fcr M\u00e4nner&#8220; bzw. als [<a style=\"color: #ff6600;\" href=\"http:\/\/www.bio-nickl.de\/wordpress\/wp-content\/uploads\/2018\/03\/Info_Schlaraffia.docx\">word<\/a>] [<a style=\"color: #ff6600;\" href=\"http:\/\/www.bio-nickl.de\/wordpress\/wp-content\/uploads\/2018\/03\/Info_Schlaraffia_N.pdf\">pdf<\/a>].<\/span><\/p>\n<p><span style=\"color: #000000;\">Und hier gibt es noch nicht ganz ernst zu nehmende Werke von mir:<\/span><\/p>\n<p><strong>Karl Valentin zur Maskenpflicht wegen Corona<\/strong>: <span style=\"color: #ff6600;\">[<a style=\"color: #ff6600;\" href=\"https:\/\/www.bio-nickl.de\/wordpress\/wp-content\/uploads\/2020\/05\/Maskenpflicht.pdf\">pdf<\/a>]<\/span><\/p>\n<p><strong>Karant\u00e4ne ohne Kuh<\/strong>: <span style=\"color: #ff6600;\">[<a style=\"color: #ff6600;\" href=\"https:\/\/www.bio-nickl.de\/wordpress\/wp-content\/uploads\/2020\/05\/Karant\u00e4ne-ohne-Kuh.pdf\">pdf<\/a>]<\/span>. Der Text ist eigentlich f\u00fcr Schlaraffen geschrieben, deshalb muss ich zwei W\u00f6rter erkl\u00e4ren: &#8222;Uh\u00fa&#8220; (betont auf der zweiten Silbe) ist der Schirmer der Schlaraffia, in dessen Namen die Zusammenk\u00fcnfte stattfinden (bzw. w\u00e4hrend der Coronazeit eben nicht), und &#8222;Lulu&#8220; (ebenfalls betont auf der zweiten Silbe) ist unter anderem der schlaraffische Gru\u00df.<\/p>\n","protected":false},"excerpt":{"rendered":"<p>Die Arbeitskraft zu erhalten, verlangt der Arbeitsvertrag von der verbeamteten Lehrkraft. Das bedeutet auch: sich nicht \u00fcberfordern, gen\u00fcgend Pausen einplanen und einhalten, auch mal ausspannen und etwas ganz anderes machen. Eine leider wenig bekannte, aber unglaublich effektive Methode der geistig-seelischen Erholung, wenn auch nur f\u00fcr M\u00e4nner, finden Sie hier: als Webseiten-Text unter &#8222;Erholung f\u00fcr M\u00e4nner&#8220; &hellip; <\/p>\n<p class=\"link-more\"><a href=\"https:\/\/www.bio-nickl.de\/wordpress\/erholung\/\" class=\"more-link\"><span class=\"screen-reader-text\">\u201eErholung\u201c<\/span> weiterlesen<\/a><\/p>\n","protected":false},"author":1,"featured_media":0,"parent":0,"menu_order":0,"comment_status":"closed","ping_status":"closed","template":"","meta":{"om_disable_all_campaigns":false,"_monsterinsights_skip_tracking":false,"_monsterinsights_sitenote_active":false,"_monsterinsights_sitenote_note":"","_monsterinsights_sitenote_category":0,"footnotes":""},"class_list":["post-1888","page","type-page","status-publish","hentry"],"aioseo_notices":[],"_links":{"self":[{"href":"https:\/\/www.bio-nickl.de\/wordpress\/wp-json\/wp\/v2\/pages\/1888","targetHints":{"allow":["GET"]}}],"collection":[{"href":"https:\/\/www.bio-nickl.de\/wordpress\/wp-json\/wp\/v2\/pages"}],"about":[{"href":"https:\/\/www.bio-nickl.de\/wordpress\/wp-json\/wp\/v2\/types\/page"}],"author":[{"embeddable":true,"href":"https:\/\/www.bio-nickl.de\/wordpress\/wp-json\/wp\/v2\/users\/1"}],"replies":[{"embeddable":true,"href":"https:\/\/www.bio-nickl.de\/wordpress\/wp-json\/wp\/v2\/comments?post=1888"}],"version-history":[{"count":12,"href":"https:\/\/www.bio-nickl.de\/wordpress\/wp-json\/wp\/v2\/pages\/1888\/revisions"}],"predecessor-version":[{"id":5374,"href":"https:\/\/www.bio-nickl.de\/wordpress\/wp-json\/wp\/v2\/pages\/1888\/revisions\/5374"}],"wp:attachment":[{"href":"https:\/\/www.bio-nickl.de\/wordpress\/wp-json\/wp\/v2\/media?parent=1888"}],"curies":[{"name":"wp","href":"https:\/\/api.w.org\/{rel}","templated":true}]}}