{"id":2366,"date":"2018-07-18T15:08:59","date_gmt":"2018-07-18T13:08:59","guid":{"rendered":"http:\/\/www.bio-nickl.de\/wordpress\/?page_id=2366"},"modified":"2020-04-20T08:27:56","modified_gmt":"2020-04-20T06:27:56","slug":"fotos-bestaeubungs-arten","status":"publish","type":"page","link":"https:\/\/www.bio-nickl.de\/wordpress\/fotos-bestaeubungs-arten\/","title":{"rendered":"Photos Best\u00e4ubungs-Arten"},"content":{"rendered":"<p><a href=\"#irbesta\"><strong><span style=\"color: #0000ff;\">A Windbest\u00e4ubung<\/span><\/strong><\/a><\/p>\n<p><a href=\"#irbestb\"><strong><span style=\"color: #0000ff;\">B Tierbest\u00e4ubung<\/span><\/strong><\/a><\/p>\n<p>&nbsp;<\/p>\n<h1><span style=\"color: #0000ff;\"><strong><span id=\"irbesta\" class=\"sta-anchor \" aria-hidden=\"true\"><\/span>A\u00a0\u00a0\u00a0\u00a0\u00a0\u00a0 Windbest\u00e4ubung<\/strong><\/span><\/h1>\n<p><strong>Das Kn\u00e4uelgras (<em>Dactylis glomerata<\/em>)<\/strong><\/p>\n<p>Entgegen mancher Abbildungen in den Lehrb\u00fcchern halte ich wenig davon, in der Unterstufe beim Thema \u00d6kosystem Gr\u00fcnland Artenkenntnis einheimischer Gr\u00e4ser vermitteln zu wollen. Aller\u00addings sind Gr\u00e4ser typische Windbest\u00e4uber und verursachen mit ihrem heftigen Pollenflug auch verbreitete Allergie-Reaktionen, sollten also im Biologie-Unterricht nicht v\u00f6llig beiseite gelassen werden. Als Beispiel-Art bietet sich das Knaulgras (Gew\u00f6hnliches oder Wiesen-Kn\u00e4uelgras) an, denn es ist von allen heimischen Grasarten am leichtesteb und eindeutigsten wieder zu erkennen und zwar durch den abgespreizten \u201eDaumen\u201c. Der Gattungsname <em>Dactylis<\/em> verweist darauf (<em>daktylo<\/em>, altgriechisch: der Finger).<\/p>\n<p>Die Pflanze steht ab April auf Wiesen und Wegr\u00e4ndern; sie bl\u00fcht meist von Mai bis Juli. Wegen m\u00f6glicher Pollen-Allergie bei den Sch\u00fclern kann es sinnvoll sein, nicht mit Frisch-Material zu arbeiten, sondern nur mit Abbildungen.<\/p>\n<p>Die Fotos stammen von Ende Mai 2018; die Pollens\u00e4cke h\u00e4ngen weit heraus.<\/p>\n<div id='gallery-1' class='gallery galleryid-2366 gallery-columns-3 gallery-size-thumbnail'><figure class='gallery-item'>\n\t\t\t<div class='gallery-icon landscape'>\n\t\t\t\t<a href='https:\/\/www.bio-nickl.de\/wordpress\/fotos-bestaeubungs-arten\/olympus-digital-camera-23\/'><img loading=\"lazy\" decoding=\"async\" width=\"150\" height=\"150\" src=\"https:\/\/www.bio-nickl.de\/wordpress\/wp-content\/uploads\/2018\/07\/Knaulgras-6-150x150.jpg\" class=\"attachment-thumbnail size-thumbnail\" alt=\"\" aria-describedby=\"gallery-1-2371\" srcset=\"https:\/\/www.bio-nickl.de\/wordpress\/wp-content\/uploads\/2018\/07\/Knaulgras-6-150x150.jpg 150w, https:\/\/www.bio-nickl.de\/wordpress\/wp-content\/uploads\/2018\/07\/Knaulgras-6-100x100.jpg 100w\" sizes=\"auto, 100vw\" \/><\/a>\n\t\t\t<\/div>\n\t\t\t\t<figcaption class='wp-caption-text gallery-caption' id='gallery-1-2371'>\n\t\t\t\tKn\u00e4uelgras (Dactylis glomerata)\n\t\t\t\t<\/figcaption><\/figure><figure class='gallery-item'>\n\t\t\t<div class='gallery-icon portrait'>\n\t\t\t\t<a href='https:\/\/www.bio-nickl.de\/wordpress\/fotos-bestaeubungs-arten\/olympus-digital-camera-22\/'><img loading=\"lazy\" decoding=\"async\" width=\"150\" height=\"150\" src=\"https:\/\/www.bio-nickl.de\/wordpress\/wp-content\/uploads\/2018\/07\/Knaulgras-4-150x150.jpg\" class=\"attachment-thumbnail size-thumbnail\" alt=\"\" aria-describedby=\"gallery-1-2370\" srcset=\"https:\/\/www.bio-nickl.de\/wordpress\/wp-content\/uploads\/2018\/07\/Knaulgras-4-150x150.jpg 150w, https:\/\/www.bio-nickl.de\/wordpress\/wp-content\/uploads\/2018\/07\/Knaulgras-4-100x100.jpg 100w\" sizes=\"auto, 100vw\" \/><\/a>\n\t\t\t<\/div>\n\t\t\t\t<figcaption class='wp-caption-text gallery-caption' id='gallery-1-2370'>\n\t\t\t\tKn\u00e4uelgras (Dactylis glomerata)\n\t\t\t\t<\/figcaption><\/figure><figure class='gallery-item'>\n\t\t\t<div class='gallery-icon portrait'>\n\t\t\t\t<a href='https:\/\/www.bio-nickl.de\/wordpress\/fotos-bestaeubungs-arten\/olympus-digital-camera-21\/'><img loading=\"lazy\" decoding=\"async\" width=\"150\" height=\"150\" src=\"https:\/\/www.bio-nickl.de\/wordpress\/wp-content\/uploads\/2018\/07\/Knaulgras-3-150x150.jpg\" class=\"attachment-thumbnail size-thumbnail\" alt=\"\" aria-describedby=\"gallery-1-2369\" srcset=\"https:\/\/www.bio-nickl.de\/wordpress\/wp-content\/uploads\/2018\/07\/Knaulgras-3-150x150.jpg 150w, https:\/\/www.bio-nickl.de\/wordpress\/wp-content\/uploads\/2018\/07\/Knaulgras-3-100x100.jpg 100w\" sizes=\"auto, 100vw\" \/><\/a>\n\t\t\t<\/div>\n\t\t\t\t<figcaption class='wp-caption-text gallery-caption' id='gallery-1-2369'>\n\t\t\t\tKn\u00e4uelgras (Dactylis glomerata)\n\t\t\t\t<\/figcaption><\/figure><figure class='gallery-item'>\n\t\t\t<div class='gallery-icon landscape'>\n\t\t\t\t<a href='https:\/\/www.bio-nickl.de\/wordpress\/fotos-bestaeubungs-arten\/olympus-digital-camera-20\/'><img loading=\"lazy\" decoding=\"async\" width=\"150\" height=\"150\" src=\"https:\/\/www.bio-nickl.de\/wordpress\/wp-content\/uploads\/2018\/07\/Knaulgras-2-150x150.jpg\" class=\"attachment-thumbnail size-thumbnail\" alt=\"\" aria-describedby=\"gallery-1-2368\" srcset=\"https:\/\/www.bio-nickl.de\/wordpress\/wp-content\/uploads\/2018\/07\/Knaulgras-2-150x150.jpg 150w, https:\/\/www.bio-nickl.de\/wordpress\/wp-content\/uploads\/2018\/07\/Knaulgras-2-100x100.jpg 100w\" sizes=\"auto, 100vw\" \/><\/a>\n\t\t\t<\/div>\n\t\t\t\t<figcaption class='wp-caption-text gallery-caption' id='gallery-1-2368'>\n\t\t\t\tKn\u00e4uelgras (Dactylis glomerata)\n\t\t\t\t<\/figcaption><\/figure><figure class='gallery-item'>\n\t\t\t<div class='gallery-icon portrait'>\n\t\t\t\t<a href='https:\/\/www.bio-nickl.de\/wordpress\/fotos-bestaeubungs-arten\/olympus-digital-camera-19\/'><img loading=\"lazy\" decoding=\"async\" width=\"150\" height=\"150\" src=\"https:\/\/www.bio-nickl.de\/wordpress\/wp-content\/uploads\/2018\/07\/Knaulgras-1-150x150.jpg\" class=\"attachment-thumbnail size-thumbnail\" alt=\"\" aria-describedby=\"gallery-1-2367\" srcset=\"https:\/\/www.bio-nickl.de\/wordpress\/wp-content\/uploads\/2018\/07\/Knaulgras-1-150x150.jpg 150w, https:\/\/www.bio-nickl.de\/wordpress\/wp-content\/uploads\/2018\/07\/Knaulgras-1-100x100.jpg 100w\" sizes=\"auto, 100vw\" \/><\/a>\n\t\t\t<\/div>\n\t\t\t\t<figcaption class='wp-caption-text gallery-caption' id='gallery-1-2367'>\n\t\t\t\tKn\u00e4uelgras (Dactylis glomerata)\n\t\t\t\t<\/figcaption><\/figure><figure class='gallery-item'>\n\t\t\t<div class='gallery-icon portrait'>\n\t\t\t\t<a href='https:\/\/www.bio-nickl.de\/wordpress\/fotos-bestaeubungs-arten\/olympus-digital-camera-193\/'><img loading=\"lazy\" decoding=\"async\" width=\"150\" height=\"150\" src=\"https:\/\/www.bio-nickl.de\/wordpress\/wp-content\/uploads\/2018\/08\/Kn\u00e4uelgras-Fruchtstand-Anfang-August-150x150.jpg\" class=\"attachment-thumbnail size-thumbnail\" alt=\"\" aria-describedby=\"gallery-1-2732\" srcset=\"https:\/\/www.bio-nickl.de\/wordpress\/wp-content\/uploads\/2018\/08\/Kn\u00e4uelgras-Fruchtstand-Anfang-August-150x150.jpg 150w, https:\/\/www.bio-nickl.de\/wordpress\/wp-content\/uploads\/2018\/08\/Kn\u00e4uelgras-Fruchtstand-Anfang-August-100x100.jpg 100w\" sizes=\"auto, 100vw\" \/><\/a>\n\t\t\t<\/div>\n\t\t\t\t<figcaption class='wp-caption-text gallery-caption' id='gallery-1-2732'>\n\t\t\t\tKn\u00e4uelgras Fruchtstand, Anfang August\n\t\t\t\t<\/figcaption><\/figure>\n\t\t<\/div>\n\n<h1><strong><span style=\"color: #0000ff;\"><span id=\"irbestb\" class=\"sta-anchor \" aria-hidden=\"true\"><\/span>B\u00a0\u00a0\u00a0\u00a0\u00a0\u00a0 Tierbest\u00e4ubung<\/span><\/strong><\/h1>\n<p>In der Unterstufe gen\u00fcgt es, sich bei der Tierbest\u00e4ubung auf Insekten zu beschr\u00e4nken. Bilder auff\u00e4lliger Bl\u00fcten finden Sie auf den Seiten &#8222;Von der Bl\u00fcte zur Frucht&#8220; sowie &#8222;Pflanzenfamilien.<\/p>\n<p>Zus\u00e4tzlich finden Sie hier noch weitere Bilder :<\/p>\n<div id='gallery-2' class='gallery galleryid-2366 gallery-columns-3 gallery-size-thumbnail'><figure class='gallery-item'>\n\t\t\t<div class='gallery-icon landscape'>\n\t\t\t\t<a href='https:\/\/www.bio-nickl.de\/wordpress\/fotos-bestaeubungs-arten\/olympus-digital-camera-25\/'><img loading=\"lazy\" decoding=\"async\" width=\"150\" height=\"150\" src=\"https:\/\/www.bio-nickl.de\/wordpress\/wp-content\/uploads\/2018\/07\/Mohnbl\u00fcte-28.5.11-E-150x150.jpg\" class=\"attachment-thumbnail size-thumbnail\" alt=\"\" aria-describedby=\"gallery-2-2374\" srcset=\"https:\/\/www.bio-nickl.de\/wordpress\/wp-content\/uploads\/2018\/07\/Mohnbl\u00fcte-28.5.11-E-150x150.jpg 150w, https:\/\/www.bio-nickl.de\/wordpress\/wp-content\/uploads\/2018\/07\/Mohnbl\u00fcte-28.5.11-E-100x100.jpg 100w\" sizes=\"auto, 100vw\" \/><\/a>\n\t\t\t<\/div>\n\t\t\t\t<figcaption class='wp-caption-text gallery-caption' id='gallery-2-2374'>\n\t\t\t\tT\u00fcrkischer Mohn (Papaver orientale) mit Hummel\n\t\t\t\t<\/figcaption><\/figure><figure class='gallery-item'>\n\t\t\t<div class='gallery-icon landscape'>\n\t\t\t\t<a href='https:\/\/www.bio-nickl.de\/wordpress\/fotos-bestaeubungs-arten\/olympus-digital-camera-24\/'><img loading=\"lazy\" decoding=\"async\" width=\"150\" height=\"150\" src=\"https:\/\/www.bio-nickl.de\/wordpress\/wp-content\/uploads\/2018\/07\/2018.05.25-Mohn-150x150.jpg\" class=\"attachment-thumbnail size-thumbnail\" alt=\"\" aria-describedby=\"gallery-2-2373\" srcset=\"https:\/\/www.bio-nickl.de\/wordpress\/wp-content\/uploads\/2018\/07\/2018.05.25-Mohn-150x150.jpg 150w, https:\/\/www.bio-nickl.de\/wordpress\/wp-content\/uploads\/2018\/07\/2018.05.25-Mohn-100x100.jpg 100w\" sizes=\"auto, 100vw\" \/><\/a>\n\t\t\t<\/div>\n\t\t\t\t<figcaption class='wp-caption-text gallery-caption' id='gallery-2-2373'>\n\t\t\t\tT\u00fcrkischer Mohn (Papaver orientale)\n\t\t\t\t<\/figcaption><\/figure><figure class='gallery-item'>\n\t\t\t<div class='gallery-icon landscape'>\n\t\t\t\t<a href='https:\/\/www.bio-nickl.de\/wordpress\/fotos-bestaeubungs-arten\/olympus-digital-camera-188\/'><img loading=\"lazy\" decoding=\"async\" width=\"150\" height=\"150\" src=\"https:\/\/www.bio-nickl.de\/wordpress\/wp-content\/uploads\/2018\/08\/Biene-auf-Silphie-29.7.18-C-150x150.jpg\" class=\"attachment-thumbnail size-thumbnail\" alt=\"\" aria-describedby=\"gallery-2-2698\" srcset=\"https:\/\/www.bio-nickl.de\/wordpress\/wp-content\/uploads\/2018\/08\/Biene-auf-Silphie-29.7.18-C-150x150.jpg 150w, https:\/\/www.bio-nickl.de\/wordpress\/wp-content\/uploads\/2018\/08\/Biene-auf-Silphie-29.7.18-C-100x100.jpg 100w\" sizes=\"auto, 100vw\" \/><\/a>\n\t\t\t<\/div>\n\t\t\t\t<figcaption class='wp-caption-text gallery-caption' id='gallery-2-2698'>\n\t\t\t\tHonigbiene auf Becherblumen-Bl\u00fcte (Silphium perfoliatum)\n\t\t\t\t<\/figcaption><\/figure><figure class='gallery-item'>\n\t\t\t<div class='gallery-icon landscape'>\n\t\t\t\t<a href='https:\/\/www.bio-nickl.de\/wordpress\/fotos-botanik\/fotos-pflanzenfamilien\/2-9-16-silphie-vorm-haus-3\/'><img loading=\"lazy\" decoding=\"async\" width=\"150\" height=\"150\" src=\"https:\/\/www.bio-nickl.de\/wordpress\/wp-content\/uploads\/2018\/07\/2.9.16-Silphie-vorm-Haus-3-150x150.jpg\" class=\"attachment-thumbnail size-thumbnail\" alt=\"\" aria-describedby=\"gallery-2-2456\" srcset=\"https:\/\/www.bio-nickl.de\/wordpress\/wp-content\/uploads\/2018\/07\/2.9.16-Silphie-vorm-Haus-3-150x150.jpg 150w, https:\/\/www.bio-nickl.de\/wordpress\/wp-content\/uploads\/2018\/07\/2.9.16-Silphie-vorm-Haus-3-100x100.jpg 100w\" sizes=\"auto, 100vw\" \/><\/a>\n\t\t\t<\/div>\n\t\t\t\t<figcaption class='wp-caption-text gallery-caption' id='gallery-2-2456'>\n\t\t\t\tBecherblume (Silphium perfoliatum), Juli &#8211; Oktober; mit Insekten\n\t\t\t\t<\/figcaption><\/figure><figure class='gallery-item'>\n\t\t\t<div class='gallery-icon portrait'>\n\t\t\t\t<a href='https:\/\/www.bio-nickl.de\/wordpress\/olympus-digital-camera-76\/'><img loading=\"lazy\" decoding=\"async\" width=\"150\" height=\"150\" src=\"https:\/\/www.bio-nickl.de\/wordpress\/wp-content\/uploads\/2018\/07\/Feuerlilie-1-150x150.jpg\" class=\"attachment-thumbnail size-thumbnail\" alt=\"\" aria-describedby=\"gallery-2-2484\" srcset=\"https:\/\/www.bio-nickl.de\/wordpress\/wp-content\/uploads\/2018\/07\/Feuerlilie-1-150x150.jpg 150w, https:\/\/www.bio-nickl.de\/wordpress\/wp-content\/uploads\/2018\/07\/Feuerlilie-1-100x100.jpg 100w\" sizes=\"auto, 100vw\" \/><\/a>\n\t\t\t<\/div>\n\t\t\t\t<figcaption class='wp-caption-text gallery-caption' id='gallery-2-2484'>\n\t\t\t\tFeuerlilie (Lilium bulbiferum, hier eine Gartenform), Best\u00e4ubung durch Tagfalter\n\t\t\t\t<\/figcaption><\/figure><figure class='gallery-item'>\n\t\t\t<div class='gallery-icon landscape'>\n\t\t\t\t<a href='https:\/\/www.bio-nickl.de\/wordpress\/fotos-bestaeubungs-arten\/erdhummel-auf-dost\/'><img loading=\"lazy\" decoding=\"async\" width=\"150\" height=\"150\" src=\"https:\/\/www.bio-nickl.de\/wordpress\/wp-content\/uploads\/2018\/08\/Erdhummel-auf-Dost-150x150.jpg\" class=\"attachment-thumbnail size-thumbnail\" alt=\"\" aria-describedby=\"gallery-2-2716\" srcset=\"https:\/\/www.bio-nickl.de\/wordpress\/wp-content\/uploads\/2018\/08\/Erdhummel-auf-Dost-150x150.jpg 150w, https:\/\/www.bio-nickl.de\/wordpress\/wp-content\/uploads\/2018\/08\/Erdhummel-auf-Dost-100x100.jpg 100w\" sizes=\"auto, 100vw\" \/><\/a>\n\t\t\t<\/div>\n\t\t\t\t<figcaption class='wp-caption-text gallery-caption' id='gallery-2-2716'>\n\t\t\t\tErdhummel auf Dost\n\t\t\t\t<\/figcaption><\/figure><figure class='gallery-item'>\n\t\t\t<div class='gallery-icon portrait'>\n\t\t\t\t<a href='https:\/\/www.bio-nickl.de\/wordpress\/olympus-digital-camera-273\/'><img loading=\"lazy\" decoding=\"async\" width=\"150\" height=\"150\" src=\"https:\/\/www.bio-nickl.de\/wordpress\/wp-content\/uploads\/2020\/04\/19.4.20-Biene-auf-L\u00f6wenzahn-3-150x150.jpg\" class=\"attachment-thumbnail size-thumbnail\" alt=\"\" aria-describedby=\"gallery-2-5195\" srcset=\"https:\/\/www.bio-nickl.de\/wordpress\/wp-content\/uploads\/2020\/04\/19.4.20-Biene-auf-L\u00f6wenzahn-3-150x150.jpg 150w, https:\/\/www.bio-nickl.de\/wordpress\/wp-content\/uploads\/2020\/04\/19.4.20-Biene-auf-L\u00f6wenzahn-3-100x100.jpg 100w\" sizes=\"auto, 100vw\" \/><\/a>\n\t\t\t<\/div>\n\t\t\t\t<figcaption class='wp-caption-text gallery-caption' id='gallery-2-5195'>\n\t\t\t\tBiene auf L\u00f6wenzahn\n\t\t\t\t<\/figcaption><\/figure>\n\t\t<\/div>\n\n","protected":false},"excerpt":{"rendered":"<p>A Windbest\u00e4ubung B Tierbest\u00e4ubung &nbsp; A\u00a0\u00a0\u00a0\u00a0\u00a0\u00a0 Windbest\u00e4ubung Das Kn\u00e4uelgras (Dactylis glomerata) Entgegen mancher Abbildungen in den Lehrb\u00fcchern halte ich wenig davon, in der Unterstufe beim Thema \u00d6kosystem Gr\u00fcnland Artenkenntnis einheimischer Gr\u00e4ser vermitteln zu wollen. Aller\u00addings sind Gr\u00e4ser typische Windbest\u00e4uber und verursachen mit ihrem heftigen Pollenflug auch verbreitete Allergie-Reaktionen, sollten also im Biologie-Unterricht nicht v\u00f6llig beiseite &hellip; <\/p>\n<p class=\"link-more\"><a href=\"https:\/\/www.bio-nickl.de\/wordpress\/fotos-bestaeubungs-arten\/\" class=\"more-link\"><span class=\"screen-reader-text\">\u201ePhotos Best\u00e4ubungs-Arten\u201c<\/span> weiterlesen<\/a><\/p>\n","protected":false},"author":1,"featured_media":0,"parent":0,"menu_order":0,"comment_status":"closed","ping_status":"closed","template":"","meta":{"om_disable_all_campaigns":false,"_monsterinsights_skip_tracking":false,"_monsterinsights_sitenote_active":false,"_monsterinsights_sitenote_note":"","_monsterinsights_sitenote_category":0,"footnotes":""},"class_list":["post-2366","page","type-page","status-publish","hentry"],"aioseo_notices":[],"_links":{"self":[{"href":"https:\/\/www.bio-nickl.de\/wordpress\/wp-json\/wp\/v2\/pages\/2366","targetHints":{"allow":["GET"]}}],"collection":[{"href":"https:\/\/www.bio-nickl.de\/wordpress\/wp-json\/wp\/v2\/pages"}],"about":[{"href":"https:\/\/www.bio-nickl.de\/wordpress\/wp-json\/wp\/v2\/types\/page"}],"author":[{"embeddable":true,"href":"https:\/\/www.bio-nickl.de\/wordpress\/wp-json\/wp\/v2\/users\/1"}],"replies":[{"embeddable":true,"href":"https:\/\/www.bio-nickl.de\/wordpress\/wp-json\/wp\/v2\/comments?post=2366"}],"version-history":[{"count":13,"href":"https:\/\/www.bio-nickl.de\/wordpress\/wp-json\/wp\/v2\/pages\/2366\/revisions"}],"predecessor-version":[{"id":5196,"href":"https:\/\/www.bio-nickl.de\/wordpress\/wp-json\/wp\/v2\/pages\/2366\/revisions\/5196"}],"wp:attachment":[{"href":"https:\/\/www.bio-nickl.de\/wordpress\/wp-json\/wp\/v2\/media?parent=2366"}],"curies":[{"name":"wp","href":"https:\/\/api.w.org\/{rel}","templated":true}]}}