{"id":2489,"date":"2018-07-22T08:54:28","date_gmt":"2018-07-22T06:54:28","guid":{"rendered":"http:\/\/www.bio-nickl.de\/wordpress\/?page_id=2489"},"modified":"2019-03-10T09:34:53","modified_gmt":"2019-03-10T08:34:53","slug":"reizbarkeit-bluetenbewegung-beim-milchstern","status":"publish","type":"page","link":"https:\/\/www.bio-nickl.de\/wordpress\/reizbarkeit-bluetenbewegung-beim-milchstern\/","title":{"rendered":"Photos Reizbarkeit: Bl\u00fctenbewegung beim Milchstern"},"content":{"rendered":"<p>Der Milchstern (<em>Ornithogalum<\/em>) hat seine Bl\u00fcten nachts und am fr\u00fchen Vormittag geschlossen, \u00f6ffnet sie im Verlauf des sp\u00e4teren Vormittags und schlie\u00dft sie am Abend wieder. Die vorliegenden Aufnah\u00admen stammen von einem warmen, son\u00adni\u00adgen Sp\u00e4tfr\u00fch\u00adlingstag (25. Mai 2018).<\/p>\n<p><span style=\"color: #800080;\"><em>Hinweis: Fotos mit weiteren Bl\u00fctenbewegungen finden Sie auf der Seite &#8222;Fr\u00fchbl\u00fcher&#8220;.<\/em><\/span><\/p>\n<p><strong>Aufgaben f\u00fcr die Sch\u00fcler:<\/strong><\/p>\n<ul>\n<li>1\u00a0 Bildaussagen in Worten darstellen<\/li>\n<li>2\u00a0 Bildaussagen als Diagramm darstellen (halbquantitativ)<\/li>\n<\/ul>\n<div id='gallery-1' class='gallery galleryid-2489 gallery-columns-3 gallery-size-thumbnail'><figure class='gallery-item'>\n\t\t\t<div class='gallery-icon landscape'>\n\t\t\t\t<a href='https:\/\/www.bio-nickl.de\/wordpress\/reizbarkeit-bluetenbewegung-beim-milchstern\/olympus-digital-camera-91\/'><img loading=\"lazy\" decoding=\"async\" width=\"150\" height=\"150\" src=\"https:\/\/www.bio-nickl.de\/wordpress\/wp-content\/uploads\/2018\/07\/Milchstern-25.5.18-08.00-h-150x150.jpg\" class=\"attachment-thumbnail size-thumbnail\" alt=\"\" aria-describedby=\"gallery-1-2504\" srcset=\"https:\/\/www.bio-nickl.de\/wordpress\/wp-content\/uploads\/2018\/07\/Milchstern-25.5.18-08.00-h-150x150.jpg 150w, https:\/\/www.bio-nickl.de\/wordpress\/wp-content\/uploads\/2018\/07\/Milchstern-25.5.18-08.00-h-100x100.jpg 100w\" sizes=\"auto, 100vw\" \/><\/a>\n\t\t\t<\/div>\n\t\t\t\t<figcaption class='wp-caption-text gallery-caption' id='gallery-1-2504'>\n\t\t\t\t08:00 h\n\t\t\t\t<\/figcaption><\/figure><figure class='gallery-item'>\n\t\t\t<div class='gallery-icon landscape'>\n\t\t\t\t<a href='https:\/\/www.bio-nickl.de\/wordpress\/reizbarkeit-bluetenbewegung-beim-milchstern\/olympus-digital-camera-90\/'><img loading=\"lazy\" decoding=\"async\" width=\"150\" height=\"150\" src=\"https:\/\/www.bio-nickl.de\/wordpress\/wp-content\/uploads\/2018\/07\/Milchstern-25.5.18-09.30-h-150x150.jpg\" class=\"attachment-thumbnail size-thumbnail\" alt=\"\" aria-describedby=\"gallery-1-2503\" srcset=\"https:\/\/www.bio-nickl.de\/wordpress\/wp-content\/uploads\/2018\/07\/Milchstern-25.5.18-09.30-h-150x150.jpg 150w, https:\/\/www.bio-nickl.de\/wordpress\/wp-content\/uploads\/2018\/07\/Milchstern-25.5.18-09.30-h-100x100.jpg 100w\" sizes=\"auto, 100vw\" \/><\/a>\n\t\t\t<\/div>\n\t\t\t\t<figcaption class='wp-caption-text gallery-caption' id='gallery-1-2503'>\n\t\t\t\t09:30 h\n\t\t\t\t<\/figcaption><\/figure><figure class='gallery-item'>\n\t\t\t<div class='gallery-icon landscape'>\n\t\t\t\t<a href='https:\/\/www.bio-nickl.de\/wordpress\/reizbarkeit-bluetenbewegung-beim-milchstern\/olympus-digital-camera-89\/'><img loading=\"lazy\" decoding=\"async\" width=\"150\" height=\"150\" src=\"https:\/\/www.bio-nickl.de\/wordpress\/wp-content\/uploads\/2018\/07\/Milchstern-25.5.18-10.00-h-150x150.jpg\" class=\"attachment-thumbnail size-thumbnail\" alt=\"\" aria-describedby=\"gallery-1-2502\" srcset=\"https:\/\/www.bio-nickl.de\/wordpress\/wp-content\/uploads\/2018\/07\/Milchstern-25.5.18-10.00-h-150x150.jpg 150w, https:\/\/www.bio-nickl.de\/wordpress\/wp-content\/uploads\/2018\/07\/Milchstern-25.5.18-10.00-h-100x100.jpg 100w\" sizes=\"auto, 100vw\" \/><\/a>\n\t\t\t<\/div>\n\t\t\t\t<figcaption class='wp-caption-text gallery-caption' id='gallery-1-2502'>\n\t\t\t\t10:00 h\n\t\t\t\t<\/figcaption><\/figure><figure class='gallery-item'>\n\t\t\t<div class='gallery-icon landscape'>\n\t\t\t\t<a href='https:\/\/www.bio-nickl.de\/wordpress\/reizbarkeit-bluetenbewegung-beim-milchstern\/olympus-digital-camera-88\/'><img loading=\"lazy\" decoding=\"async\" width=\"150\" height=\"150\" src=\"https:\/\/www.bio-nickl.de\/wordpress\/wp-content\/uploads\/2018\/07\/Milchstern-25.5.18-10.30-h-150x150.jpg\" class=\"attachment-thumbnail size-thumbnail\" alt=\"\" aria-describedby=\"gallery-1-2501\" srcset=\"https:\/\/www.bio-nickl.de\/wordpress\/wp-content\/uploads\/2018\/07\/Milchstern-25.5.18-10.30-h-150x150.jpg 150w, https:\/\/www.bio-nickl.de\/wordpress\/wp-content\/uploads\/2018\/07\/Milchstern-25.5.18-10.30-h-100x100.jpg 100w\" sizes=\"auto, 100vw\" \/><\/a>\n\t\t\t<\/div>\n\t\t\t\t<figcaption class='wp-caption-text gallery-caption' id='gallery-1-2501'>\n\t\t\t\t10:30 h\n\t\t\t\t<\/figcaption><\/figure><figure class='gallery-item'>\n\t\t\t<div class='gallery-icon landscape'>\n\t\t\t\t<a href='https:\/\/www.bio-nickl.de\/wordpress\/reizbarkeit-bluetenbewegung-beim-milchstern\/olympus-digital-camera-87\/'><img loading=\"lazy\" decoding=\"async\" width=\"150\" height=\"150\" src=\"https:\/\/www.bio-nickl.de\/wordpress\/wp-content\/uploads\/2018\/07\/Milchstern-25.5.18-10.45-h-150x150.jpg\" class=\"attachment-thumbnail size-thumbnail\" alt=\"\" aria-describedby=\"gallery-1-2500\" srcset=\"https:\/\/www.bio-nickl.de\/wordpress\/wp-content\/uploads\/2018\/07\/Milchstern-25.5.18-10.45-h-150x150.jpg 150w, https:\/\/www.bio-nickl.de\/wordpress\/wp-content\/uploads\/2018\/07\/Milchstern-25.5.18-10.45-h-100x100.jpg 100w\" sizes=\"auto, 100vw\" \/><\/a>\n\t\t\t<\/div>\n\t\t\t\t<figcaption class='wp-caption-text gallery-caption' id='gallery-1-2500'>\n\t\t\t\t10:45 h\n\t\t\t\t<\/figcaption><\/figure><figure class='gallery-item'>\n\t\t\t<div class='gallery-icon landscape'>\n\t\t\t\t<a href='https:\/\/www.bio-nickl.de\/wordpress\/reizbarkeit-bluetenbewegung-beim-milchstern\/olympus-digital-camera-86\/'><img loading=\"lazy\" decoding=\"async\" width=\"150\" height=\"150\" src=\"https:\/\/www.bio-nickl.de\/wordpress\/wp-content\/uploads\/2018\/07\/Milchstern-25.5.18-11.00-h-150x150.jpg\" class=\"attachment-thumbnail size-thumbnail\" alt=\"\" aria-describedby=\"gallery-1-2499\" srcset=\"https:\/\/www.bio-nickl.de\/wordpress\/wp-content\/uploads\/2018\/07\/Milchstern-25.5.18-11.00-h-150x150.jpg 150w, https:\/\/www.bio-nickl.de\/wordpress\/wp-content\/uploads\/2018\/07\/Milchstern-25.5.18-11.00-h-100x100.jpg 100w\" sizes=\"auto, 100vw\" \/><\/a>\n\t\t\t<\/div>\n\t\t\t\t<figcaption class='wp-caption-text gallery-caption' id='gallery-1-2499'>\n\t\t\t\t11:00 h\n\t\t\t\t<\/figcaption><\/figure><figure class='gallery-item'>\n\t\t\t<div class='gallery-icon landscape'>\n\t\t\t\t<a href='https:\/\/www.bio-nickl.de\/wordpress\/reizbarkeit-bluetenbewegung-beim-milchstern\/olympus-digital-camera-85\/'><img loading=\"lazy\" decoding=\"async\" width=\"150\" height=\"150\" src=\"https:\/\/www.bio-nickl.de\/wordpress\/wp-content\/uploads\/2018\/07\/Milchstern-25.5.18-11.15-h-150x150.jpg\" class=\"attachment-thumbnail size-thumbnail\" alt=\"\" aria-describedby=\"gallery-1-2498\" srcset=\"https:\/\/www.bio-nickl.de\/wordpress\/wp-content\/uploads\/2018\/07\/Milchstern-25.5.18-11.15-h-150x150.jpg 150w, https:\/\/www.bio-nickl.de\/wordpress\/wp-content\/uploads\/2018\/07\/Milchstern-25.5.18-11.15-h-100x100.jpg 100w\" sizes=\"auto, 100vw\" \/><\/a>\n\t\t\t<\/div>\n\t\t\t\t<figcaption class='wp-caption-text gallery-caption' id='gallery-1-2498'>\n\t\t\t\t11:15 h\n\t\t\t\t<\/figcaption><\/figure><figure class='gallery-item'>\n\t\t\t<div class='gallery-icon landscape'>\n\t\t\t\t<a href='https:\/\/www.bio-nickl.de\/wordpress\/reizbarkeit-bluetenbewegung-beim-milchstern\/olympus-digital-camera-84\/'><img loading=\"lazy\" decoding=\"async\" width=\"150\" height=\"150\" src=\"https:\/\/www.bio-nickl.de\/wordpress\/wp-content\/uploads\/2018\/07\/Milchstern-25.5.18-12.00-h-150x150.jpg\" class=\"attachment-thumbnail size-thumbnail\" alt=\"\" aria-describedby=\"gallery-1-2497\" srcset=\"https:\/\/www.bio-nickl.de\/wordpress\/wp-content\/uploads\/2018\/07\/Milchstern-25.5.18-12.00-h-150x150.jpg 150w, https:\/\/www.bio-nickl.de\/wordpress\/wp-content\/uploads\/2018\/07\/Milchstern-25.5.18-12.00-h-100x100.jpg 100w\" sizes=\"auto, 100vw\" \/><\/a>\n\t\t\t<\/div>\n\t\t\t\t<figcaption class='wp-caption-text gallery-caption' id='gallery-1-2497'>\n\t\t\t\t12:00 h\n\t\t\t\t<\/figcaption><\/figure><figure class='gallery-item'>\n\t\t\t<div class='gallery-icon landscape'>\n\t\t\t\t<a href='https:\/\/www.bio-nickl.de\/wordpress\/reizbarkeit-bluetenbewegung-beim-milchstern\/olympus-digital-camera-83\/'><img loading=\"lazy\" decoding=\"async\" width=\"150\" height=\"150\" src=\"https:\/\/www.bio-nickl.de\/wordpress\/wp-content\/uploads\/2018\/07\/Milchstern-25.5.18-13.00-h-150x150.jpg\" class=\"attachment-thumbnail size-thumbnail\" alt=\"\" aria-describedby=\"gallery-1-2496\" srcset=\"https:\/\/www.bio-nickl.de\/wordpress\/wp-content\/uploads\/2018\/07\/Milchstern-25.5.18-13.00-h-150x150.jpg 150w, https:\/\/www.bio-nickl.de\/wordpress\/wp-content\/uploads\/2018\/07\/Milchstern-25.5.18-13.00-h-100x100.jpg 100w\" sizes=\"auto, 100vw\" \/><\/a>\n\t\t\t<\/div>\n\t\t\t\t<figcaption class='wp-caption-text gallery-caption' id='gallery-1-2496'>\n\t\t\t\t13:00 h\n\t\t\t\t<\/figcaption><\/figure><figure class='gallery-item'>\n\t\t\t<div class='gallery-icon landscape'>\n\t\t\t\t<a href='https:\/\/www.bio-nickl.de\/wordpress\/reizbarkeit-bluetenbewegung-beim-milchstern\/olympus-digital-camera-82\/'><img loading=\"lazy\" decoding=\"async\" width=\"150\" height=\"150\" src=\"https:\/\/www.bio-nickl.de\/wordpress\/wp-content\/uploads\/2018\/07\/Milchstern-25.5.18-18.30-h-150x150.jpg\" class=\"attachment-thumbnail size-thumbnail\" alt=\"\" aria-describedby=\"gallery-1-2495\" srcset=\"https:\/\/www.bio-nickl.de\/wordpress\/wp-content\/uploads\/2018\/07\/Milchstern-25.5.18-18.30-h-150x150.jpg 150w, https:\/\/www.bio-nickl.de\/wordpress\/wp-content\/uploads\/2018\/07\/Milchstern-25.5.18-18.30-h-100x100.jpg 100w\" sizes=\"auto, 100vw\" \/><\/a>\n\t\t\t<\/div>\n\t\t\t\t<figcaption class='wp-caption-text gallery-caption' id='gallery-1-2495'>\n\t\t\t\t18:30 h\n\t\t\t\t<\/figcaption><\/figure><figure class='gallery-item'>\n\t\t\t<div class='gallery-icon landscape'>\n\t\t\t\t<a href='https:\/\/www.bio-nickl.de\/wordpress\/reizbarkeit-bluetenbewegung-beim-milchstern\/olympus-digital-camera-81\/'><img loading=\"lazy\" decoding=\"async\" width=\"150\" height=\"150\" src=\"https:\/\/www.bio-nickl.de\/wordpress\/wp-content\/uploads\/2018\/07\/Milchstern-25.5.18-18.45-h-150x150.jpg\" class=\"attachment-thumbnail size-thumbnail\" alt=\"\" aria-describedby=\"gallery-1-2494\" srcset=\"https:\/\/www.bio-nickl.de\/wordpress\/wp-content\/uploads\/2018\/07\/Milchstern-25.5.18-18.45-h-150x150.jpg 150w, https:\/\/www.bio-nickl.de\/wordpress\/wp-content\/uploads\/2018\/07\/Milchstern-25.5.18-18.45-h-100x100.jpg 100w\" sizes=\"auto, 100vw\" \/><\/a>\n\t\t\t<\/div>\n\t\t\t\t<figcaption class='wp-caption-text gallery-caption' id='gallery-1-2494'>\n\t\t\t\t18:45 h\n\t\t\t\t<\/figcaption><\/figure><figure class='gallery-item'>\n\t\t\t<div class='gallery-icon landscape'>\n\t\t\t\t<a href='https:\/\/www.bio-nickl.de\/wordpress\/reizbarkeit-bluetenbewegung-beim-milchstern\/olympus-digital-camera-80\/'><img loading=\"lazy\" decoding=\"async\" width=\"150\" height=\"150\" src=\"https:\/\/www.bio-nickl.de\/wordpress\/wp-content\/uploads\/2018\/07\/Milchstern-25.5.18-19.00-h-150x150.jpg\" class=\"attachment-thumbnail size-thumbnail\" alt=\"\" aria-describedby=\"gallery-1-2493\" srcset=\"https:\/\/www.bio-nickl.de\/wordpress\/wp-content\/uploads\/2018\/07\/Milchstern-25.5.18-19.00-h-150x150.jpg 150w, https:\/\/www.bio-nickl.de\/wordpress\/wp-content\/uploads\/2018\/07\/Milchstern-25.5.18-19.00-h-100x100.jpg 100w\" sizes=\"auto, 100vw\" \/><\/a>\n\t\t\t<\/div>\n\t\t\t\t<figcaption class='wp-caption-text gallery-caption' id='gallery-1-2493'>\n\t\t\t\t19:00 h\n\t\t\t\t<\/figcaption><\/figure><figure class='gallery-item'>\n\t\t\t<div class='gallery-icon landscape'>\n\t\t\t\t<a href='https:\/\/www.bio-nickl.de\/wordpress\/reizbarkeit-bluetenbewegung-beim-milchstern\/olympus-digital-camera-79\/'><img loading=\"lazy\" decoding=\"async\" width=\"150\" height=\"150\" src=\"https:\/\/www.bio-nickl.de\/wordpress\/wp-content\/uploads\/2018\/07\/Milchstern-25.5.18-19.15-h-150x150.jpg\" class=\"attachment-thumbnail size-thumbnail\" alt=\"\" aria-describedby=\"gallery-1-2492\" srcset=\"https:\/\/www.bio-nickl.de\/wordpress\/wp-content\/uploads\/2018\/07\/Milchstern-25.5.18-19.15-h-150x150.jpg 150w, https:\/\/www.bio-nickl.de\/wordpress\/wp-content\/uploads\/2018\/07\/Milchstern-25.5.18-19.15-h-100x100.jpg 100w\" sizes=\"auto, 100vw\" \/><\/a>\n\t\t\t<\/div>\n\t\t\t\t<figcaption class='wp-caption-text gallery-caption' id='gallery-1-2492'>\n\t\t\t\t19:15 h\n\t\t\t\t<\/figcaption><\/figure><figure class='gallery-item'>\n\t\t\t<div class='gallery-icon landscape'>\n\t\t\t\t<a href='https:\/\/www.bio-nickl.de\/wordpress\/reizbarkeit-bluetenbewegung-beim-milchstern\/olympus-digital-camera-78\/'><img loading=\"lazy\" decoding=\"async\" width=\"150\" height=\"150\" src=\"https:\/\/www.bio-nickl.de\/wordpress\/wp-content\/uploads\/2018\/07\/Milchstern-25.5.18-19.30-h-150x150.jpg\" class=\"attachment-thumbnail size-thumbnail\" alt=\"\" aria-describedby=\"gallery-1-2491\" srcset=\"https:\/\/www.bio-nickl.de\/wordpress\/wp-content\/uploads\/2018\/07\/Milchstern-25.5.18-19.30-h-150x150.jpg 150w, https:\/\/www.bio-nickl.de\/wordpress\/wp-content\/uploads\/2018\/07\/Milchstern-25.5.18-19.30-h-100x100.jpg 100w\" sizes=\"auto, 100vw\" \/><\/a>\n\t\t\t<\/div>\n\t\t\t\t<figcaption class='wp-caption-text gallery-caption' id='gallery-1-2491'>\n\t\t\t\t19:30 h\n\t\t\t\t<\/figcaption><\/figure>\n\t\t<\/div>\n\n","protected":false},"excerpt":{"rendered":"<p>Der Milchstern (Ornithogalum) hat seine Bl\u00fcten nachts und am fr\u00fchen Vormittag geschlossen, \u00f6ffnet sie im Verlauf des sp\u00e4teren Vormittags und schlie\u00dft sie am Abend wieder. Die vorliegenden Aufnah\u00admen stammen von einem warmen, son\u00adni\u00adgen Sp\u00e4tfr\u00fch\u00adlingstag (25. Mai 2018). Hinweis: Fotos mit weiteren Bl\u00fctenbewegungen finden Sie auf der Seite &#8222;Fr\u00fchbl\u00fcher&#8220;. Aufgaben f\u00fcr die Sch\u00fcler: 1\u00a0 Bildaussagen in &hellip; <\/p>\n<p class=\"link-more\"><a href=\"https:\/\/www.bio-nickl.de\/wordpress\/reizbarkeit-bluetenbewegung-beim-milchstern\/\" class=\"more-link\"><span class=\"screen-reader-text\">\u201ePhotos Reizbarkeit: Bl\u00fctenbewegung beim Milchstern\u201c<\/span> weiterlesen<\/a><\/p>\n","protected":false},"author":1,"featured_media":0,"parent":0,"menu_order":0,"comment_status":"closed","ping_status":"closed","template":"","meta":{"om_disable_all_campaigns":false,"_monsterinsights_skip_tracking":false,"_monsterinsights_sitenote_active":false,"_monsterinsights_sitenote_note":"","_monsterinsights_sitenote_category":0,"footnotes":""},"class_list":["post-2489","page","type-page","status-publish","hentry"],"aioseo_notices":[],"_links":{"self":[{"href":"https:\/\/www.bio-nickl.de\/wordpress\/wp-json\/wp\/v2\/pages\/2489","targetHints":{"allow":["GET"]}}],"collection":[{"href":"https:\/\/www.bio-nickl.de\/wordpress\/wp-json\/wp\/v2\/pages"}],"about":[{"href":"https:\/\/www.bio-nickl.de\/wordpress\/wp-json\/wp\/v2\/types\/page"}],"author":[{"embeddable":true,"href":"https:\/\/www.bio-nickl.de\/wordpress\/wp-json\/wp\/v2\/users\/1"}],"replies":[{"embeddable":true,"href":"https:\/\/www.bio-nickl.de\/wordpress\/wp-json\/wp\/v2\/comments?post=2489"}],"version-history":[{"count":5,"href":"https:\/\/www.bio-nickl.de\/wordpress\/wp-json\/wp\/v2\/pages\/2489\/revisions"}],"predecessor-version":[{"id":3469,"href":"https:\/\/www.bio-nickl.de\/wordpress\/wp-json\/wp\/v2\/pages\/2489\/revisions\/3469"}],"wp:attachment":[{"href":"https:\/\/www.bio-nickl.de\/wordpress\/wp-json\/wp\/v2\/media?parent=2489"}],"curies":[{"name":"wp","href":"https:\/\/api.w.org\/{rel}","templated":true}]}}