{"id":2514,"date":"2018-07-22T09:07:36","date_gmt":"2018-07-22T07:07:36","guid":{"rendered":"http:\/\/www.bio-nickl.de\/wordpress\/?page_id=2514"},"modified":"2018-09-16T12:32:51","modified_gmt":"2018-09-16T10:32:51","slug":"fotos-glockenblumen-als-indikator","status":"publish","type":"page","link":"https:\/\/www.bio-nickl.de\/wordpress\/fotos-glockenblumen-als-indikator\/","title":{"rendered":"Photos Glockenblumen als Indikator"},"content":{"rendered":"<p>Wenn die Sch\u00fcler mit Blaukrautsaft einen S\u00e4ure-Base-Indikator kennengelernt haben, k\u00f6nnen sie als (freiwillige) Hausaufgabe die Bl\u00fcten von Glockenblumen (<em>Campanula<\/em>) auf ihre Eigen\u00adschaften als Indikator testen, indem sie diese auf einen Ameisenbau oder eine Ameisenstra\u00dfe legen. Die Ameisen attakieren sofort den vermeintlichen Angreifer mit Ameisens\u00e4ure, die f\u00fcr eine rosa F\u00e4rbung der sonst blauvioletten Bl\u00fcten sorgt.<\/p>\n<p>Bei den vorliegenden Aufnahmen wurde direkt vor dem Auflegen der Bl\u00fcten die oberste Schicht des Ameisenbaus entfernt, so dass einige Puppen frei lagen. Bei jeder Aufnahme steht die Zeitspanne, die seit dem Auflegen vergangen ist.<\/p>\n<p>Die Sch\u00fcler sollen beschreiben, was sich von Bild zu Bild \u00e4ndert wie Anzahl und Gr\u00f6\u00dfe der rosa Fl\u00e4chen, Anzahl der Ameisen-Puppen (die eifrig in tiefere Bereiche des Baus geschafft werden).<\/p>\n<div id='gallery-1' class='gallery galleryid-2514 gallery-columns-3 gallery-size-thumbnail'><figure class='gallery-item'>\n\t\t\t<div class='gallery-icon landscape'>\n\t\t\t\t<a href='https:\/\/www.bio-nickl.de\/wordpress\/fotos-glockenblumen-als-indikator\/olympus-digital-camera-98\/'><img loading=\"lazy\" decoding=\"async\" width=\"150\" height=\"150\" src=\"https:\/\/www.bio-nickl.de\/wordpress\/wp-content\/uploads\/2018\/07\/Glockenblumen-0.5-Min-150x150.jpg\" class=\"attachment-thumbnail size-thumbnail\" alt=\"\" aria-describedby=\"gallery-1-2528\" srcset=\"https:\/\/www.bio-nickl.de\/wordpress\/wp-content\/uploads\/2018\/07\/Glockenblumen-0.5-Min-150x150.jpg 150w, https:\/\/www.bio-nickl.de\/wordpress\/wp-content\/uploads\/2018\/07\/Glockenblumen-0.5-Min-100x100.jpg 100w\" sizes=\"auto, 100vw\" \/><\/a>\n\t\t\t<\/div>\n\t\t\t\t<figcaption class='wp-caption-text gallery-caption' id='gallery-1-2528'>\n\t\t\t\t0,5 min\n\t\t\t\t<\/figcaption><\/figure><figure class='gallery-item'>\n\t\t\t<div class='gallery-icon landscape'>\n\t\t\t\t<a href='https:\/\/www.bio-nickl.de\/wordpress\/fotos-glockenblumen-als-indikator\/olympus-digital-camera-97\/'><img loading=\"lazy\" decoding=\"async\" width=\"150\" height=\"150\" src=\"https:\/\/www.bio-nickl.de\/wordpress\/wp-content\/uploads\/2018\/07\/Glockenblumen-1-Min-150x150.jpg\" class=\"attachment-thumbnail size-thumbnail\" alt=\"\" aria-describedby=\"gallery-1-2527\" srcset=\"https:\/\/www.bio-nickl.de\/wordpress\/wp-content\/uploads\/2018\/07\/Glockenblumen-1-Min-150x150.jpg 150w, https:\/\/www.bio-nickl.de\/wordpress\/wp-content\/uploads\/2018\/07\/Glockenblumen-1-Min-100x100.jpg 100w\" sizes=\"auto, 100vw\" \/><\/a>\n\t\t\t<\/div>\n\t\t\t\t<figcaption class='wp-caption-text gallery-caption' id='gallery-1-2527'>\n\t\t\t\t1 min\n\t\t\t\t<\/figcaption><\/figure><figure class='gallery-item'>\n\t\t\t<div class='gallery-icon landscape'>\n\t\t\t\t<a href='https:\/\/www.bio-nickl.de\/wordpress\/fotos-glockenblumen-als-indikator\/olympus-digital-camera-96\/'><img loading=\"lazy\" decoding=\"async\" width=\"150\" height=\"150\" src=\"https:\/\/www.bio-nickl.de\/wordpress\/wp-content\/uploads\/2018\/07\/Glockenblumen-5-Min-150x150.jpg\" class=\"attachment-thumbnail size-thumbnail\" alt=\"\" aria-describedby=\"gallery-1-2526\" srcset=\"https:\/\/www.bio-nickl.de\/wordpress\/wp-content\/uploads\/2018\/07\/Glockenblumen-5-Min-150x150.jpg 150w, https:\/\/www.bio-nickl.de\/wordpress\/wp-content\/uploads\/2018\/07\/Glockenblumen-5-Min-100x100.jpg 100w\" sizes=\"auto, 100vw\" \/><\/a>\n\t\t\t<\/div>\n\t\t\t\t<figcaption class='wp-caption-text gallery-caption' id='gallery-1-2526'>\n\t\t\t\t5 min\n\t\t\t\t<\/figcaption><\/figure><figure class='gallery-item'>\n\t\t\t<div class='gallery-icon landscape'>\n\t\t\t\t<a href='https:\/\/www.bio-nickl.de\/wordpress\/fotos-glockenblumen-als-indikator\/olympus-digital-camera-95\/'><img loading=\"lazy\" decoding=\"async\" width=\"150\" height=\"150\" src=\"https:\/\/www.bio-nickl.de\/wordpress\/wp-content\/uploads\/2018\/07\/Glockenblumen-10-Min-150x150.jpg\" class=\"attachment-thumbnail size-thumbnail\" alt=\"\" aria-describedby=\"gallery-1-2525\" srcset=\"https:\/\/www.bio-nickl.de\/wordpress\/wp-content\/uploads\/2018\/07\/Glockenblumen-10-Min-150x150.jpg 150w, https:\/\/www.bio-nickl.de\/wordpress\/wp-content\/uploads\/2018\/07\/Glockenblumen-10-Min-100x100.jpg 100w\" sizes=\"auto, 100vw\" \/><\/a>\n\t\t\t<\/div>\n\t\t\t\t<figcaption class='wp-caption-text gallery-caption' id='gallery-1-2525'>\n\t\t\t\t10 min\n\t\t\t\t<\/figcaption><\/figure><figure class='gallery-item'>\n\t\t\t<div class='gallery-icon landscape'>\n\t\t\t\t<a href='https:\/\/www.bio-nickl.de\/wordpress\/fotos-glockenblumen-als-indikator\/olympus-digital-camera-94\/'><img loading=\"lazy\" decoding=\"async\" width=\"150\" height=\"150\" src=\"https:\/\/www.bio-nickl.de\/wordpress\/wp-content\/uploads\/2018\/07\/Glockenblumen-15-Min-150x150.jpg\" class=\"attachment-thumbnail size-thumbnail\" alt=\"\" aria-describedby=\"gallery-1-2524\" srcset=\"https:\/\/www.bio-nickl.de\/wordpress\/wp-content\/uploads\/2018\/07\/Glockenblumen-15-Min-150x150.jpg 150w, https:\/\/www.bio-nickl.de\/wordpress\/wp-content\/uploads\/2018\/07\/Glockenblumen-15-Min-100x100.jpg 100w\" sizes=\"auto, 100vw\" \/><\/a>\n\t\t\t<\/div>\n\t\t\t\t<figcaption class='wp-caption-text gallery-caption' id='gallery-1-2524'>\n\t\t\t\t15 min\n\t\t\t\t<\/figcaption><\/figure><figure class='gallery-item'>\n\t\t\t<div class='gallery-icon landscape'>\n\t\t\t\t<a href='https:\/\/www.bio-nickl.de\/wordpress\/fotos-glockenblumen-als-indikator\/olympus-digital-camera-93\/'><img loading=\"lazy\" decoding=\"async\" width=\"150\" height=\"150\" src=\"https:\/\/www.bio-nickl.de\/wordpress\/wp-content\/uploads\/2018\/07\/Glockenblumen-20-Min-150x150.jpg\" class=\"attachment-thumbnail size-thumbnail\" alt=\"\" aria-describedby=\"gallery-1-2523\" srcset=\"https:\/\/www.bio-nickl.de\/wordpress\/wp-content\/uploads\/2018\/07\/Glockenblumen-20-Min-150x150.jpg 150w, https:\/\/www.bio-nickl.de\/wordpress\/wp-content\/uploads\/2018\/07\/Glockenblumen-20-Min-100x100.jpg 100w\" sizes=\"auto, 100vw\" \/><\/a>\n\t\t\t<\/div>\n\t\t\t\t<figcaption class='wp-caption-text gallery-caption' id='gallery-1-2523'>\n\t\t\t\t20 min\n\t\t\t\t<\/figcaption><\/figure><figure class='gallery-item'>\n\t\t\t<div class='gallery-icon landscape'>\n\t\t\t\t<a href='https:\/\/www.bio-nickl.de\/wordpress\/fotos-glockenblumen-als-indikator\/olympus-digital-camera-92\/'><img loading=\"lazy\" decoding=\"async\" width=\"150\" height=\"150\" src=\"https:\/\/www.bio-nickl.de\/wordpress\/wp-content\/uploads\/2018\/07\/Glockenblumen-25-Min-150x150.jpg\" class=\"attachment-thumbnail size-thumbnail\" alt=\"\" aria-describedby=\"gallery-1-2521\" srcset=\"https:\/\/www.bio-nickl.de\/wordpress\/wp-content\/uploads\/2018\/07\/Glockenblumen-25-Min-150x150.jpg 150w, https:\/\/www.bio-nickl.de\/wordpress\/wp-content\/uploads\/2018\/07\/Glockenblumen-25-Min-100x100.jpg 100w\" sizes=\"auto, 100vw\" \/><\/a>\n\t\t\t<\/div>\n\t\t\t\t<figcaption class='wp-caption-text gallery-caption' id='gallery-1-2521'>\n\t\t\t\t25 min\n\t\t\t\t<\/figcaption><\/figure><figure class='gallery-item'>\n\t\t\t<div class='gallery-icon portrait'>\n\t\t\t\t<a href='https:\/\/www.bio-nickl.de\/wordpress\/fotos-glockenblumen-als-indikator\/olympus-digital-camera-99\/'><img loading=\"lazy\" decoding=\"async\" width=\"150\" height=\"150\" src=\"https:\/\/www.bio-nickl.de\/wordpress\/wp-content\/uploads\/2018\/07\/Glockenblumen-Biene-150x150.jpg\" class=\"attachment-thumbnail size-thumbnail\" alt=\"\" aria-describedby=\"gallery-1-2529\" srcset=\"https:\/\/www.bio-nickl.de\/wordpress\/wp-content\/uploads\/2018\/07\/Glockenblumen-Biene-150x150.jpg 150w, https:\/\/www.bio-nickl.de\/wordpress\/wp-content\/uploads\/2018\/07\/Glockenblumen-Biene-100x100.jpg 100w\" sizes=\"auto, 100vw\" \/><\/a>\n\t\t\t<\/div>\n\t\t\t\t<figcaption class='wp-caption-text gallery-caption' id='gallery-1-2529'>\n\t\t\t\tGlockenblumen im Beet mit Biene\n\t\t\t\t<\/figcaption><\/figure>\n\t\t<\/div>\n\n","protected":false},"excerpt":{"rendered":"<p>Wenn die Sch\u00fcler mit Blaukrautsaft einen S\u00e4ure-Base-Indikator kennengelernt haben, k\u00f6nnen sie als (freiwillige) Hausaufgabe die Bl\u00fcten von Glockenblumen (Campanula) auf ihre Eigen\u00adschaften als Indikator testen, indem sie diese auf einen Ameisenbau oder eine Ameisenstra\u00dfe legen. Die Ameisen attakieren sofort den vermeintlichen Angreifer mit Ameisens\u00e4ure, die f\u00fcr eine rosa F\u00e4rbung der sonst blauvioletten Bl\u00fcten sorgt. Bei &hellip; <\/p>\n<p class=\"link-more\"><a href=\"https:\/\/www.bio-nickl.de\/wordpress\/fotos-glockenblumen-als-indikator\/\" class=\"more-link\"><span class=\"screen-reader-text\">\u201ePhotos Glockenblumen als Indikator\u201c<\/span> weiterlesen<\/a><\/p>\n","protected":false},"author":1,"featured_media":0,"parent":0,"menu_order":0,"comment_status":"closed","ping_status":"closed","template":"","meta":{"om_disable_all_campaigns":false,"_monsterinsights_skip_tracking":false,"_monsterinsights_sitenote_active":false,"_monsterinsights_sitenote_note":"","_monsterinsights_sitenote_category":0,"footnotes":""},"class_list":["post-2514","page","type-page","status-publish","hentry"],"aioseo_notices":[],"_links":{"self":[{"href":"https:\/\/www.bio-nickl.de\/wordpress\/wp-json\/wp\/v2\/pages\/2514","targetHints":{"allow":["GET"]}}],"collection":[{"href":"https:\/\/www.bio-nickl.de\/wordpress\/wp-json\/wp\/v2\/pages"}],"about":[{"href":"https:\/\/www.bio-nickl.de\/wordpress\/wp-json\/wp\/v2\/types\/page"}],"author":[{"embeddable":true,"href":"https:\/\/www.bio-nickl.de\/wordpress\/wp-json\/wp\/v2\/users\/1"}],"replies":[{"embeddable":true,"href":"https:\/\/www.bio-nickl.de\/wordpress\/wp-json\/wp\/v2\/comments?post=2514"}],"version-history":[{"count":4,"href":"https:\/\/www.bio-nickl.de\/wordpress\/wp-json\/wp\/v2\/pages\/2514\/revisions"}],"predecessor-version":[{"id":3114,"href":"https:\/\/www.bio-nickl.de\/wordpress\/wp-json\/wp\/v2\/pages\/2514\/revisions\/3114"}],"wp:attachment":[{"href":"https:\/\/www.bio-nickl.de\/wordpress\/wp-json\/wp\/v2\/media?parent=2514"}],"curies":[{"name":"wp","href":"https:\/\/api.w.org\/{rel}","templated":true}]}}