{"id":2861,"date":"2018-09-01T11:33:41","date_gmt":"2018-09-01T09:33:41","guid":{"rendered":"http:\/\/www.bio-nickl.de\/wordpress\/?page_id=2861"},"modified":"2018-09-16T12:33:25","modified_gmt":"2018-09-16T10:33:25","slug":"fotos-ringelnatter","status":"publish","type":"page","link":"https:\/\/www.bio-nickl.de\/wordpress\/fotos-ringelnatter\/","title":{"rendered":"Photos Ringelnatter"},"content":{"rendered":"<p>Die Ringelnatter jagt gerne in stehenden Gew\u00e4ssern. Sie schwimmt elegant und energiesparend (wie auf Schienen, auch im Wasser). Zwischendurch verharrt sie regungslos. Auf Beute st\u00f6\u00dft sie blitzschnell zu, ist dabei aber selten erfolgreich.<\/p>\n<p>Das eindeutige Kennzeichen f\u00fcr eine Ringelnatter (<em>Natrix natrix<\/em>) sind die beiden hellen halbmondf\u00f6rmigen Flecken am Hinterkopf.<\/p>\n<div id='gallery-1' class='gallery galleryid-2861 gallery-columns-3 gallery-size-thumbnail'><figure class='gallery-item'>\n\t\t\t<div class='gallery-icon landscape'>\n\t\t\t\t<a href='https:\/\/www.bio-nickl.de\/wordpress\/fotos-ringelnatter\/14-7-13-ringelnatter-006\/'><img loading=\"lazy\" decoding=\"async\" width=\"150\" height=\"150\" src=\"https:\/\/www.bio-nickl.de\/wordpress\/wp-content\/uploads\/2018\/09\/14.7.13-Ringelnatter-006-150x150.jpg\" class=\"attachment-thumbnail size-thumbnail\" alt=\"\" srcset=\"https:\/\/www.bio-nickl.de\/wordpress\/wp-content\/uploads\/2018\/09\/14.7.13-Ringelnatter-006-150x150.jpg 150w, https:\/\/www.bio-nickl.de\/wordpress\/wp-content\/uploads\/2018\/09\/14.7.13-Ringelnatter-006-100x100.jpg 100w\" sizes=\"auto, 100vw\" \/><\/a>\n\t\t\t<\/div><\/figure><figure class='gallery-item'>\n\t\t\t<div class='gallery-icon landscape'>\n\t\t\t\t<a href='https:\/\/www.bio-nickl.de\/wordpress\/fotos-ringelnatter\/14-7-13-ringelnatter-014\/'><img loading=\"lazy\" decoding=\"async\" width=\"150\" height=\"150\" src=\"https:\/\/www.bio-nickl.de\/wordpress\/wp-content\/uploads\/2018\/09\/14.7.13-Ringelnatter-014-150x150.jpg\" class=\"attachment-thumbnail size-thumbnail\" alt=\"\" srcset=\"https:\/\/www.bio-nickl.de\/wordpress\/wp-content\/uploads\/2018\/09\/14.7.13-Ringelnatter-014-150x150.jpg 150w, https:\/\/www.bio-nickl.de\/wordpress\/wp-content\/uploads\/2018\/09\/14.7.13-Ringelnatter-014-100x100.jpg 100w\" sizes=\"auto, 100vw\" \/><\/a>\n\t\t\t<\/div><\/figure><figure class='gallery-item'>\n\t\t\t<div class='gallery-icon landscape'>\n\t\t\t\t<a href='https:\/\/www.bio-nickl.de\/wordpress\/fotos-ringelnatter\/15-7-13-ringelnatter-3\/'><img loading=\"lazy\" decoding=\"async\" width=\"150\" height=\"150\" src=\"https:\/\/www.bio-nickl.de\/wordpress\/wp-content\/uploads\/2018\/09\/15.7.13-Ringelnatter-3-150x150.jpg\" class=\"attachment-thumbnail size-thumbnail\" alt=\"\" srcset=\"https:\/\/www.bio-nickl.de\/wordpress\/wp-content\/uploads\/2018\/09\/15.7.13-Ringelnatter-3-150x150.jpg 150w, https:\/\/www.bio-nickl.de\/wordpress\/wp-content\/uploads\/2018\/09\/15.7.13-Ringelnatter-3-100x100.jpg 100w\" sizes=\"auto, 100vw\" \/><\/a>\n\t\t\t<\/div><\/figure><figure class='gallery-item'>\n\t\t\t<div class='gallery-icon landscape'>\n\t\t\t\t<a href='https:\/\/www.bio-nickl.de\/wordpress\/fotos-ringelnatter\/23-8-16-kleine-ringelnatter-2\/'><img loading=\"lazy\" decoding=\"async\" width=\"150\" height=\"150\" src=\"https:\/\/www.bio-nickl.de\/wordpress\/wp-content\/uploads\/2018\/09\/23.8.16-Kleine-Ringelnatter-2-150x150.jpg\" class=\"attachment-thumbnail size-thumbnail\" alt=\"\" srcset=\"https:\/\/www.bio-nickl.de\/wordpress\/wp-content\/uploads\/2018\/09\/23.8.16-Kleine-Ringelnatter-2-150x150.jpg 150w, https:\/\/www.bio-nickl.de\/wordpress\/wp-content\/uploads\/2018\/09\/23.8.16-Kleine-Ringelnatter-2-100x100.jpg 100w\" sizes=\"auto, 100vw\" \/><\/a>\n\t\t\t<\/div><\/figure><figure class='gallery-item'>\n\t\t\t<div class='gallery-icon landscape'>\n\t\t\t\t<a href='https:\/\/www.bio-nickl.de\/wordpress\/fotos-ringelnatter\/ringelnatter-2\/'><img loading=\"lazy\" decoding=\"async\" width=\"150\" height=\"150\" src=\"https:\/\/www.bio-nickl.de\/wordpress\/wp-content\/uploads\/2018\/09\/Ringelnatter-2-150x150.jpg\" class=\"attachment-thumbnail size-thumbnail\" alt=\"\" srcset=\"https:\/\/www.bio-nickl.de\/wordpress\/wp-content\/uploads\/2018\/09\/Ringelnatter-2-150x150.jpg 150w, https:\/\/www.bio-nickl.de\/wordpress\/wp-content\/uploads\/2018\/09\/Ringelnatter-2-100x100.jpg 100w\" sizes=\"auto, 100vw\" \/><\/a>\n\t\t\t<\/div><\/figure><figure class='gallery-item'>\n\t\t\t<div class='gallery-icon landscape'>\n\t\t\t\t<a href='https:\/\/www.bio-nickl.de\/wordpress\/fotos-ringelnatter\/ringelnatter-2a\/'><img loading=\"lazy\" decoding=\"async\" width=\"150\" height=\"150\" src=\"https:\/\/www.bio-nickl.de\/wordpress\/wp-content\/uploads\/2018\/09\/Ringelnatter-2a-150x150.jpg\" class=\"attachment-thumbnail size-thumbnail\" alt=\"\" srcset=\"https:\/\/www.bio-nickl.de\/wordpress\/wp-content\/uploads\/2018\/09\/Ringelnatter-2a-150x150.jpg 150w, https:\/\/www.bio-nickl.de\/wordpress\/wp-content\/uploads\/2018\/09\/Ringelnatter-2a-100x100.jpg 100w\" sizes=\"auto, 100vw\" \/><\/a>\n\t\t\t<\/div><\/figure><figure class='gallery-item'>\n\t\t\t<div class='gallery-icon landscape'>\n\t\t\t\t<a href='https:\/\/www.bio-nickl.de\/wordpress\/fotos-ringelnatter\/ringelnatter-3\/'><img loading=\"lazy\" decoding=\"async\" width=\"150\" height=\"150\" src=\"https:\/\/www.bio-nickl.de\/wordpress\/wp-content\/uploads\/2018\/09\/Ringelnatter-3-150x150.jpg\" class=\"attachment-thumbnail size-thumbnail\" alt=\"\" srcset=\"https:\/\/www.bio-nickl.de\/wordpress\/wp-content\/uploads\/2018\/09\/Ringelnatter-3-150x150.jpg 150w, https:\/\/www.bio-nickl.de\/wordpress\/wp-content\/uploads\/2018\/09\/Ringelnatter-3-100x100.jpg 100w\" sizes=\"auto, 100vw\" \/><\/a>\n\t\t\t<\/div><\/figure><figure class='gallery-item'>\n\t\t\t<div class='gallery-icon landscape'>\n\t\t\t\t<a href='https:\/\/www.bio-nickl.de\/wordpress\/fotos-ringelnatter\/ringelnatter-5\/'><img loading=\"lazy\" decoding=\"async\" width=\"150\" height=\"150\" src=\"https:\/\/www.bio-nickl.de\/wordpress\/wp-content\/uploads\/2018\/09\/Ringelnatter-5-150x150.jpg\" class=\"attachment-thumbnail size-thumbnail\" alt=\"\" srcset=\"https:\/\/www.bio-nickl.de\/wordpress\/wp-content\/uploads\/2018\/09\/Ringelnatter-5-150x150.jpg 150w, https:\/\/www.bio-nickl.de\/wordpress\/wp-content\/uploads\/2018\/09\/Ringelnatter-5-100x100.jpg 100w\" sizes=\"auto, 100vw\" \/><\/a>\n\t\t\t<\/div><\/figure><figure class='gallery-item'>\n\t\t\t<div class='gallery-icon landscape'>\n\t\t\t\t<a href='https:\/\/www.bio-nickl.de\/wordpress\/fotos-ringelnatter\/ringelnatter-6\/'><img loading=\"lazy\" decoding=\"async\" width=\"150\" height=\"150\" src=\"https:\/\/www.bio-nickl.de\/wordpress\/wp-content\/uploads\/2018\/09\/Ringelnatter-6-150x150.jpg\" class=\"attachment-thumbnail size-thumbnail\" alt=\"\" srcset=\"https:\/\/www.bio-nickl.de\/wordpress\/wp-content\/uploads\/2018\/09\/Ringelnatter-6-150x150.jpg 150w, https:\/\/www.bio-nickl.de\/wordpress\/wp-content\/uploads\/2018\/09\/Ringelnatter-6-100x100.jpg 100w\" sizes=\"auto, 100vw\" \/><\/a>\n\t\t\t<\/div><\/figure><figure class='gallery-item'>\n\t\t\t<div class='gallery-icon landscape'>\n\t\t\t\t<a href='https:\/\/www.bio-nickl.de\/wordpress\/fotos-ringelnatter\/ringelnatter-7\/'><img loading=\"lazy\" decoding=\"async\" width=\"150\" height=\"150\" src=\"https:\/\/www.bio-nickl.de\/wordpress\/wp-content\/uploads\/2018\/09\/Ringelnatter-7-150x150.jpg\" class=\"attachment-thumbnail size-thumbnail\" alt=\"\" srcset=\"https:\/\/www.bio-nickl.de\/wordpress\/wp-content\/uploads\/2018\/09\/Ringelnatter-7-150x150.jpg 150w, https:\/\/www.bio-nickl.de\/wordpress\/wp-content\/uploads\/2018\/09\/Ringelnatter-7-100x100.jpg 100w\" sizes=\"auto, 100vw\" \/><\/a>\n\t\t\t<\/div><\/figure><figure class='gallery-item'>\n\t\t\t<div class='gallery-icon landscape'>\n\t\t\t\t<a href='https:\/\/www.bio-nickl.de\/wordpress\/fotos-ringelnatter\/ringelnatter-8\/'><img loading=\"lazy\" decoding=\"async\" width=\"150\" height=\"150\" src=\"https:\/\/www.bio-nickl.de\/wordpress\/wp-content\/uploads\/2018\/09\/Ringelnatter-8-150x150.jpg\" class=\"attachment-thumbnail size-thumbnail\" alt=\"\" srcset=\"https:\/\/www.bio-nickl.de\/wordpress\/wp-content\/uploads\/2018\/09\/Ringelnatter-8-150x150.jpg 150w, https:\/\/www.bio-nickl.de\/wordpress\/wp-content\/uploads\/2018\/09\/Ringelnatter-8-100x100.jpg 100w\" sizes=\"auto, 100vw\" \/><\/a>\n\t\t\t<\/div><\/figure><figure class='gallery-item'>\n\t\t\t<div class='gallery-icon landscape'>\n\t\t\t\t<a href='https:\/\/www.bio-nickl.de\/wordpress\/fotos-ringelnatter\/ringelnatter\/'><img loading=\"lazy\" decoding=\"async\" width=\"150\" height=\"150\" src=\"https:\/\/www.bio-nickl.de\/wordpress\/wp-content\/uploads\/2018\/09\/Ringelnatter-150x150.jpg\" class=\"attachment-thumbnail size-thumbnail\" alt=\"\" srcset=\"https:\/\/www.bio-nickl.de\/wordpress\/wp-content\/uploads\/2018\/09\/Ringelnatter-150x150.jpg 150w, https:\/\/www.bio-nickl.de\/wordpress\/wp-content\/uploads\/2018\/09\/Ringelnatter-100x100.jpg 100w\" sizes=\"auto, 100vw\" \/><\/a>\n\t\t\t<\/div><\/figure><figure class='gallery-item'>\n\t\t\t<div class='gallery-icon landscape'>\n\t\t\t\t<a href='https:\/\/www.bio-nickl.de\/wordpress\/fotos-ringelnatter\/ringelnatter-10\/'><img loading=\"lazy\" decoding=\"async\" width=\"150\" height=\"150\" src=\"https:\/\/www.bio-nickl.de\/wordpress\/wp-content\/uploads\/2018\/09\/Ringelnatter-10-150x150.jpg\" class=\"attachment-thumbnail size-thumbnail\" alt=\"\" srcset=\"https:\/\/www.bio-nickl.de\/wordpress\/wp-content\/uploads\/2018\/09\/Ringelnatter-10-150x150.jpg 150w, https:\/\/www.bio-nickl.de\/wordpress\/wp-content\/uploads\/2018\/09\/Ringelnatter-10-100x100.jpg 100w\" sizes=\"auto, 100vw\" \/><\/a>\n\t\t\t<\/div><\/figure><figure class='gallery-item'>\n\t\t\t<div class='gallery-icon landscape'>\n\t\t\t\t<a href='https:\/\/www.bio-nickl.de\/wordpress\/fotos-ringelnatter\/ringelnatter-und-teichmolchlarve\/'><img loading=\"lazy\" decoding=\"async\" width=\"150\" height=\"150\" src=\"https:\/\/www.bio-nickl.de\/wordpress\/wp-content\/uploads\/2018\/09\/Ringelnatter-und-Teichmolchlarve-150x150.jpg\" class=\"attachment-thumbnail size-thumbnail\" alt=\"\" aria-describedby=\"gallery-1-2876\" srcset=\"https:\/\/www.bio-nickl.de\/wordpress\/wp-content\/uploads\/2018\/09\/Ringelnatter-und-Teichmolchlarve-150x150.jpg 150w, https:\/\/www.bio-nickl.de\/wordpress\/wp-content\/uploads\/2018\/09\/Ringelnatter-und-Teichmolchlarve-100x100.jpg 100w\" sizes=\"auto, 100vw\" \/><\/a>\n\t\t\t<\/div>\n\t\t\t\t<figcaption class='wp-caption-text gallery-caption' id='gallery-1-2876'>\n\t\t\t\tmit nicht beachteter Teichmolch-Larve\n\t\t\t\t<\/figcaption><\/figure><figure class='gallery-item'>\n\t\t\t<div class='gallery-icon landscape'>\n\t\t\t\t<a href='https:\/\/www.bio-nickl.de\/wordpress\/fotos-ringelnatter\/ringelnatter-und-wasserlaeufer\/'><img loading=\"lazy\" decoding=\"async\" width=\"150\" height=\"150\" src=\"https:\/\/www.bio-nickl.de\/wordpress\/wp-content\/uploads\/2018\/09\/Ringelnatter-und-Wasserl\u00e4ufer-150x150.jpg\" class=\"attachment-thumbnail size-thumbnail\" alt=\"\" aria-describedby=\"gallery-1-2877\" srcset=\"https:\/\/www.bio-nickl.de\/wordpress\/wp-content\/uploads\/2018\/09\/Ringelnatter-und-Wasserl\u00e4ufer-150x150.jpg 150w, https:\/\/www.bio-nickl.de\/wordpress\/wp-content\/uploads\/2018\/09\/Ringelnatter-und-Wasserl\u00e4ufer-100x100.jpg 100w\" sizes=\"auto, 100vw\" \/><\/a>\n\t\t\t<\/div>\n\t\t\t\t<figcaption class='wp-caption-text gallery-caption' id='gallery-1-2877'>\n\t\t\t\tmit Wasserl\u00e4ufer\n\t\t\t\t<\/figcaption><\/figure><figure class='gallery-item'>\n\t\t\t<div class='gallery-icon portrait'>\n\t\t\t\t<a href='https:\/\/www.bio-nickl.de\/wordpress\/fotos-ringelnatter\/ringelnatter-kopf-mit-kaefer-2\/'><img loading=\"lazy\" decoding=\"async\" width=\"150\" height=\"150\" src=\"https:\/\/www.bio-nickl.de\/wordpress\/wp-content\/uploads\/2018\/09\/Ringelnatter-Kopf-mit-K\u00e4fer-2-150x150.jpg\" class=\"attachment-thumbnail size-thumbnail\" alt=\"\" aria-describedby=\"gallery-1-2878\" srcset=\"https:\/\/www.bio-nickl.de\/wordpress\/wp-content\/uploads\/2018\/09\/Ringelnatter-Kopf-mit-K\u00e4fer-2-150x150.jpg 150w, https:\/\/www.bio-nickl.de\/wordpress\/wp-content\/uploads\/2018\/09\/Ringelnatter-Kopf-mit-K\u00e4fer-2-100x100.jpg 100w\" sizes=\"auto, 100vw\" \/><\/a>\n\t\t\t<\/div>\n\t\t\t\t<figcaption class='wp-caption-text gallery-caption' id='gallery-1-2878'>\n\t\t\t\tmit K\u00e4fer auf dem Kopf\n\t\t\t\t<\/figcaption><\/figure><figure class='gallery-item'>\n\t\t\t<div class='gallery-icon landscape'>\n\t\t\t\t<a href='https:\/\/www.bio-nickl.de\/wordpress\/fotos-ringelnatter\/ringelnatter-zuengelnd-a\/'><img loading=\"lazy\" decoding=\"async\" width=\"150\" height=\"150\" src=\"https:\/\/www.bio-nickl.de\/wordpress\/wp-content\/uploads\/2018\/09\/Ringelnatter-z\u00fcngelnd-A-150x150.jpg\" class=\"attachment-thumbnail size-thumbnail\" alt=\"\" aria-describedby=\"gallery-1-2879\" srcset=\"https:\/\/www.bio-nickl.de\/wordpress\/wp-content\/uploads\/2018\/09\/Ringelnatter-z\u00fcngelnd-A-150x150.jpg 150w, https:\/\/www.bio-nickl.de\/wordpress\/wp-content\/uploads\/2018\/09\/Ringelnatter-z\u00fcngelnd-A-100x100.jpg 100w\" sizes=\"auto, 100vw\" \/><\/a>\n\t\t\t<\/div>\n\t\t\t\t<figcaption class='wp-caption-text gallery-caption' id='gallery-1-2879'>\n\t\t\t\tz\u00fcngelnd\n\t\t\t\t<\/figcaption><\/figure><figure class='gallery-item'>\n\t\t\t<div class='gallery-icon landscape'>\n\t\t\t\t<a href='https:\/\/www.bio-nickl.de\/wordpress\/fotos-ringelnatter\/ringelnatter-zuengelnd-b\/'><img loading=\"lazy\" decoding=\"async\" width=\"150\" height=\"150\" src=\"https:\/\/www.bio-nickl.de\/wordpress\/wp-content\/uploads\/2018\/09\/Ringelnatter-z\u00fcngelnd-B-150x150.jpg\" class=\"attachment-thumbnail size-thumbnail\" alt=\"\" aria-describedby=\"gallery-1-2880\" srcset=\"https:\/\/www.bio-nickl.de\/wordpress\/wp-content\/uploads\/2018\/09\/Ringelnatter-z\u00fcngelnd-B-150x150.jpg 150w, https:\/\/www.bio-nickl.de\/wordpress\/wp-content\/uploads\/2018\/09\/Ringelnatter-z\u00fcngelnd-B-100x100.jpg 100w\" sizes=\"auto, 100vw\" \/><\/a>\n\t\t\t<\/div>\n\t\t\t\t<figcaption class='wp-caption-text gallery-caption' id='gallery-1-2880'>\n\t\t\t\tz\u00fcngelnd\n\t\t\t\t<\/figcaption><\/figure><figure class='gallery-item'>\n\t\t\t<div class='gallery-icon landscape'>\n\t\t\t\t<a href='https:\/\/www.bio-nickl.de\/wordpress\/fotos-ringelnatter\/ringelnatter-zuengelnd-bugwelle\/'><img loading=\"lazy\" decoding=\"async\" width=\"150\" height=\"150\" src=\"https:\/\/www.bio-nickl.de\/wordpress\/wp-content\/uploads\/2018\/09\/Ringelnatter-z\u00fcngelnd-Bugwelle-150x150.jpg\" class=\"attachment-thumbnail size-thumbnail\" alt=\"\" aria-describedby=\"gallery-1-2881\" srcset=\"https:\/\/www.bio-nickl.de\/wordpress\/wp-content\/uploads\/2018\/09\/Ringelnatter-z\u00fcngelnd-Bugwelle-150x150.jpg 150w, https:\/\/www.bio-nickl.de\/wordpress\/wp-content\/uploads\/2018\/09\/Ringelnatter-z\u00fcngelnd-Bugwelle-100x100.jpg 100w\" sizes=\"auto, 100vw\" \/><\/a>\n\t\t\t<\/div>\n\t\t\t\t<figcaption class='wp-caption-text gallery-caption' id='gallery-1-2881'>\n\t\t\t\tz\u00fcngelnd, Bugwelle sichtbar\n\t\t\t\t<\/figcaption><\/figure><figure class='gallery-item'>\n\t\t\t<div class='gallery-icon portrait'>\n\t\t\t\t<a href='https:\/\/www.bio-nickl.de\/wordpress\/fotos-ringelnatter\/14-7-13-ringelnatter-003\/'><img loading=\"lazy\" decoding=\"async\" width=\"150\" height=\"150\" src=\"https:\/\/www.bio-nickl.de\/wordpress\/wp-content\/uploads\/2018\/09\/14.7.13-Ringelnatter-003-150x150.jpg\" class=\"attachment-thumbnail size-thumbnail\" alt=\"\" aria-describedby=\"gallery-1-2862\" srcset=\"https:\/\/www.bio-nickl.de\/wordpress\/wp-content\/uploads\/2018\/09\/14.7.13-Ringelnatter-003-150x150.jpg 150w, https:\/\/www.bio-nickl.de\/wordpress\/wp-content\/uploads\/2018\/09\/14.7.13-Ringelnatter-003-100x100.jpg 100w\" sizes=\"auto, 100vw\" \/><\/a>\n\t\t\t<\/div>\n\t\t\t\t<figcaption class='wp-caption-text gallery-caption' id='gallery-1-2862'>\n\t\t\t\tRingelnatter mit dickem Bauch (Juli, also vermutlich Eier)\n\t\t\t\t<\/figcaption><\/figure><figure class='gallery-item'>\n\t\t\t<div class='gallery-icon landscape'>\n\t\t\t\t<a href='https:\/\/www.bio-nickl.de\/wordpress\/fotos-ringelnatter\/ringelnatter-9-mit-eiern\/'><img loading=\"lazy\" decoding=\"async\" width=\"150\" height=\"150\" src=\"https:\/\/www.bio-nickl.de\/wordpress\/wp-content\/uploads\/2018\/09\/Ringelnatter-9-mit-Eiern-150x150.jpg\" class=\"attachment-thumbnail size-thumbnail\" alt=\"\" aria-describedby=\"gallery-1-2874\" srcset=\"https:\/\/www.bio-nickl.de\/wordpress\/wp-content\/uploads\/2018\/09\/Ringelnatter-9-mit-Eiern-150x150.jpg 150w, https:\/\/www.bio-nickl.de\/wordpress\/wp-content\/uploads\/2018\/09\/Ringelnatter-9-mit-Eiern-300x300.jpg 300w, https:\/\/www.bio-nickl.de\/wordpress\/wp-content\/uploads\/2018\/09\/Ringelnatter-9-mit-Eiern-768x766.jpg 768w, https:\/\/www.bio-nickl.de\/wordpress\/wp-content\/uploads\/2018\/09\/Ringelnatter-9-mit-Eiern-1024x1021.jpg 1024w, https:\/\/www.bio-nickl.de\/wordpress\/wp-content\/uploads\/2018\/09\/Ringelnatter-9-mit-Eiern-100x100.jpg 100w, https:\/\/www.bio-nickl.de\/wordpress\/wp-content\/uploads\/2018\/09\/Ringelnatter-9-mit-Eiern.jpg 2011w\" sizes=\"auto, 100vw\" \/><\/a>\n\t\t\t<\/div>\n\t\t\t\t<figcaption class='wp-caption-text gallery-caption' id='gallery-1-2874'>\n\t\t\t\tmit dickem Bauch (Juli)\n\t\t\t\t<\/figcaption><\/figure>\n\t\t<\/div>\n\n","protected":false},"excerpt":{"rendered":"<p>Die Ringelnatter jagt gerne in stehenden Gew\u00e4ssern. Sie schwimmt elegant und energiesparend (wie auf Schienen, auch im Wasser). Zwischendurch verharrt sie regungslos. Auf Beute st\u00f6\u00dft sie blitzschnell zu, ist dabei aber selten erfolgreich. Das eindeutige Kennzeichen f\u00fcr eine Ringelnatter (Natrix natrix) sind die beiden hellen halbmondf\u00f6rmigen Flecken am Hinterkopf.<\/p>\n","protected":false},"author":1,"featured_media":0,"parent":0,"menu_order":0,"comment_status":"closed","ping_status":"closed","template":"","meta":{"om_disable_all_campaigns":false,"_monsterinsights_skip_tracking":false,"_monsterinsights_sitenote_active":false,"_monsterinsights_sitenote_note":"","_monsterinsights_sitenote_category":0,"footnotes":""},"class_list":["post-2861","page","type-page","status-publish","hentry"],"aioseo_notices":[],"_links":{"self":[{"href":"https:\/\/www.bio-nickl.de\/wordpress\/wp-json\/wp\/v2\/pages\/2861","targetHints":{"allow":["GET"]}}],"collection":[{"href":"https:\/\/www.bio-nickl.de\/wordpress\/wp-json\/wp\/v2\/pages"}],"about":[{"href":"https:\/\/www.bio-nickl.de\/wordpress\/wp-json\/wp\/v2\/types\/page"}],"author":[{"embeddable":true,"href":"https:\/\/www.bio-nickl.de\/wordpress\/wp-json\/wp\/v2\/users\/1"}],"replies":[{"embeddable":true,"href":"https:\/\/www.bio-nickl.de\/wordpress\/wp-json\/wp\/v2\/comments?post=2861"}],"version-history":[{"count":4,"href":"https:\/\/www.bio-nickl.de\/wordpress\/wp-json\/wp\/v2\/pages\/2861\/revisions"}],"predecessor-version":[{"id":3116,"href":"https:\/\/www.bio-nickl.de\/wordpress\/wp-json\/wp\/v2\/pages\/2861\/revisions\/3116"}],"wp:attachment":[{"href":"https:\/\/www.bio-nickl.de\/wordpress\/wp-json\/wp\/v2\/media?parent=2861"}],"curies":[{"name":"wp","href":"https:\/\/api.w.org\/{rel}","templated":true}]}}