{"id":2948,"date":"2018-09-01T15:21:42","date_gmt":"2018-09-01T13:21:42","guid":{"rendered":"http:\/\/www.bio-nickl.de\/wordpress\/?page_id=2948"},"modified":"2018-09-16T12:33:39","modified_gmt":"2018-09-16T10:33:39","slug":"fotos-stockente","status":"publish","type":"page","link":"https:\/\/www.bio-nickl.de\/wordpress\/fotos-stockente\/","title":{"rendered":"Photos Stockente"},"content":{"rendered":"<p><strong><span style=\"color: #0000ff;\">Die Stockente<\/span><\/strong> (<em>Anas platyrhynchos<\/em>) ist die gr\u00f6\u00dfte und h\u00e4ufigste einheimische Ente. Von ihr stammt die Hausente ab. Typisches Kennzeichen bei beiden Geschlechtern ist der violette Spiegel am Fl\u00fcgel. Das M\u00e4nnchen tr\u00e4gt zur Balzzeit einen metallisch schimmernden Kopf mit wei\u00dfem Halsband. Das Nest ist sehr einfach.<\/p>\n<div id='gallery-1' class='gallery galleryid-2948 gallery-columns-3 gallery-size-thumbnail'><figure class='gallery-item'>\n\t\t\t<div class='gallery-icon landscape'>\n\t\t\t\t<a href='https:\/\/www.bio-nickl.de\/wordpress\/fotos-stockente\/ente-28apr13-004\/'><img loading=\"lazy\" decoding=\"async\" width=\"150\" height=\"150\" src=\"https:\/\/www.bio-nickl.de\/wordpress\/wp-content\/uploads\/2018\/09\/Ente-28Apr13-004-150x150.jpg\" class=\"attachment-thumbnail size-thumbnail\" alt=\"\" aria-describedby=\"gallery-1-2949\" srcset=\"https:\/\/www.bio-nickl.de\/wordpress\/wp-content\/uploads\/2018\/09\/Ente-28Apr13-004-150x150.jpg 150w, https:\/\/www.bio-nickl.de\/wordpress\/wp-content\/uploads\/2018\/09\/Ente-28Apr13-004-100x100.jpg 100w\" sizes=\"auto, 100vw\" \/><\/a>\n\t\t\t<\/div>\n\t\t\t\t<figcaption class='wp-caption-text gallery-caption' id='gallery-1-2949'>\n\t\t\t\tWeibchen im April in der Wiese\n\t\t\t\t<\/figcaption><\/figure><figure class='gallery-item'>\n\t\t\t<div class='gallery-icon landscape'>\n\t\t\t\t<a href='https:\/\/www.bio-nickl.de\/wordpress\/fotos-stockente\/17-5-16-entenpaar\/'><img loading=\"lazy\" decoding=\"async\" width=\"150\" height=\"150\" src=\"https:\/\/www.bio-nickl.de\/wordpress\/wp-content\/uploads\/2018\/09\/17.5.16-Entenpaar-150x150.jpg\" class=\"attachment-thumbnail size-thumbnail\" alt=\"\" aria-describedby=\"gallery-1-2950\" srcset=\"https:\/\/www.bio-nickl.de\/wordpress\/wp-content\/uploads\/2018\/09\/17.5.16-Entenpaar-150x150.jpg 150w, https:\/\/www.bio-nickl.de\/wordpress\/wp-content\/uploads\/2018\/09\/17.5.16-Entenpaar-100x100.jpg 100w\" sizes=\"auto, 100vw\" \/><\/a>\n\t\t\t<\/div>\n\t\t\t\t<figcaption class='wp-caption-text gallery-caption' id='gallery-1-2950'>\n\t\t\t\tP\u00e4rchen im Mai auf Trittplatten im T\u00fcmpel\n\t\t\t\t<\/figcaption><\/figure><figure class='gallery-item'>\n\t\t\t<div class='gallery-icon portrait'>\n\t\t\t\t<a href='https:\/\/www.bio-nickl.de\/wordpress\/fotos-stockente\/28-4-13-ente-bruetet-am-weiher-004\/'><img loading=\"lazy\" decoding=\"async\" width=\"150\" height=\"150\" src=\"https:\/\/www.bio-nickl.de\/wordpress\/wp-content\/uploads\/2018\/09\/28.4.13-Ente-br\u00fctet-am-Weiher-004-150x150.jpg\" class=\"attachment-thumbnail size-thumbnail\" alt=\"\" aria-describedby=\"gallery-1-2951\" srcset=\"https:\/\/www.bio-nickl.de\/wordpress\/wp-content\/uploads\/2018\/09\/28.4.13-Ente-br\u00fctet-am-Weiher-004-150x150.jpg 150w, https:\/\/www.bio-nickl.de\/wordpress\/wp-content\/uploads\/2018\/09\/28.4.13-Ente-br\u00fctet-am-Weiher-004-100x100.jpg 100w\" sizes=\"auto, 100vw\" \/><\/a>\n\t\t\t<\/div>\n\t\t\t\t<figcaption class='wp-caption-text gallery-caption' id='gallery-1-2951'>\n\t\t\t\tTarnung: Der Kopf des Weibchens ist nahe beim rechten Bildrand unten zu sehen.\n\t\t\t\t<\/figcaption><\/figure><figure class='gallery-item'>\n\t\t\t<div class='gallery-icon landscape'>\n\t\t\t\t<a href='https:\/\/www.bio-nickl.de\/wordpress\/fotos-stockente\/28-4-13-ente-bruetet-am-weiher-005\/'><img loading=\"lazy\" decoding=\"async\" width=\"150\" height=\"150\" src=\"https:\/\/www.bio-nickl.de\/wordpress\/wp-content\/uploads\/2018\/09\/28.4.13-Ente-br\u00fctet-am-Weiher-005-150x150.jpg\" class=\"attachment-thumbnail size-thumbnail\" alt=\"\" aria-describedby=\"gallery-1-2952\" srcset=\"https:\/\/www.bio-nickl.de\/wordpress\/wp-content\/uploads\/2018\/09\/28.4.13-Ente-br\u00fctet-am-Weiher-005-150x150.jpg 150w, https:\/\/www.bio-nickl.de\/wordpress\/wp-content\/uploads\/2018\/09\/28.4.13-Ente-br\u00fctet-am-Weiher-005-100x100.jpg 100w\" sizes=\"auto, 100vw\" \/><\/a>\n\t\t\t<\/div>\n\t\t\t\t<figcaption class='wp-caption-text gallery-caption' id='gallery-1-2952'>\n\t\t\t\tGut getarnt sitzt das Weibchen im Nest.\n\t\t\t\t<\/figcaption><\/figure><figure class='gallery-item'>\n\t\t\t<div class='gallery-icon landscape'>\n\t\t\t\t<a href='https:\/\/www.bio-nickl.de\/wordpress\/fotos-stockente\/27-4-13-stockentennest-1\/'><img loading=\"lazy\" decoding=\"async\" width=\"150\" height=\"150\" src=\"https:\/\/www.bio-nickl.de\/wordpress\/wp-content\/uploads\/2018\/09\/27.4.13-Stockentennest-1-150x150.jpg\" class=\"attachment-thumbnail size-thumbnail\" alt=\"\" aria-describedby=\"gallery-1-2953\" srcset=\"https:\/\/www.bio-nickl.de\/wordpress\/wp-content\/uploads\/2018\/09\/27.4.13-Stockentennest-1-150x150.jpg 150w, https:\/\/www.bio-nickl.de\/wordpress\/wp-content\/uploads\/2018\/09\/27.4.13-Stockentennest-1-100x100.jpg 100w\" sizes=\"auto, 100vw\" \/><\/a>\n\t\t\t<\/div>\n\t\t\t\t<figcaption class='wp-caption-text gallery-caption' id='gallery-1-2953'>\n\t\t\t\tGelege\n\t\t\t\t<\/figcaption><\/figure><figure class='gallery-item'>\n\t\t\t<div class='gallery-icon landscape'>\n\t\t\t\t<a href='https:\/\/www.bio-nickl.de\/wordpress\/fotos-stockente\/27-4-13-stockentennest-5\/'><img loading=\"lazy\" decoding=\"async\" width=\"150\" height=\"150\" src=\"https:\/\/www.bio-nickl.de\/wordpress\/wp-content\/uploads\/2018\/09\/27.4.13-Stockentennest-5-150x150.jpg\" class=\"attachment-thumbnail size-thumbnail\" alt=\"\" aria-describedby=\"gallery-1-2954\" srcset=\"https:\/\/www.bio-nickl.de\/wordpress\/wp-content\/uploads\/2018\/09\/27.4.13-Stockentennest-5-150x150.jpg 150w, https:\/\/www.bio-nickl.de\/wordpress\/wp-content\/uploads\/2018\/09\/27.4.13-Stockentennest-5-100x100.jpg 100w\" sizes=\"auto, 100vw\" \/><\/a>\n\t\t\t<\/div>\n\t\t\t\t<figcaption class='wp-caption-text gallery-caption' id='gallery-1-2954'>\n\t\t\t\tGelege\n\t\t\t\t<\/figcaption><\/figure>\n\t\t<\/div>\n\n","protected":false},"excerpt":{"rendered":"<p>Die Stockente (Anas platyrhynchos) ist die gr\u00f6\u00dfte und h\u00e4ufigste einheimische Ente. Von ihr stammt die Hausente ab. Typisches Kennzeichen bei beiden Geschlechtern ist der violette Spiegel am Fl\u00fcgel. Das M\u00e4nnchen tr\u00e4gt zur Balzzeit einen metallisch schimmernden Kopf mit wei\u00dfem Halsband. Das Nest ist sehr einfach.<\/p>\n","protected":false},"author":1,"featured_media":0,"parent":0,"menu_order":0,"comment_status":"closed","ping_status":"closed","template":"","meta":{"om_disable_all_campaigns":false,"_monsterinsights_skip_tracking":false,"_monsterinsights_sitenote_active":false,"_monsterinsights_sitenote_note":"","_monsterinsights_sitenote_category":0,"footnotes":""},"class_list":["post-2948","page","type-page","status-publish","hentry"],"aioseo_notices":[],"_links":{"self":[{"href":"https:\/\/www.bio-nickl.de\/wordpress\/wp-json\/wp\/v2\/pages\/2948","targetHints":{"allow":["GET"]}}],"collection":[{"href":"https:\/\/www.bio-nickl.de\/wordpress\/wp-json\/wp\/v2\/pages"}],"about":[{"href":"https:\/\/www.bio-nickl.de\/wordpress\/wp-json\/wp\/v2\/types\/page"}],"author":[{"embeddable":true,"href":"https:\/\/www.bio-nickl.de\/wordpress\/wp-json\/wp\/v2\/users\/1"}],"replies":[{"embeddable":true,"href":"https:\/\/www.bio-nickl.de\/wordpress\/wp-json\/wp\/v2\/comments?post=2948"}],"version-history":[{"count":2,"href":"https:\/\/www.bio-nickl.de\/wordpress\/wp-json\/wp\/v2\/pages\/2948\/revisions"}],"predecessor-version":[{"id":3117,"href":"https:\/\/www.bio-nickl.de\/wordpress\/wp-json\/wp\/v2\/pages\/2948\/revisions\/3117"}],"wp:attachment":[{"href":"https:\/\/www.bio-nickl.de\/wordpress\/wp-json\/wp\/v2\/media?parent=2948"}],"curies":[{"name":"wp","href":"https:\/\/api.w.org\/{rel}","templated":true}]}}