{"id":2968,"date":"2018-09-07T10:18:50","date_gmt":"2018-09-07T08:18:50","guid":{"rendered":"http:\/\/www.bio-nickl.de\/wordpress\/?page_id=2968"},"modified":"2024-07-07T11:10:26","modified_gmt":"2024-07-07T09:10:26","slug":"did-meth-paed-2","status":"publish","type":"page","link":"https:\/\/www.bio-nickl.de\/wordpress\/did-meth-paed-2\/","title":{"rendered":"Did.Meth.P\u00e4d."},"content":{"rendered":"<p><span style=\"color: #993300;\">Hier finden Sie Skripten zu Didaktik, Methodik und P\u00e4dagogik der einzelnen Jahrgangsstufen im bayerischen Gymnasium f\u00fcr Naturwissenschaftliches Arbeiten und Biologie. (Die Unterlagen f\u00fcr die Kursphase nach LehrplanPLUS finden Sie hier nicht, die steht nur bei &#8222;Materialien&#8220;.)<br \/>\n<\/span><\/p>\n<p><span style=\"color: #993300;\">Die didaktisch-methodischen Skripten f\u00fcr die Unterstufe beziehen sich ausschlie\u00dflich auf den LehrplanPLUS (G9). F\u00fcr die gesamte Mittel- und Oberstufe finden Sie die Skripten f\u00fcr das G8; die Skripten f\u00fcr den LehrplanPLUS werden nach und nach erg\u00e4nzt.<\/span><\/p>\n<p><span style=\"color: #ff0000;\">Meine didaktisch-methodischen Ausf\u00fchrungen beziehen sich auf den Normalbetrieb bei voller Stundenzahl (in Pr\u00e4senz) und bei normalem Unterrichtsbetrieb in den Vorjahren. Durch Corona bedingte Einschr\u00e4nkungen m\u00fcssen Sie selbst in der Unterrichtsplanung ber\u00fccksichtigten, ebenso eventuell fehlendes Vorwissen.<\/span><\/p>\n<p><span style=\"color: #993300;\">Arbeitsbl\u00e4tter und weitere Unterrichtsmaterialien finden Sie auf der Seite &#8222;Materialien&#8220;. Sie d\u00fcrfen frei verwendet werden; lediglich das Recht der Ver\u00f6ffentlichung an anderer Stelle behalte ich mir vor.<\/span><\/p>\n<p><span style=\"color: #993300;\">Bilder zu verschiedenen Themen finden Sie auf der Seite &#8222;Photos&#8220;. Auch diese d\u00fcrfen f\u00fcr Unterrichtszwecke unter Angabe der Quelle frei verwendet werden.<\/span><\/p>\n","protected":false},"excerpt":{"rendered":"<p>Hier finden Sie Skripten zu Didaktik, Methodik und P\u00e4dagogik der einzelnen Jahrgangsstufen im bayerischen Gymnasium f\u00fcr Naturwissenschaftliches Arbeiten und Biologie. (Die Unterlagen f\u00fcr die Kursphase nach LehrplanPLUS finden Sie hier nicht, die steht nur bei &#8222;Materialien&#8220;.) Die didaktisch-methodischen Skripten f\u00fcr die Unterstufe beziehen sich ausschlie\u00dflich auf den LehrplanPLUS (G9). F\u00fcr die gesamte Mittel- und Oberstufe &hellip; <\/p>\n<p class=\"link-more\"><a href=\"https:\/\/www.bio-nickl.de\/wordpress\/did-meth-paed-2\/\" class=\"more-link\"><span class=\"screen-reader-text\">\u201eDid.Meth.P\u00e4d.\u201c<\/span> weiterlesen<\/a><\/p>\n","protected":false},"author":1,"featured_media":0,"parent":0,"menu_order":0,"comment_status":"closed","ping_status":"closed","template":"","meta":{"om_disable_all_campaigns":false,"_monsterinsights_skip_tracking":false,"_monsterinsights_sitenote_active":false,"_monsterinsights_sitenote_note":"","_monsterinsights_sitenote_category":0,"footnotes":""},"class_list":["post-2968","page","type-page","status-publish","hentry"],"aioseo_notices":[],"_links":{"self":[{"href":"https:\/\/www.bio-nickl.de\/wordpress\/wp-json\/wp\/v2\/pages\/2968","targetHints":{"allow":["GET"]}}],"collection":[{"href":"https:\/\/www.bio-nickl.de\/wordpress\/wp-json\/wp\/v2\/pages"}],"about":[{"href":"https:\/\/www.bio-nickl.de\/wordpress\/wp-json\/wp\/v2\/types\/page"}],"author":[{"embeddable":true,"href":"https:\/\/www.bio-nickl.de\/wordpress\/wp-json\/wp\/v2\/users\/1"}],"replies":[{"embeddable":true,"href":"https:\/\/www.bio-nickl.de\/wordpress\/wp-json\/wp\/v2\/comments?post=2968"}],"version-history":[{"count":7,"href":"https:\/\/www.bio-nickl.de\/wordpress\/wp-json\/wp\/v2\/pages\/2968\/revisions"}],"predecessor-version":[{"id":7780,"href":"https:\/\/www.bio-nickl.de\/wordpress\/wp-json\/wp\/v2\/pages\/2968\/revisions\/7780"}],"wp:attachment":[{"href":"https:\/\/www.bio-nickl.de\/wordpress\/wp-json\/wp\/v2\/media?parent=2968"}],"curies":[{"name":"wp","href":"https:\/\/api.w.org\/{rel}","templated":true}]}}