{"id":3862,"date":"2019-10-06T09:35:06","date_gmt":"2019-10-06T07:35:06","guid":{"rendered":"http:\/\/www.bio-nickl.de\/wordpress\/?page_id=3862"},"modified":"2024-09-24T11:09:21","modified_gmt":"2024-09-24T09:09:21","slug":"did-meth-paed-oberstufe-g8","status":"publish","type":"page","link":"https:\/\/www.bio-nickl.de\/wordpress\/did-meth-paed-2\/did-meth-paed-oberstufe-g8\/","title":{"rendered":"Did.Meth.P\u00e4d. Oberstufe G8"},"content":{"rendered":"<p><span style=\"color: #993300;\">Hier finden Sie meine Skripten zur Didaktik, Methodik und P\u00e4dagogik der Oberstufe (Kursphase) nach dem Lehrplan des G8.<\/span><\/p>\n<p><span style=\"color: #ff0000;\">Meine didaktisch-methodischen Ausf\u00fchrungen beziehen sich auf den Normalbetrieb bei voller Stundenzahl (in Pr\u00e4senz) und bei normalem Unterrichtsbetrieb in den Vorjahren. Durch Corona bedingte Einschr\u00e4nkungen m\u00fcssen Sie selbst in der Unterrichtsplanung ber\u00fccksichtigten, ebenso eventuell fehlendes Vorwissen.<\/span><\/p>\n<p><strong>Informationen zur Kurswahl<\/strong> in der 10. Klasse: Bevor die Sch\u00fcler ihre Kurse w\u00e4hlen, sollten sie \u00fcber die jeweiligen Anforderungen in der Kursphase informiert werden. Auch wenn dabei die F\u00e4cher teilweise untereinander in Konkurrenz treten, sollte unter keinen Umst\u00e4nden ein Werbefeldzug veranstaltet werden. Vielmehr sollen die Sch\u00fcler Kriterien an die Hand bekommen, mit denen sie beurteilen k\u00f6nnen, welche F\u00e4cherkombination am besten zu ihren F\u00e4higkeiten und W\u00fcnschen passt. Sinnvoll ist eine zentrale Veranstaltung, in der die Anforderungen von allen F\u00e4chern vorgestellt werden. Oft schwanken Sch\u00fcler zwischen Biologie und Chemie. Dann k\u00f6nnte das eigene Temperament die Entscheidung herbei f\u00fchren: Der Biologie-Kurs enth\u00e4lt erheblich mehr Stoff als der Chemie-Kurs, aber wer in Biologie zwischendurch aussteigt, hat f\u00fcr die anderen Themen dadurch keine Nachteile. In Chemie ist es umgekehrt: Weniger Stoff, aber fast alles baut aufeinander auf; eine L\u00fccke zwischendrin beeintr\u00e4chtigt das Verst\u00e4ndnis in den sp\u00e4teren Kapiteln. Auch das Abitur k\u00f6nnte ein Kriterium sein: Das schriftliche Biologie-Abitur fordert sehr konzentriertes und schnelles Arbeiten aufgrund des gro\u00dfen Umfangs der Materialien; das schriftliche Chemie-Abitur setzt fundierte fachliche Kenntnisse voraus, ist aber \u00fcbersichtlicher und besser kalkulierbar.<\/p>\n<p><strong>Am Anfang<\/strong>: Es ist sinnvoll, den Kursteilnehmern die wesentlichen <strong>Operatoren<\/strong> zu erkl\u00e4ren, denn sie sollten nicht einfach vorausausgesetzt werden. Dazu erhalten sie ein Informationsblatt: <span style=\"color: #ff6600;\">Operatoren mit Erkl\u00e4rung [<a style=\"color: #ff6600;\" href=\"https:\/\/www.bio-nickl.de\/wordpress\/wp-content\/uploads\/2019\/10\/AM_B11.12_Operatoren.docx\">word<\/a>] [<a style=\"color: #ff6600;\" href=\"https:\/\/www.bio-nickl.de\/wordpress\/wp-content\/uploads\/2019\/10\/AM_B11.12_Operatoren.pdf\">pdf<\/a>]. <span style=\"color: #000000;\">Au\u00dferdem muss sichergestellt sein, dass die Kursteilnehmer in die neue <strong>Bewertungsskala<\/strong> mit 15 Punkten eingef\u00fchrt sind; ein Informationsblatt zur Umrechnung von Noten auf Punkten ist hilfreich: <span style=\"color: #ff6600;\">[<a style=\"color: #ff6600;\" href=\"https:\/\/www.bio-nickl.de\/wordpress\/wp-content\/uploads\/2019\/10\/AM_Bewertung_in_Punkten.docx\">word<\/a>] [<a style=\"color: #ff6600;\" href=\"https:\/\/www.bio-nickl.de\/wordpress\/wp-content\/uploads\/2019\/10\/AM_Bewertung_in_Punkten.pdf\">pdf<\/a>]<\/span><\/span> <\/span><\/p>\n<p><strong>Lehrplaninterpretation<\/strong>: Auch wenn der G8-Lehrplan in der Kursphase merklich ausf\u00fchrlicher formuliert ist als f\u00fcr die Jahre davor, ist er oft zu kryptisch und damit unklar. Dabei besteht die Gefahr, einerseits Aspekte wegzulassen, die abiturrelevant sind, andererseits zu viele Aspekte anzusprechen und damit in Zeitnot zu geraten. Die verbindlichste Interpretationshilfe ist &#8211; wie schon immer &#8211; die Sammlung der Abituraufgaben. Leider funktioniert das nicht im ersten und zweiten G\u00fcltigkeitsjahr eines neuen Lehrplans, aber diese Situation kommt erst wieder mit dem LehrplanPLUS auf die Lehrkr\u00e4fte zu.<\/p>\n<p><strong>Lehrplanumstellung<\/strong>: Urspr\u00fcnglich war das Kapitel &#8222;Der Mensch als Umweltfaktor&#8220; in der 12.\u00a0 und das Kapitel &#8222;Neuronale Informationsverarbeitung in der 11. Jahrgangsstufe angesiedelt. So ist das in den Schulb\u00fcchern zu sehen. Das ISB f\u00fchrte eine bayernweite Umfrage zum G8-Lehrplan durch, an der sich alle Lehrkr\u00e4fte beteiligen konnten. In Biologie zeigte sich ein extrem uneinheitliches Bild der R\u00fcckmeldungen au\u00dfer in der Kursphase. Daraufhin wurden die beiden genannten Kapitel ausgetauscht.<\/p>\n<p><strong>P\u00e4dagogik<\/strong>: Mit dem Eintritt in die Kursphase nehmen viele Sch\u00fcler eine erwachsenere Lernhaltung an, aber nicht alle. Wer sich immer noch pubert\u00e4r verh\u00e4lt, sollte verst\u00e4ndnisvoll, aber mit Nachdruck aufs richtige Gleis gestellt werden.<\/p>\n<p><strong>Methodik<\/strong>: Die Unterrichtsinhalte in der Kursphase sind in Biologie sehr <strong>umfangreich<\/strong> und teilweise sehr <strong>komplex<\/strong>; die vorgeschlagene Unterrichtszeit ist daf\u00fcr sehr knapp bemessen. Sch\u00fclerzentriertes Arbeiten kann dort effektiv sein, wo die Sch\u00fcler bereits erlernten Stoff vertiefen, wo Geschichten zu erz\u00e4hlen sind, wo sehr kleinschrittig Originaltexte auszuwerten sind. Aber die doch sehr alltagsfernen komplexen Inhalte wie beispielsweise die Abl\u00e4ufe bei den lichtabh\u00e4ngigen Reaktionen der Photosynthese, die Ionenmechanismen bei Ruhe- und Aktionspotential oder argumentative Ketten der Evolutionstheorie m\u00fcssen <strong>lehrerzentriert<\/strong> erarbeitet werden, sonst gehen wesentliche Gesichtspunkte unter, w\u00e4hrend andere sich mit einem falschen mentalen Bild einpr\u00e4gen. Wenn Sie wollen, dass ihre Kursteilnehmen solche komplexen Inhalte sicher nicht richtig begreifen, dann lassen Sie diese sch\u00fclerzentriert und arbeitsteilig &#8222;erarbeiten&#8220;. Ergo: Tun Sie&#8217;s nicht!<\/p>\n<p><strong>Zeit<\/strong>: Entgegen aller Beteuerungen ist der G8-Lehrplan der Kursphase, ebenso wie seine Vorl\u00e4ufer, sehr dicht gepackt mit meist komplexem und alltagsfernem Unterrichtsstoff. Trotzdem sollen zus\u00e4tzlich Kompetenzen einge\u00fcbt werden, einschlie\u00dflich des Umgangs mit umfangreichen Aufgabenstellungen mit mehrseitigem Material (wie im schriftlichen Abitur). Daf\u00fcr ist nur sehr wenig Zeit im Unterricht. Sparen Sie deshalb Zeit ein, wo es schadlos m\u00f6glich ist, indem Sie tunlichst alles weglassen, was vom Lehrplan nicht gefordert wird (erforderliche Ausnahmen betone ich in meinen Skripten) und setzen Sie den zeitaufwendigen sch\u00fclerzentrierten Unterricht sparsam und nur dort ein, wo er effektiv ist. Vertiefende Aufgaben m\u00fcssen zum gro\u00dfen Teil in die Hausaufgabe verlagert werden; die Kontrolle kann im folgenden Unterricht, aber auch durch L\u00f6sungsbl\u00e4tter erfolgen.<\/p>\n<p><strong>Pr\u00fcfungen<\/strong>: Es ist sinnvoll, bereits w\u00e4hrend der Behandlung der einzelnen Kapitel den Sch\u00fclern alte <strong>Abituraufgaben<\/strong> zur \u00dcbung als Hausaufgabe zu stellen und in der Folgestunde kurz zu besprechen. Das kostet zwar ein wenig Zeit, f\u00f6rdert aber das Verst\u00e4ndnis. Bevor in der Klausur schriftlich gepr\u00fcft wird, ist es notwendig, dass die Sch\u00fcler die dort verwendeten Aufgabentypen in \u00dcbungsaufgaben kennengelernt haben (z. B. Auswertung von Texten, Tabellen, Diagrammen; Anlegen von Diagrammen; Bearbeitung von Fehlertexten usw.). Die Sch\u00fcler ohne solche Vor\u00fcbungen in eine schriftliche Pr\u00fcfung gehen zu lassen, halte ich f\u00fcr ausgesprochen unfair und damit f\u00fcr unverantwortlich. Weitere Abituraufgaben werden in den letzten Unterrichtswochen vor dem Abitur besprochen. Ich erinnere daran, dass Abituraufgaben nicht in Klausuren gestellt werden d\u00fcrfen; es darf allenfalls Material daraus verwendet werden, aber mit abge\u00e4nderter Aufgabenstellung.<\/p>\n<p>Seit es im Ermessen der Lehrkraft liegt, ob Sch\u00fcler, die bei einer <strong>Kurzarbeit<\/strong> gefehlt haben, diese nachzuschreiben haben oder nicht, habe ich in der Kursphase keine Stegreifaufgaben mehr geschrieben, sondern nur noch Kurzarbeiten. Die Kursphase soll auf die Universit\u00e4t vorbereiten und da gibt es auch keine unangesagten schriftlichen Pr\u00fcfungen. Ob ein Sch\u00fcler eine vers\u00e4umte Kurzarbeit nachschreibt oder nicht, habe ich u. a. davon abh\u00e4ngig gemacht, ob ich gen\u00fcgend Noten von ihm hatte (wer regelm\u00e4\u00dfig gute Unterrichtsbeitr\u00e4ge liefert, hat nicht nachgeschrieben).<\/p>\n<p><strong>Abitur<\/strong>: Wie oben beim Abschnitt zur Kurswahl erw\u00e4hnt, ist das schriftliche Abitur in Biologie eine schwer kalkulierbare Angelegenheit. Das gr\u00f6\u00dfte Problem ist der gro\u00dfe Umfang an Materialien, die sorgf\u00e4ltig durchgesehen und erst einmal verstanden werden m\u00fcssen; immer wieder finden sich wesentliche Hinweise zur L\u00f6sung nicht im Text der betreffenden Teilaufgabe, sondern im Kopftext (das \u00fcbersieht man leicht, weil da auch viele Informationen stehen, die f\u00fcr die L\u00f6sung der Aufgabe unerheblich sind). Leider weigert sich das Ministerium nach wie vor, die Arbeitszeit zu verl\u00e4ngern, so dass im schriftlichen Biologie-Abitur ein massiver Zeitdruck aufgebaut wird. Der Anteil an Reproduktion der teilweise ja sehr komplexen Zusammenh\u00e4nge ist inzwischen sehr klein geworden; daf\u00fcr finden sich immer wieder Aufgaben, f\u00fcr die nur wenig fachliches Vorwissen n\u00f6tig ist. Deshalb eignet sich das schriftliche Abitur in Biologie vor allem f\u00fcr Sch\u00fcler im Feld der mittleren Leistungen, weniger f\u00fcr Sch\u00fcler im Spitzenfeld. Letzteren sei eher das Colloquium empfohlen. Zur Vorbereitung auf das schriftliche wie das m\u00fcndliche Abitur sollten Abituraufgaben zur \u00dcbung bearbeitet werden; das geschieht in den letzten beiden Unterrichtswochen, sollte aber auch w\u00e4hrend beider Kursjahre im laufenden Unterricht erfolgen.<\/p>\n<p><span style=\"color: #ff6600;\">Tipps f\u00fcr die Kursteilnehmer zur Bew\u00e4ltigung der Herausforderungen beim schriftlichen Abitur [<a style=\"color: #ff6600;\" href=\"https:\/\/www.bio-nickl.de\/wordpress\/wp-content\/uploads\/2020\/02\/AM_Q12_Tipps_schriftl_Abitur.docx\">word<\/a>] [<a style=\"color: #ff6600;\" href=\"https:\/\/www.bio-nickl.de\/wordpress\/wp-content\/uploads\/2020\/02\/AM_Q12_Tipps_schriftl_Abitur.pdf\">pdf<\/a>] sowie im Colloquium [<a style=\"color: #ff6600;\" href=\"https:\/\/www.bio-nickl.de\/wordpress\/wp-content\/uploads\/2020\/02\/AM_Q12_Tipps_Colloquium.docx\">word<\/a>] [<a style=\"color: #ff6600;\" href=\"https:\/\/www.bio-nickl.de\/wordpress\/wp-content\/uploads\/2020\/02\/AM_Q12_Tipps_Colloquium.pdf\">pdf<\/a>].<\/span><\/p>\n<h1><span style=\"color: #000080;\"><strong><span style=\"color: #000080;\">Q11<\/span> im G8<\/strong><\/span><\/h1>\n<p><span style=\"color: #ff6600;\">Grundwissen Q11 (Rupprecht-Gymnasium M\u00fcnchen): [<a style=\"color: #ff6600;\" href=\"https:\/\/www.bio-nickl.de\/wordpress\/wp-content\/uploads\/2019\/10\/AM_B11_GruWi_RGM_10.2018.docx\">word<\/a>]<\/span><\/p>\n<h1><strong>Zeitplan Q11:<\/strong><\/h1>\n<ul>\n<li><strong>Einf\u00fchrung<\/strong> 2 Stunden (KMK-Schl\u00fcssel, Bewertungspunkte, Sicherheitsbelehrung, Naturwissenschaftliche Erkenntnisgewinnung, drei Betrachtungsebenen in der Biologie, Evaluation von Vorwissen)<\/li>\n<li><strong>Cytologie<\/strong> ca. 6 Stunden<\/li>\n<li><strong>Biomolek\u00fcle und Enzyme<\/strong> ca. 8 Stunden f\u00fcr den Unterrichtsstoff plus ca. 3 Stunden f\u00fcr Praktikum und Kompetenztraining<\/li>\n<li><strong>Photosynthese<\/strong> ca. 12 Stunden<\/li>\n<li><strong>Stoffabbau<\/strong> ca. 6 Stunden, abgeschlossen vor Weihnachten<\/li>\n<li><strong>Molekulargenetik<\/strong> ca. 15 Stunden, etwa ab der ersten Schulwoche im Januar<\/li>\n<li><strong>Cytogenetik<\/strong> bis etwa zum Ende der ersten M\u00e4rzwoche, in der Regel vor Ostern abgeschlossen<\/li>\n<li><strong>Klassische Genetik, Humangenetik<\/strong><\/li>\n<li><strong>Gentechnik<\/strong>, abgeschlossen sp\u00e4testens in der zweiten Juniwoche<\/li>\n<li><strong>Der Mensch als Umweltfaktor &#8211; Populationsdynamik<\/strong> ca. 10 Stunden, abgeschlossen am Ende der ersten Juliwoche (denn danach k\u00f6nnen Sie nicht mehr mit Sicherheit damit rechnen, noch Stunden f\u00fcr neuen Stoff zu bekommen)<\/li>\n<\/ul>\n<h1><span style=\"color: #000000;\"><strong>I\u00a0 Strukturelle und energetische Grundlagen des Lebens (11.1)<\/strong><\/span><\/h1>\n<p>Zur Enzymatik bietet der Abschnitt 11 im ALP-Praktikumsordner &#8222;Bio? &#8211; Logisch!&#8220; eine umfassend erprobte Unterrichtshilfe mit genauen Hinweisen im Einleitungstext (auch von mir), in dem Lehrkr\u00e4fte ohne Chemie-Studium in wesentliche Aspekte der Praxis einweist.<\/p>\n<ul>\n<li style=\"list-style-type: none;\">\n<ul>\n<li><span style=\"color: #993300;\">Organisation und Funktion der Zelle<em><br \/>\n<\/em><\/span><\/li>\n<li><span style=\"color: #993300;\">Energiebindung und Stoffaufbau durch Photosynthese<\/span><\/li>\n<li><span style=\"color: #993300;\">Grundprinzipien der Energiefreisetzung durch Stoffabbau<\/span><\/li>\n<\/ul>\n<\/li>\n<\/ul>\n<p>Herausforderungen: viel ziemlich abstrakter und komplexer Unterrichtsstoff, weise Beschr\u00e4nkung beim Abschnitt zum Stoffabbau<\/p>\n<ul>\n<li style=\"list-style-type: none;\">\n<ul>\n<li><span style=\"color: #ff6600;\">Didaktisch-methodisches Skript zur Cytologie und Enzymatik [<a style=\"color: #ff6600;\" href=\"https:\/\/www.bio-nickl.de\/wordpress\/wp-content\/uploads\/2021\/08\/DM_Q11_Zelle_Enzyme_N1.docx\">word<\/a>] [<a style=\"color: #ff6600;\" href=\"https:\/\/www.bio-nickl.de\/wordpress\/wp-content\/uploads\/2021\/08\/DM_Q11_Zelle_Enzyme_N1.pdf\">pdf<\/a>]<\/span><\/li>\n<li><span style=\"color: #ff6600;\">didaktisch-methodisches Skript zu Photosynthese und Stoffabbau: [<a style=\"color: #ff6600;\" href=\"https:\/\/www.bio-nickl.de\/wordpress\/wp-content\/uploads\/2021\/10\/DM_B11_Stoffwechsel_N5.docx\">word<\/a>] [<a style=\"color: #ff6600;\" href=\"https:\/\/www.bio-nickl.de\/wordpress\/wp-content\/uploads\/2021\/10\/DM_B11_Stoffwechsel_N5.pdf\">pdf<\/a>]<br \/>\n<\/span><\/li>\n<\/ul>\n<\/li>\n<\/ul>\n<h1><strong>II\u00a0 Genetik und Gentechnik (11.2)<\/strong><\/h1>\n<h4><span style=\"color: #333333;\">1 Molekulargenetik<\/span><\/h4>\n<p>Herausforderung: viel Stoff in knapper Zeit, ziemlich abstrakt und alltagsfern; eventuell Fehlvorstellungen aus der Mittelstufe<\/p>\n<p><span style=\"color: #ff6600;\">didaktisch-methodisches Skript zur Molekulargenetik in Q11 (ohne Replikation; die steht bei der Cytogenetik): [<a style=\"color: #ff6600;\" href=\"https:\/\/www.bio-nickl.de\/wordpress\/wp-content\/uploads\/2021\/10\/DM_B11_MolekulargenetikN2.docx\">word<\/a>] [<a style=\"color: #ff6600;\" href=\"https:\/\/www.bio-nickl.de\/wordpress\/wp-content\/uploads\/2021\/10\/DM_B11_MolekulargenetikN2.pdf\">pdf<\/a>]<br \/>\n<\/span><\/p>\n<h4>2 Cytogenetik<\/h4>\n<p>Herausforderung: eventuell Fehlvorstellungen aus der Mittelstufe; Verwechselformen (2 Einzelstr\u00e4nge der DNA; 2 Schwesterchromatiden; 2 Homologe im diploiden Satz)<\/p>\n<p><span style=\"color: #ff6600;\">didaktisch-methodisches Skript zur Cytogenetik in Q11 (einschlie\u00dflich des molekularen Mechanismus zur Replikation): [<a style=\"color: #ff6600;\" href=\"https:\/\/www.bio-nickl.de\/wordpress\/wp-content\/uploads\/2020\/03\/DM_B11_CytogenetikN4.docx\">word<\/a>] [<a style=\"color: #ff6600;\" href=\"https:\/\/www.bio-nickl.de\/wordpress\/wp-content\/uploads\/2020\/03\/DM_B11_CytogenetikN4.pdf\">pdf<\/a>]<br \/>\n<\/span><\/p>\n<h4>3 Klassische Genetik<\/h4>\n<p>Herausforderung: Manche Kurse vermuten hier Probleme, die gar keine sind; manche Sch\u00fcler k\u00f6nnen ein Kreuzungsschema korrekt zeichnen, ohne zu wissen, was die Symbole bedeuten, manche Sch\u00fcler meinen, Mendel h\u00e4tte bei seinen Kreuzungsversuchen gelbe und gr\u00fcne Erbsensamen zusammen gesch\u00fcttelt und damit neue Erbsensamen erzeugt.<\/p>\n<p><span style=\"color: #ff6600;\">didaktisch-methodisches Skript zur Klassischen Genetik in Q11 (ohne Humangenetik): [<a style=\"color: #ff6600;\" href=\"https:\/\/www.bio-nickl.de\/wordpress\/wp-content\/uploads\/2020\/01\/DM_B11_Klass.Genetik_N2.docx\">word<\/a>] [<a style=\"color: #ff6600;\" href=\"https:\/\/www.bio-nickl.de\/wordpress\/wp-content\/uploads\/2020\/01\/DM_B11_Klass.Genetik_N2.pdf\">pdf<\/a>]<br \/>\n<\/span><\/p>\n<h4>4 Humangenetik<\/h4>\n<p>Herausforderung: Der Unterschied zwischen der Wahrscheinlichkeitsaussage eines Kreuzungsschemas und der Darstellung konkreter Personen im Familienstammbaum, v. a. wenn am Ende mit Hilfe des Stammbaum Wahrscheinlichkeiten f\u00fcr k\u00fcnftige Nachkommen berechnet werden.<\/p>\n<p><span style=\"color: #ff6600;\">didaktisch-methodisches Skript zur Humangenetik in Q11\u00a0 [<a style=\"color: #ff6600;\" href=\"https:\/\/www.bio-nickl.de\/wordpress\/wp-content\/uploads\/2020\/01\/DM_Q11_Humangenetik.docx\">word<\/a>] [<a style=\"color: #ff6600;\" href=\"https:\/\/www.bio-nickl.de\/wordpress\/wp-content\/uploads\/2020\/01\/DM_Q11_Humangenetik.pdf\">pdf<\/a>]<\/span><\/p>\n<h4>5 Gentechnik<\/h4>\n<p>Herausforderung: Die Entwicklung geht so rasend voran, dass auch wesentliche Neuerung (wie CRISPR\/Cas) im Lehrplan nicht auftreten k\u00f6nnen. Weise Reduktion der Fachbegriffe und Fachinhalte, nicht zu viele Details, nicht zu viele Beispiele! Abituraufgaben dazu sind bisweilen ziemlich knifflig.<\/p>\n<p><span style=\"color: #ff6600;\">didaktisch-methodisches Skript zur Gentechnik in Q11 [<a style=\"color: #ff6600;\" href=\"https:\/\/www.bio-nickl.de\/wordpress\/wp-content\/uploads\/2020\/08\/DM_Q11_Gentechnik-N2.docx\">word<\/a>] [<a style=\"color: #ff6600;\" href=\"https:\/\/www.bio-nickl.de\/wordpress\/wp-content\/uploads\/2020\/08\/DM_Q11_Gentechnik-N2.pdf\">pdf<\/a>]<br \/>\n<\/span><\/p>\n<h1><strong>III\u00a0 Der Mensch als Umweltfaktor &#8211; Populationsdynamnik (11.3)<\/strong><\/h1>\n<p>Herausforderung: Zeitnot gegen Ende des Schuljahres<\/p>\n<p><span style=\"color: #ff6600;\">didaktisch-methodisches Skript zur Populationsdynamik [<a style=\"color: #ff6600;\" href=\"https:\/\/www.bio-nickl.de\/wordpress\/wp-content\/uploads\/2020\/02\/DM_Q11_Populationsdynamik_N1.docx\">word<\/a>] [<a style=\"color: #ff6600;\" href=\"https:\/\/www.bio-nickl.de\/wordpress\/wp-content\/uploads\/2020\/02\/DM_Q11_Populationsdynamik_N1.pdf\">pdf<\/a>]<br \/>\n<\/span><\/p>\n<h1><span style=\"color: #000080;\"><strong>Q12 im G8<\/strong><\/span><\/h1>\n<p><span style=\"color: #ff6600;\">Grundwissen Q12 (Rupprecht-Gymnasium M\u00fcnchen): [<a style=\"color: #ff6600;\" href=\"https:\/\/www.bio-nickl.de\/wordpress\/wp-content\/uploads\/2020\/02\/AM_B12_GruWi_RGM.pdf\">pdf<\/a>]<\/span><\/p>\n<h1><strong>I\u00a0 Evolution (12.1)<\/strong><\/h1>\n<ul>\n<li><span style=\"color: #993300;\">Evolutionsforschung<\/span><\/li>\n<li><span style=\"color: #993300;\">Mechanismen der Evolution<\/span><\/li>\n<li><span style=\"color: #993300;\">Evolutionsprozesse<\/span><\/li>\n<li><span style=\"color: #993300;\">Evolution des Menschen<\/span><\/li>\n<\/ul>\n<p>Herausforderungen: Fehlvorstellungen, Alltagsferne, fundamentalistische Gegenstr\u00f6mungen, unscharfe Fachsprache<\/p>\n<p><span style=\"color: #ff6600;\">didaktisch-methodisches Skript zu Evolution [<a style=\"color: #ff6600;\" href=\"https:\/\/www.bio-nickl.de\/wordpress\/wp-content\/uploads\/2021\/10\/DM_B12_Evolution_N4.docx\">word<\/a>] [<a style=\"color: #ff6600;\" href=\"https:\/\/www.bio-nickl.de\/wordpress\/wp-content\/uploads\/2021\/10\/DM_B12_Evolution_N4.pdf\">pdf<\/a>]<br \/>\n<\/span><\/p>\n<h1><span style=\"color: #000000;\"><strong>II\u00a0 Neuronale Informationsverarbeitung (12.2)<\/strong><\/span><\/h1>\n<ul>\n<li><span style=\"color: #993300;\">Bau eines Neurons<\/span><\/li>\n<li><span style=\"color: #993300;\">Ruhe- und Aktionspotential<\/span><\/li>\n<li><span style=\"color: #993300;\">chemische Synapsen<\/span><\/li>\n<\/ul>\n<p>Herausforderungen: gro\u00dfe Stofff\u00fclle, ziemlich abstrakter Stoff<\/p>\n<p><span style=\"color: #ff6600;\">didaktisch-methodisches Skript zur Neurobiologie [<a style=\"color: #ff6600;\" href=\"https:\/\/www.bio-nickl.de\/wordpress\/wp-content\/uploads\/2020\/09\/DM_B12_Neurobiologie-N1.docx\">word<\/a>] [<a style=\"color: #ff6600;\" href=\"https:\/\/www.bio-nickl.de\/wordpress\/wp-content\/uploads\/2020\/09\/DM_B12_Neurobiologie-N1.pdf\">pdf<\/a>]<\/span><\/p>\n<h1><strong>III\u00a0 Verhaltensbiologie (12.3)<\/strong><\/h1>\n<ul>\n<li><span style=\"color: #993300;\">Vollst\u00e4ndig und \u00fcberwiegend genetisch bedingte Verhaltensweisen<\/span><\/li>\n<li><span style=\"color: #993300;\">Erweiterung einfacher Verhaltensweisen durch Lerneinfl\u00fcsse<\/span><\/li>\n<li><span style=\"color: #993300;\">Individuum und soziale Gruppe<\/span><\/li>\n<\/ul>\n<p>Herausforderungen: Extreme Zeitnot macht Straffungen und Streichungen notwendig. Das ist schade bei dem anschaulichen, lebensnahen und f\u00fcr die Sch\u00fcler sehr interessanten Fachgebiet. Herausforderung f\u00fcr etablierte Lehrkr\u00e4fte: Keine Inhalte aus dem alten G9-Lehrplan unterrichten, die im G8-Lehrplan nicht auftauchen; teilweise neue Nomenklatur anwenden.<\/p>\n<p><span style=\"color: #ff6600;\">didaktisch-methodisches Skript zur Verhaltensbiologie [<a style=\"color: #ff6600;\" href=\"https:\/\/www.bio-nickl.de\/wordpress\/wp-content\/uploads\/2020\/04\/DM_Q12_Verhalten_N1.docx\">word<\/a>] [<a style=\"color: #ff6600;\" href=\"https:\/\/www.bio-nickl.de\/wordpress\/wp-content\/uploads\/2020\/04\/DM_Q12_Verhalten_N1.pdf\">pdf<\/a>]<br \/>\n<\/span><\/p>\n<p>Die Technische Informationsbibliothek Hannover (TIB), die dem Ministerium f\u00fcr Wissen\u00adschaft und Kultur des Landes Niedersachsen untersteht, stellt \u00fcber ihr TIB AV-Portal [av.tib.eu] wissenschaftlich gepr\u00fcfte Filme u. a. aus der Biologie zur Verf\u00fcgung. Das korrekte Zitieren eines Filmes wird durch einen Digital Object Identifier (DOI) unterst\u00fctzt. Ausgew\u00e4hlte historische Filme habe ich hier mit Link und Ablaufprotokoll aufgef\u00fchrt: <span style=\"color: #ff6600;\">[<a style=\"color: #ff6600;\" href=\"https:\/\/www.bio-nickl.de\/wordpress\/wp-content\/uploads\/2020\/04\/AM_Q12_Vh10_Historische-Filme_N1.docx\">word<\/a>] [<a style=\"color: #ff6600;\" href=\"https:\/\/www.bio-nickl.de\/wordpress\/wp-content\/uploads\/2020\/04\/AM_Q12_Vh10_Historische-Filme_N1.pdf\">pdf<\/a>]<\/span><\/p>\n","protected":false},"excerpt":{"rendered":"<p>Hier finden Sie meine Skripten zur Didaktik, Methodik und P\u00e4dagogik der Oberstufe (Kursphase) nach dem Lehrplan des G8. Meine didaktisch-methodischen Ausf\u00fchrungen beziehen sich auf den Normalbetrieb bei voller Stundenzahl (in Pr\u00e4senz) und bei normalem Unterrichtsbetrieb in den Vorjahren. Durch Corona bedingte Einschr\u00e4nkungen m\u00fcssen Sie selbst in der Unterrichtsplanung ber\u00fccksichtigten, ebenso eventuell fehlendes Vorwissen. Informationen zur &hellip; <\/p>\n<p class=\"link-more\"><a href=\"https:\/\/www.bio-nickl.de\/wordpress\/did-meth-paed-2\/did-meth-paed-oberstufe-g8\/\" class=\"more-link\"><span class=\"screen-reader-text\">\u201eDid.Meth.P\u00e4d. Oberstufe G8\u201c<\/span> weiterlesen<\/a><\/p>\n","protected":false},"author":1,"featured_media":0,"parent":2968,"menu_order":3,"comment_status":"closed","ping_status":"closed","template":"","meta":{"om_disable_all_campaigns":false,"_monsterinsights_skip_tracking":false,"_monsterinsights_sitenote_active":false,"_monsterinsights_sitenote_note":"","_monsterinsights_sitenote_category":0,"footnotes":""},"class_list":["post-3862","page","type-page","status-publish","hentry"],"aioseo_notices":[],"_links":{"self":[{"href":"https:\/\/www.bio-nickl.de\/wordpress\/wp-json\/wp\/v2\/pages\/3862","targetHints":{"allow":["GET"]}}],"collection":[{"href":"https:\/\/www.bio-nickl.de\/wordpress\/wp-json\/wp\/v2\/pages"}],"about":[{"href":"https:\/\/www.bio-nickl.de\/wordpress\/wp-json\/wp\/v2\/types\/page"}],"author":[{"embeddable":true,"href":"https:\/\/www.bio-nickl.de\/wordpress\/wp-json\/wp\/v2\/users\/1"}],"replies":[{"embeddable":true,"href":"https:\/\/www.bio-nickl.de\/wordpress\/wp-json\/wp\/v2\/comments?post=3862"}],"version-history":[{"count":90,"href":"https:\/\/www.bio-nickl.de\/wordpress\/wp-json\/wp\/v2\/pages\/3862\/revisions"}],"predecessor-version":[{"id":7823,"href":"https:\/\/www.bio-nickl.de\/wordpress\/wp-json\/wp\/v2\/pages\/3862\/revisions\/7823"}],"up":[{"embeddable":true,"href":"https:\/\/www.bio-nickl.de\/wordpress\/wp-json\/wp\/v2\/pages\/2968"}],"wp:attachment":[{"href":"https:\/\/www.bio-nickl.de\/wordpress\/wp-json\/wp\/v2\/media?parent=3862"}],"curies":[{"name":"wp","href":"https:\/\/api.w.org\/{rel}","templated":true}]}}