{"id":5561,"date":"2020-07-11T10:41:56","date_gmt":"2020-07-11T08:41:56","guid":{"rendered":"https:\/\/www.bio-nickl.de\/wordpress\/?page_id=5561"},"modified":"2020-07-14T20:49:04","modified_gmt":"2020-07-14T18:49:04","slug":"photos-libellen","status":"publish","type":"page","link":"https:\/\/www.bio-nickl.de\/wordpress\/photos-libellen\/","title":{"rendered":"Photos Libellen"},"content":{"rendered":"<p>Libellen lassen sich an den meisten Gew\u00e4ssern in der warmen Jahreszeit leicht beobachten. Wenn sie darauf achten, ist es auch f\u00fcr Sch\u00fcler verbl\u00fcffend, wie stark Libellen im Flug beschleunigen, kurz darauf wie ein Hubschrauber in der Luft stehen oder wie geschickt sie man\u00f6vrieren. Bei l\u00e4ngerer Beobachtung lassen sich unterschiedliche Verhaltensweisen entdecken: Bestimmte Arten (wie die Gro\u00dfe K\u00f6nigslibelle, <em>Anax imperator<\/em>, unsere gr\u00f6\u00dfte einheimische Libelle) ziehen best\u00e4ndig ihre Kreise, um ihr Revier abzustecken, andere (wie der Vierfleck, <em>Libellula quadrimaculata<\/em>) sitzen dagegen oft auf einem Halm, um ihre Umgebung genau zu beobachten.<\/p>\n<p>Mit etwas Gl\u00fcck lassen sich Libellen beim Gesch\u00e4ft der\u00a0 <strong>Fortpflanzung<\/strong> beobachten: Die Weibchen der K\u00f6nigslibelle sitzen beim Laichen bis zu mehrere Minuten ruhig auf einem Seerosenblatt oder einem St\u00e4ngel und legen sorgf\u00e4ltig Ei f\u00fcr Ei unter Wasser ab, w\u00e4hrend die Weibchen des Vierflecks knapp \u00fcber der Wasseroberfl\u00e4che im Flug ihre Eier einzeln ins Wasser schleudern, bewacht und verteidigt vom M\u00e4nnchen. Kleinlibellen fliegen \u00fcber l\u00e4ngere Phasen hinweg im Tandem, wobei das M\u00e4nnchen das Weibchen mit seinen Hinterleibs-Zangen im \u201eGenick\u201c festh\u00e4lt. Auch bei der Eiablage bleiben die beiden zusammen: Das M\u00e4nnchen steht dabei meist fast senkrecht nach oben, w\u00e4hrend das Weibchen die Eier einzeln an Wasserpflanzen ablegt.<\/p>\n<p>Alle Libellen vollziehen eine vollst\u00e4ndige Metamorphose, die den Sch\u00fclern von den Froschlurchen her ggf. bekannt ist. In der 9. Klasse nach LehrplanPLUS wird dieses Ph\u00e4nomen bei Gliedertieren behandelt. Die <strong>Larven<\/strong> der meisten Gro\u00dflibellen sind mehrere Zentimeter lang und lassen sich bisweilen im Gew\u00e4sser beobachten; sie sind allerdings leicht zu verwechseln mit Eintags- oder Steinfliegen-Larven. Damit die adulte Libelle im Trockenen schl\u00fcpfen kann, begibt sich das letzte Larvenstadium aus dem Wasser und klammert sich an Halmen, Bl\u00e4ttern, Steinen usw. fest. Die leere Larvenh\u00fclle (die Exuvie) bleibt je nach Wetter bis zu mehrere Tage dort h\u00e4ngen.<\/p>\n<p>Die <strong>Bestimmung<\/strong> der einzelnen Arten ist nicht immer einfach. In der Regel gen\u00fcgt es, wenn die Sch\u00fcler die (adulten) Libellen (Ordnung: <em>Odonata<\/em>) aufgrund ihres Habitus (sehr lange Fl\u00fcgel, sehr langer Hinterleib) von anderen Fluginsekten unterscheiden. Interessierte Sch\u00fcler k\u00f6nnten lernen, die beiden wesentlichen Unterordnungen Gro\u00df- und Kleinlibellen zu unterscheiden, denn das ist nicht schwierig:<\/p>\n<p><strong>Gro\u00dflibellen<\/strong> (<em>Anisoptera<\/em>) klappen ihre Fl\u00fcgel im Sitzen nie zusammen, sondern strecken sie seitlich oder leicht nach unten gerichtet weg. Ihre riesigen Augen sto\u00dfen oben auf dem \u201eScheitel\u201c zusammen. Die meisten Gro\u00dflibellen sind auch sehr gro\u00df.<\/p>\n<p>Fast alle <strong>Kleinlibellen<\/strong> (<em>Zygoptera<\/em>) klappen ihre Fl\u00fcgel im Sitzen \u00fcber dem Hinterleib zusammen. Ihre Augen sto\u00dfen nie zusammen. Zwar erreichen manche Kleinlibellen-Arten K\u00f6rperl\u00e4ngen wie mittelgro\u00dfe Gro\u00dflibellen, aber ihr Hinterleib ist stets viel d\u00fcnner.<\/p>\n<p>Weil ich mir auch nicht allzu sicher bin, bitte ich um R\u00fcckmeldung, wenn ich eine der dargestellten Arten nicht korrekt benannt haben sollte.<\/p>\n<p><strong>Gro\u00dflibellen:<\/strong><\/p>\n<div id='gallery-1' class='gallery galleryid-5561 gallery-columns-3 gallery-size-thumbnail'><figure class='gallery-item'>\n\t\t\t<div class='gallery-icon landscape'>\n\t\t\t\t<a href='https:\/\/www.bio-nickl.de\/wordpress\/18-5-20-grosslibelle-2\/'><img loading=\"lazy\" decoding=\"async\" width=\"150\" height=\"150\" src=\"https:\/\/www.bio-nickl.de\/wordpress\/wp-content\/uploads\/2020\/07\/18.5.20-Gro\u00dflibelle-2-150x150.jpg\" class=\"attachment-thumbnail size-thumbnail\" alt=\"\" aria-describedby=\"gallery-1-5572\" srcset=\"https:\/\/www.bio-nickl.de\/wordpress\/wp-content\/uploads\/2020\/07\/18.5.20-Gro\u00dflibelle-2-150x150.jpg 150w, https:\/\/www.bio-nickl.de\/wordpress\/wp-content\/uploads\/2020\/07\/18.5.20-Gro\u00dflibelle-2-100x100.jpg 100w\" sizes=\"auto, 100vw\" \/><\/a>\n\t\t\t<\/div>\n\t\t\t\t<figcaption class='wp-caption-text gallery-caption' id='gallery-1-5572'>\n\t\t\t\tEin Vierfleck-Weibchen (Libellula quadrimaculata) sitzt mit waagrecht abstehenden Fl\u00fcgeln auf einem Halm.\n\t\t\t\t<\/figcaption><\/figure><figure class='gallery-item'>\n\t\t\t<div class='gallery-icon landscape'>\n\t\t\t\t<a href='https:\/\/www.bio-nickl.de\/wordpress\/21-5-17-plattbauchlibelle-weibchen\/'><img loading=\"lazy\" decoding=\"async\" width=\"150\" height=\"150\" src=\"https:\/\/www.bio-nickl.de\/wordpress\/wp-content\/uploads\/2020\/07\/21.5.17-Plattbauchlibelle-Weibchen-150x150.jpg\" class=\"attachment-thumbnail size-thumbnail\" alt=\"\" aria-describedby=\"gallery-1-5573\" srcset=\"https:\/\/www.bio-nickl.de\/wordpress\/wp-content\/uploads\/2020\/07\/21.5.17-Plattbauchlibelle-Weibchen-150x150.jpg 150w, https:\/\/www.bio-nickl.de\/wordpress\/wp-content\/uploads\/2020\/07\/21.5.17-Plattbauchlibelle-Weibchen-100x100.jpg 100w\" sizes=\"auto, 100vw\" \/><\/a>\n\t\t\t<\/div>\n\t\t\t\t<figcaption class='wp-caption-text gallery-caption' id='gallery-1-5573'>\n\t\t\t\tEin Weibchen der Plattbauchlibelle (Libellula depressa) sitzt auf einem Halm, die Fl\u00fcgel etwas nach unten geklappt.\n\t\t\t\t<\/figcaption><\/figure><figure class='gallery-item'>\n\t\t\t<div class='gallery-icon landscape'>\n\t\t\t\t<a href='https:\/\/www.bio-nickl.de\/wordpress\/9-9-18-rote-grosslibelle-im-gegenlicht\/'><img loading=\"lazy\" decoding=\"async\" width=\"150\" height=\"150\" src=\"https:\/\/www.bio-nickl.de\/wordpress\/wp-content\/uploads\/2020\/07\/9.9.18-Rote-Gro\u00dflibelle-im-Gegenlicht-150x150.jpg\" class=\"attachment-thumbnail size-thumbnail\" alt=\"\" aria-describedby=\"gallery-1-5571\" srcset=\"https:\/\/www.bio-nickl.de\/wordpress\/wp-content\/uploads\/2020\/07\/9.9.18-Rote-Gro\u00dflibelle-im-Gegenlicht-150x150.jpg 150w, https:\/\/www.bio-nickl.de\/wordpress\/wp-content\/uploads\/2020\/07\/9.9.18-Rote-Gro\u00dflibelle-im-Gegenlicht-100x100.jpg 100w\" sizes=\"auto, 100vw\" \/><\/a>\n\t\t\t<\/div>\n\t\t\t\t<figcaption class='wp-caption-text gallery-caption' id='gallery-1-5571'>\n\t\t\t\tEine rote Gro\u00dflibelle (vermutlich Blutrote Heidelibelle, Sympetrum sanguineum) sitzt mit etwas nach unten weisenden Fl\u00fcgeln auf einem Halm.\n\t\t\t\t<\/figcaption><\/figure><figure class='gallery-item'>\n\t\t\t<div class='gallery-icon landscape'>\n\t\t\t\t<a href='https:\/\/www.bio-nickl.de\/wordpress\/14-10-18-heidelibelle-auf-stein\/'><img loading=\"lazy\" decoding=\"async\" width=\"150\" height=\"150\" src=\"https:\/\/www.bio-nickl.de\/wordpress\/wp-content\/uploads\/2020\/07\/14.10.18-Heidelibelle-auf-Stein-150x150.jpg\" class=\"attachment-thumbnail size-thumbnail\" alt=\"\" aria-describedby=\"gallery-1-5578\" srcset=\"https:\/\/www.bio-nickl.de\/wordpress\/wp-content\/uploads\/2020\/07\/14.10.18-Heidelibelle-auf-Stein-150x150.jpg 150w, https:\/\/www.bio-nickl.de\/wordpress\/wp-content\/uploads\/2020\/07\/14.10.18-Heidelibelle-auf-Stein-100x100.jpg 100w\" sizes=\"auto, 100vw\" \/><\/a>\n\t\t\t<\/div>\n\t\t\t\t<figcaption class='wp-caption-text gallery-caption' id='gallery-1-5578'>\n\t\t\t\tBlutrote Heidelibelle (Sympetrum sanguineum) mit waagrecht ausgebreiteten Fl\u00fcgeln auf einem Stein.\n\t\t\t\t<\/figcaption><\/figure><figure class='gallery-item'>\n\t\t\t<div class='gallery-icon landscape'>\n\t\t\t\t<a href='https:\/\/www.bio-nickl.de\/wordpress\/libelle-fluegelschlag\/'><img loading=\"lazy\" decoding=\"async\" width=\"150\" height=\"150\" src=\"https:\/\/www.bio-nickl.de\/wordpress\/wp-content\/uploads\/2020\/07\/Libelle-Fl\u00fcgelschlag-150x150.jpg\" class=\"attachment-thumbnail size-thumbnail\" alt=\"\" aria-describedby=\"gallery-1-5576\" srcset=\"https:\/\/www.bio-nickl.de\/wordpress\/wp-content\/uploads\/2020\/07\/Libelle-Fl\u00fcgelschlag-150x150.jpg 150w, https:\/\/www.bio-nickl.de\/wordpress\/wp-content\/uploads\/2020\/07\/Libelle-Fl\u00fcgelschlag-100x100.jpg 100w\" sizes=\"auto, 100vw\" \/><\/a>\n\t\t\t<\/div>\n\t\t\t\t<figcaption class='wp-caption-text gallery-caption' id='gallery-1-5576'>\n\t\t\t\tLibellen besitzen eine direkte Flugmuskulatur und k\u00f6nnen die Bewegungen ihrer vier Fl\u00fcgel deshalb einzeln steuern. (Blaugr\u00fcne Mosaikjungfer, Aeschna cyanea)\n\t\t\t\t<\/figcaption><\/figure><figure class='gallery-item'>\n\t\t\t<div class='gallery-icon landscape'>\n\t\t\t\t<a href='https:\/\/www.bio-nickl.de\/wordpress\/2018-05-27-andere-koenigslibelle-2\/'><img loading=\"lazy\" decoding=\"async\" width=\"150\" height=\"150\" src=\"https:\/\/www.bio-nickl.de\/wordpress\/wp-content\/uploads\/2020\/07\/2018.05.27-andere-K\u00f6nigslibelle-2-150x150.jpg\" class=\"attachment-thumbnail size-thumbnail\" alt=\"\" aria-describedby=\"gallery-1-5574\" srcset=\"https:\/\/www.bio-nickl.de\/wordpress\/wp-content\/uploads\/2020\/07\/2018.05.27-andere-K\u00f6nigslibelle-2-150x150.jpg 150w, https:\/\/www.bio-nickl.de\/wordpress\/wp-content\/uploads\/2020\/07\/2018.05.27-andere-K\u00f6nigslibelle-2-100x100.jpg 100w\" sizes=\"auto, 100vw\" \/><\/a>\n\t\t\t<\/div>\n\t\t\t\t<figcaption class='wp-caption-text gallery-caption' id='gallery-1-5574'>\n\t\t\t\tWeibchen der Gro\u00dfen K\u00f6nigslibelle (Anax imperator) bei der Eiablage\n\t\t\t\t<\/figcaption><\/figure><figure class='gallery-item'>\n\t\t\t<div class='gallery-icon portrait'>\n\t\t\t\t<a href='https:\/\/www.bio-nickl.de\/wordpress\/2018-05-27-traut-vereint\/'><img loading=\"lazy\" decoding=\"async\" width=\"150\" height=\"150\" src=\"https:\/\/www.bio-nickl.de\/wordpress\/wp-content\/uploads\/2020\/07\/2018.05.27-Traut-vereint-150x150.jpg\" class=\"attachment-thumbnail size-thumbnail\" alt=\"\" aria-describedby=\"gallery-1-5575\" srcset=\"https:\/\/www.bio-nickl.de\/wordpress\/wp-content\/uploads\/2020\/07\/2018.05.27-Traut-vereint-150x150.jpg 150w, https:\/\/www.bio-nickl.de\/wordpress\/wp-content\/uploads\/2020\/07\/2018.05.27-Traut-vereint-100x100.jpg 100w\" sizes=\"auto, 100vw\" \/><\/a>\n\t\t\t<\/div>\n\t\t\t\t<figcaption class='wp-caption-text gallery-caption' id='gallery-1-5575'>\n\t\t\t\tEin Kleinlibellen-Paar und eine Gro\u00dflibelle (Gro\u00dfe K\u00f6nigslibelle, Anax imperator) direkt nebeneinander bei der Eiablage.\n\t\t\t\t<\/figcaption><\/figure>\n\t\t<\/div>\n\n<p><strong>Kleinlibellen:<\/strong><\/p>\n<div id='gallery-2' class='gallery galleryid-5561 gallery-columns-3 gallery-size-thumbnail'><figure class='gallery-item'>\n\t\t\t<div class='gallery-icon landscape'>\n\t\t\t\t<a href='https:\/\/www.bio-nickl.de\/wordpress\/olympus-digital-camera-285\/'><img loading=\"lazy\" decoding=\"async\" width=\"150\" height=\"150\" src=\"https:\/\/www.bio-nickl.de\/wordpress\/wp-content\/uploads\/2020\/07\/2018.05.18-Kleinlibelle-Cm-150x150.jpg\" class=\"attachment-thumbnail size-thumbnail\" alt=\"\" aria-describedby=\"gallery-2-5582\" srcset=\"https:\/\/www.bio-nickl.de\/wordpress\/wp-content\/uploads\/2020\/07\/2018.05.18-Kleinlibelle-Cm-150x150.jpg 150w, https:\/\/www.bio-nickl.de\/wordpress\/wp-content\/uploads\/2020\/07\/2018.05.18-Kleinlibelle-Cm-100x100.jpg 100w\" sizes=\"auto, 100vw\" \/><\/a>\n\t\t\t<\/div>\n\t\t\t\t<figcaption class='wp-caption-text gallery-caption' id='gallery-2-5582'>\n\t\t\t\tDunkle Kleinlibelle auf einer Seerosenbl\u00fcte mit zusammengefalteten Fl\u00fcgeln.\n\t\t\t\t<\/figcaption><\/figure><figure class='gallery-item'>\n\t\t\t<div class='gallery-icon portrait'>\n\t\t\t\t<a href='https:\/\/www.bio-nickl.de\/wordpress\/18-5-16-rote-kleinlibelle\/'><img loading=\"lazy\" decoding=\"async\" width=\"150\" height=\"150\" src=\"https:\/\/www.bio-nickl.de\/wordpress\/wp-content\/uploads\/2020\/07\/18.5.16-rote-Kleinlibelle-150x150.jpg\" class=\"attachment-thumbnail size-thumbnail\" alt=\"\" aria-describedby=\"gallery-2-5579\" srcset=\"https:\/\/www.bio-nickl.de\/wordpress\/wp-content\/uploads\/2020\/07\/18.5.16-rote-Kleinlibelle-150x150.jpg 150w, https:\/\/www.bio-nickl.de\/wordpress\/wp-content\/uploads\/2020\/07\/18.5.16-rote-Kleinlibelle-100x100.jpg 100w\" sizes=\"auto, 100vw\" \/><\/a>\n\t\t\t<\/div>\n\t\t\t\t<figcaption class='wp-caption-text gallery-caption' id='gallery-2-5579'>\n\t\t\t\tRote Kleinlibelle mit zusammengeklappten Fl\u00fcgeln auf einem Aluminiumtr\u00e4ger.\n\t\t\t\t<\/figcaption><\/figure><figure class='gallery-item'>\n\t\t\t<div class='gallery-icon landscape'>\n\t\t\t\t<a href='https:\/\/www.bio-nickl.de\/wordpress\/2018-05-29-azurjungfern-quartett-1\/'><img loading=\"lazy\" decoding=\"async\" width=\"150\" height=\"150\" src=\"https:\/\/www.bio-nickl.de\/wordpress\/wp-content\/uploads\/2020\/07\/2018.05.29-Azurjungfern-Quartett-1-150x150.jpg\" class=\"attachment-thumbnail size-thumbnail\" alt=\"\" aria-describedby=\"gallery-2-5583\" srcset=\"https:\/\/www.bio-nickl.de\/wordpress\/wp-content\/uploads\/2020\/07\/2018.05.29-Azurjungfern-Quartett-1-150x150.jpg 150w, https:\/\/www.bio-nickl.de\/wordpress\/wp-content\/uploads\/2020\/07\/2018.05.29-Azurjungfern-Quartett-1-100x100.jpg 100w\" sizes=\"auto, 100vw\" \/><\/a>\n\t\t\t<\/div>\n\t\t\t\t<figcaption class='wp-caption-text gallery-caption' id='gallery-2-5583'>\n\t\t\t\tVier Kleinlibellen-Paare bei der Eiablage auf Seerosenbl\u00e4ttern.\n\t\t\t\t<\/figcaption><\/figure><figure class='gallery-item'>\n\t\t\t<div class='gallery-icon landscape'>\n\t\t\t\t<a href='https:\/\/www.bio-nickl.de\/wordpress\/21-5-17-kleinlibellen-paarung-auf-seerosenblatt-a\/'><img loading=\"lazy\" decoding=\"async\" width=\"150\" height=\"150\" src=\"https:\/\/www.bio-nickl.de\/wordpress\/wp-content\/uploads\/2020\/07\/21.5.17-Kleinlibellen-Paarung-auf-Seerosenblatt-A-150x150.jpg\" class=\"attachment-thumbnail size-thumbnail\" alt=\"\" aria-describedby=\"gallery-2-5580\" srcset=\"https:\/\/www.bio-nickl.de\/wordpress\/wp-content\/uploads\/2020\/07\/21.5.17-Kleinlibellen-Paarung-auf-Seerosenblatt-A-150x150.jpg 150w, https:\/\/www.bio-nickl.de\/wordpress\/wp-content\/uploads\/2020\/07\/21.5.17-Kleinlibellen-Paarung-auf-Seerosenblatt-A-100x100.jpg 100w\" sizes=\"auto, 100vw\" \/><\/a>\n\t\t\t<\/div>\n\t\t\t\t<figcaption class='wp-caption-text gallery-caption' id='gallery-2-5580'>\n\t\t\t\tKleinlibellen-P\u00e4rchen auf einem Seerosenblatt: Hier steht das M\u00e4nnchen (vorne) noch auf der Blattoberfl\u00e4che.\n\t\t\t\t<\/figcaption><\/figure><figure class='gallery-item'>\n\t\t\t<div class='gallery-icon portrait'>\n\t\t\t\t<a href='https:\/\/www.bio-nickl.de\/wordpress\/21-5-17-kleinlibellen-paarung-auf-seerosenblatt-b\/'><img loading=\"lazy\" decoding=\"async\" width=\"150\" height=\"150\" src=\"https:\/\/www.bio-nickl.de\/wordpress\/wp-content\/uploads\/2020\/07\/21.5.17-Kleinlibellen-Paarung-auf-Seerosenblatt-B-150x150.jpg\" class=\"attachment-thumbnail size-thumbnail\" alt=\"\" aria-describedby=\"gallery-2-5581\" srcset=\"https:\/\/www.bio-nickl.de\/wordpress\/wp-content\/uploads\/2020\/07\/21.5.17-Kleinlibellen-Paarung-auf-Seerosenblatt-B-150x150.jpg 150w, https:\/\/www.bio-nickl.de\/wordpress\/wp-content\/uploads\/2020\/07\/21.5.17-Kleinlibellen-Paarung-auf-Seerosenblatt-B-100x100.jpg 100w\" sizes=\"auto, 100vw\" \/><\/a>\n\t\t\t<\/div>\n\t\t\t\t<figcaption class='wp-caption-text gallery-caption' id='gallery-2-5581'>\n\t\t\t\tGepaarte Kleinlibellen auf einem Seerosenblatt kurz vor der Eiablage. Links drei Larven des Seerosenblattk\u00e4fers.\n\t\t\t\t<\/figcaption><\/figure><figure class='gallery-item'>\n\t\t\t<div class='gallery-icon landscape'>\n\t\t\t\t<a href='https:\/\/www.bio-nickl.de\/wordpress\/14-7-20-calopteryx\/'><img loading=\"lazy\" decoding=\"async\" width=\"150\" height=\"150\" src=\"https:\/\/www.bio-nickl.de\/wordpress\/wp-content\/uploads\/2020\/07\/14.7.20-Calopteryx-150x150.jpg\" class=\"attachment-thumbnail size-thumbnail\" alt=\"\" aria-describedby=\"gallery-2-5593\" srcset=\"https:\/\/www.bio-nickl.de\/wordpress\/wp-content\/uploads\/2020\/07\/14.7.20-Calopteryx-150x150.jpg 150w, https:\/\/www.bio-nickl.de\/wordpress\/wp-content\/uploads\/2020\/07\/14.7.20-Calopteryx-100x100.jpg 100w\" sizes=\"auto, 100vw\" \/><\/a>\n\t\t\t<\/div>\n\t\t\t\t<figcaption class='wp-caption-text gallery-caption' id='gallery-2-5593'>\n\t\t\t\tGeb\u00e4nderte Prachtlibelle (Calopteryx splendens): zusammengeklappte Fl\u00fcgel und weit auseinander stehende Augen\n\t\t\t\t<\/figcaption><\/figure>\n\t\t<\/div>\n\n<p><strong>Larven und Exuvien:<\/strong><\/p>\n<div id='gallery-3' class='gallery galleryid-5561 gallery-columns-3 gallery-size-thumbnail'><figure class='gallery-item'>\n\t\t\t<div class='gallery-icon portrait'>\n\t\t\t\t<a href='https:\/\/www.bio-nickl.de\/wordpress\/22-6-20-max-weiher-3\/'><img loading=\"lazy\" decoding=\"async\" width=\"150\" height=\"150\" src=\"https:\/\/www.bio-nickl.de\/wordpress\/wp-content\/uploads\/2020\/07\/22.6.20-Max-Weiher-3-150x150.jpg\" class=\"attachment-thumbnail size-thumbnail\" alt=\"\" aria-describedby=\"gallery-3-5587\" srcset=\"https:\/\/www.bio-nickl.de\/wordpress\/wp-content\/uploads\/2020\/07\/22.6.20-Max-Weiher-3-150x150.jpg 150w, https:\/\/www.bio-nickl.de\/wordpress\/wp-content\/uploads\/2020\/07\/22.6.20-Max-Weiher-3-1200x1200.jpg 1200w, https:\/\/www.bio-nickl.de\/wordpress\/wp-content\/uploads\/2020\/07\/22.6.20-Max-Weiher-3-100x100.jpg 100w\" sizes=\"auto, 100vw\" \/><\/a>\n\t\t\t<\/div>\n\t\t\t\t<figcaption class='wp-caption-text gallery-caption' id='gallery-3-5587'>\n\t\t\t\tGro\u00dflibellen-Larve, vermutlich letztes Stadium, da bereits kleine Fl\u00fcgelans\u00e4tze zu sehen sind.\n\t\t\t\t<\/figcaption><\/figure><figure class='gallery-item'>\n\t\t\t<div class='gallery-icon portrait'>\n\t\t\t\t<a href='https:\/\/www.bio-nickl.de\/wordpress\/5-9-18-dicke-fransige-libellenlarve-b\/'><img loading=\"lazy\" decoding=\"async\" width=\"150\" height=\"150\" src=\"https:\/\/www.bio-nickl.de\/wordpress\/wp-content\/uploads\/2020\/07\/5.9.18-dicke-fransige-Libellenlarve-B-150x150.jpg\" class=\"attachment-thumbnail size-thumbnail\" alt=\"\" aria-describedby=\"gallery-3-5585\" srcset=\"https:\/\/www.bio-nickl.de\/wordpress\/wp-content\/uploads\/2020\/07\/5.9.18-dicke-fransige-Libellenlarve-B-150x150.jpg 150w, https:\/\/www.bio-nickl.de\/wordpress\/wp-content\/uploads\/2020\/07\/5.9.18-dicke-fransige-Libellenlarve-B-100x100.jpg 100w\" sizes=\"auto, 100vw\" \/><\/a>\n\t\t\t<\/div>\n\t\t\t\t<figcaption class='wp-caption-text gallery-caption' id='gallery-3-5585'>\n\t\t\t\tKurze, gedrungene Libellenlarve mit langen Fransen.\n\t\t\t\t<\/figcaption><\/figure><figure class='gallery-item'>\n\t\t\t<div class='gallery-icon portrait'>\n\t\t\t\t<a href='https:\/\/www.bio-nickl.de\/wordpress\/olympus-digital-camera-286\/'><img loading=\"lazy\" decoding=\"async\" width=\"150\" height=\"150\" src=\"https:\/\/www.bio-nickl.de\/wordpress\/wp-content\/uploads\/2020\/07\/K\u00f6nigslibelle-schl\u00fcpft-28.6.15-B-150x150.jpg\" class=\"attachment-thumbnail size-thumbnail\" alt=\"\" aria-describedby=\"gallery-3-5588\" srcset=\"https:\/\/www.bio-nickl.de\/wordpress\/wp-content\/uploads\/2020\/07\/K\u00f6nigslibelle-schl\u00fcpft-28.6.15-B-150x150.jpg 150w, https:\/\/www.bio-nickl.de\/wordpress\/wp-content\/uploads\/2020\/07\/K\u00f6nigslibelle-schl\u00fcpft-28.6.15-B-100x100.jpg 100w\" sizes=\"auto, 100vw\" \/><\/a>\n\t\t\t<\/div>\n\t\t\t\t<figcaption class='wp-caption-text gallery-caption' id='gallery-3-5588'>\n\t\t\t\tGro\u00dfe K\u00f6nigslibelle (Anax imperator) beim Schl\u00fcpfen. Es dauert etwa einen Tag, bis das Chitin v\u00f6llig ausgeh\u00e4rtet ist und die Farben vollst\u00e4ndig entwickelt sind. Links die dunkle Larvenh\u00fclle (Exuvie).\n\t\t\t\t<\/figcaption><\/figure><figure class='gallery-item'>\n\t\t\t<div class='gallery-icon portrait'>\n\t\t\t\t<a href='https:\/\/www.bio-nickl.de\/wordpress\/10-7-20-grosslibellen-exkuvie-max\/'><img loading=\"lazy\" decoding=\"async\" width=\"150\" height=\"150\" src=\"https:\/\/www.bio-nickl.de\/wordpress\/wp-content\/uploads\/2020\/07\/10.7.20-Gro\u00dflibellen-Exkuvie-Max-150x150.jpg\" class=\"attachment-thumbnail size-thumbnail\" alt=\"\" aria-describedby=\"gallery-3-5586\" srcset=\"https:\/\/www.bio-nickl.de\/wordpress\/wp-content\/uploads\/2020\/07\/10.7.20-Gro\u00dflibellen-Exkuvie-Max-150x150.jpg 150w, https:\/\/www.bio-nickl.de\/wordpress\/wp-content\/uploads\/2020\/07\/10.7.20-Gro\u00dflibellen-Exkuvie-Max-100x100.jpg 100w\" sizes=\"auto, 100vw\" \/><\/a>\n\t\t\t<\/div>\n\t\t\t\t<figcaption class='wp-caption-text gallery-caption' id='gallery-3-5586'>\n\t\t\t\tLeere Larvenh\u00fclle (Exuvie) einer Gro\u00dflibelle an einem Halm.\n\t\t\t\t<\/figcaption><\/figure>\n\t\t<\/div>\n\n","protected":false},"excerpt":{"rendered":"<p>Libellen lassen sich an den meisten Gew\u00e4ssern in der warmen Jahreszeit leicht beobachten. Wenn sie darauf achten, ist es auch f\u00fcr Sch\u00fcler verbl\u00fcffend, wie stark Libellen im Flug beschleunigen, kurz darauf wie ein Hubschrauber in der Luft stehen oder wie geschickt sie man\u00f6vrieren. Bei l\u00e4ngerer Beobachtung lassen sich unterschiedliche Verhaltensweisen entdecken: Bestimmte Arten (wie die &hellip; <\/p>\n<p class=\"link-more\"><a href=\"https:\/\/www.bio-nickl.de\/wordpress\/photos-libellen\/\" class=\"more-link\"><span class=\"screen-reader-text\">\u201ePhotos Libellen\u201c<\/span> weiterlesen<\/a><\/p>\n","protected":false},"author":1,"featured_media":0,"parent":0,"menu_order":0,"comment_status":"closed","ping_status":"closed","template":"","meta":{"om_disable_all_campaigns":false,"_monsterinsights_skip_tracking":false,"_monsterinsights_sitenote_active":false,"_monsterinsights_sitenote_note":"","_monsterinsights_sitenote_category":0,"footnotes":""},"class_list":["post-5561","page","type-page","status-publish","hentry"],"aioseo_notices":[],"_links":{"self":[{"href":"https:\/\/www.bio-nickl.de\/wordpress\/wp-json\/wp\/v2\/pages\/5561","targetHints":{"allow":["GET"]}}],"collection":[{"href":"https:\/\/www.bio-nickl.de\/wordpress\/wp-json\/wp\/v2\/pages"}],"about":[{"href":"https:\/\/www.bio-nickl.de\/wordpress\/wp-json\/wp\/v2\/types\/page"}],"author":[{"embeddable":true,"href":"https:\/\/www.bio-nickl.de\/wordpress\/wp-json\/wp\/v2\/users\/1"}],"replies":[{"embeddable":true,"href":"https:\/\/www.bio-nickl.de\/wordpress\/wp-json\/wp\/v2\/comments?post=5561"}],"version-history":[{"count":8,"href":"https:\/\/www.bio-nickl.de\/wordpress\/wp-json\/wp\/v2\/pages\/5561\/revisions"}],"predecessor-version":[{"id":5594,"href":"https:\/\/www.bio-nickl.de\/wordpress\/wp-json\/wp\/v2\/pages\/5561\/revisions\/5594"}],"wp:attachment":[{"href":"https:\/\/www.bio-nickl.de\/wordpress\/wp-json\/wp\/v2\/media?parent=5561"}],"curies":[{"name":"wp","href":"https:\/\/api.w.org\/{rel}","templated":true}]}}