{"id":787,"date":"2017-11-05T16:56:48","date_gmt":"2017-11-05T15:56:48","guid":{"rendered":"http:\/\/www.bio-nickl.de\/wordpress\/?page_id=787"},"modified":"2018-12-31T15:53:23","modified_gmt":"2018-12-31T14:53:23","slug":"6-klasse-skript-1-allgemeine-situation","status":"publish","type":"page","link":"https:\/\/www.bio-nickl.de\/wordpress\/did-meth-paed\/6-klasse-skript-1-allgemeine-situation\/","title":{"rendered":"6. Klasse Skript 1: Allgemeine Situation"},"content":{"rendered":"<p>Die 6. Klasse bildet fachdidaktisch mit der 5. Klasse eine Einheit. Weil die Klassen in der 6. Jahrgangsstufe wegen der Sprachenwahl neu zusammengestellt werden, ist es besonders wichtig, dass innerhalb einer Schule ein klarer Konsens \u00fcber das Pflichtprogramm und das <u>Grundwissen<\/u> herrscht und dass dieser auch verbindlich umgesetzt wird. Der Biologieunterricht in der Unterstufe umfasst sehr viel Grundwissen, das Voraussetzung f\u00fcr erfolgrei\u00adches Lernen in der Mittel- und Oberstufe ist. Auch deshalb ist ein ausgereiftes und konse\u00adquent umgesetztes Konzept des Grundwissen-Managements \u00e4u\u00dferst wichtig.<\/p>\n<p><span style=\"color: #ff6600;\">Grundwissen Botanik aus der 5. Klasse [<a style=\"color: #ff6600;\" href=\"http:\/\/www.bio-nickl.de\/wordpress\/wp-content\/uploads\/2018\/05\/AM_B5_GruWi_Botanik_Fortpflz.-N.docx\">word<\/a>]<\/span><\/p>\n<p>Der Biologieunterricht ist(so wie bei den meisten Schulen auch in der 5. Klasse) zweist\u00fcndig, aber Naturwissenschaftliches Arbeiten entf\u00e4llt wird durch Informatik (einst\u00fcndig) ersetzt. Auch wenn daf\u00fcr kein eigener Schwerpunkt ausgewiesen ist, sollte man immer wieder Stunden f\u00fcr ein <u>Sch\u00fcler-Praktikum<\/u> verwenden (z. B. Lernzirkel H\u00fchner-Ei, Lernzirkel Vogelflug, Pr\u00e4paration eines Fisches, Untersuchun\u00adgen von Pflanzensamen). Nach wie vor k\u00f6nnen auch praktische Hausaufgaben gestellt werden (z. B. Modelle basteln, Keimungsversuche). Es ist sinnvoll, in der 6. Klasse eine Arbeits\u00adgemeinschaft anzubieten,\u00a0 wenn die Personaldecke dies erlaubt.<\/p>\n<p>Ohne explizit die Begrifflichkeit der <u>Evolution<\/u>s-Lehre zu behandeln, m\u00fcssen die Voraussetzungen daf\u00fcr in der 5. und 6. Klasse geschaffen werden: Idee des Selektionsvorteils (ohne diesen Fachbegriff zu verwenden) v. a. durch Struktur-Funktions-Beziehungen, Grund\u00adbauplan der Wirbeltier-Extremit\u00e4t (Knochenabfolge: 1 + 2 + viele + 5 + 3&#215;5) und Homologisieren (ohne Verwendung des Fachbegriffs \u201ehomolog\u201c). Dar\u00fcberhinaus empfehle ich die Behandlung der Nat\u00fcrlichen Systematik (SKOFGA) an mehreren Stellen, v. a. anhand bekannter Arten, auch wenn der LehrplanPLUS davon Abstand nimmt. Denn nur wer die abgestufte \u00c4hnlichkeit der Lebewesen kennt, will eine Erkl\u00e4rung daf\u00fcr haben.<\/p>\n<p>In der Regel sind die Sch\u00fcler in der 6. Klasse bereits voll im Gymnasium angekommen, d. h. sie sind vertraut mit dem Pr\u00fcfungssystem, sie wissen, wie sie lernen sollen, sie kennen die sozialen Regeln und sie verf\u00fcgen \u00fcber ein z\u00fcgiges Arbeitstempo. Das bedeutet nicht, dass sie sich auch immer entsprechend verhalten. Deshalb konsequent immer wieder die Regeln thematisieren, ggf. deren Einhaltung anmahnen, ggf. wiederholen, wie man sinnvollerweise zuhause lernt.<\/p>\n<p><span style=\"color: #ff6600;\">Folie: Lernen lernen [<a style=\"color: #ff6600;\" href=\"http:\/\/www.bio-nickl.de\/wordpress\/wp-content\/uploads\/2017\/07\/AM_Folie_Hausaufgaben.docx\">word<\/a>] [<a style=\"color: #ff6600;\" href=\"http:\/\/www.bio-nickl.de\/wordpress\/wp-content\/uploads\/2017\/07\/AM_Folie_Hausaufgaben.pdf\">pdf<\/a>]<\/span><\/p>\n<p>Im Verlauf der 6. Klasse macht sich immer st\u00e4rker die beginnende <u>Pubert\u00e4t<\/u> bemerkbar. Auch deshalb ist es wichtig, vor allem am Schuljahresbeginn sehr streng auf die Einhaltung der Regeln zu achten bzw. an eventuellen Defiziten der Sch\u00fcler zu arbeiten, anstatt abzuwarten, bis sie hormonbedingt immer schlechter erreichbar sind.<\/p>\n<p>In der 6. Klasse kommt die <u>zweite Fremdsprache<\/u> dazu (Geographie wird durch Geschichte abgel\u00f6st). So problematisch dies f\u00fcr den Fremdsprachen-Unterricht sein mag, besteht ein gewisser Vorteil darin, dass durch diese zus\u00e4tzliche Herausforderung umso deutlicher zutage tritt, f\u00fcr welche Sch\u00fcler das Gymnasi\u00adum mit seinem hohen Lernaufwand und seiner Intellektualit\u00e4t nicht die geeignete Schule ist. Wenn man in seiner Biologieklasse Sch\u00fcler findet, deren Leistungen in der 6. Klasse deutlich abfal\u00adlen, ist es sinnvoll, mit den Hauptfachlehrern der Klasse zeitnah dar\u00fcber zu reden, um ggf. die Eltern rechtzeitig fundiert beraten zu k\u00f6nnen.<\/p>\n<p>Im Wesentlichen gelten in der 6. Jahrgangsstufe die didaktisch-methodischen Prinzipien wie auch im Vorjahr. Dennoch ist es wichtig, immer wieder auf den bereits h\u00f6heren Reifegrad einzugehen und ein entsprechend h\u00f6heres Niveau auch einzufordern, ohne dabei aber die Ma\u00dfst\u00e4be f\u00fcr die Mittelstufe anzulegen (z. B. was den Abstraktionsgrad des Denken betrifft oder die Anforderungen an das Leseverst\u00e4ndnis).<\/p>\n<p><span style=\"color: #ff6600;\"><span style=\"color: #000000;\">Arbeiten mit Modellen bleibt ein Schwerpunkt, z. B.: <\/span>Folie f\u00fcr ein Modellspiel der Stoff-Umwandlung der Fotosynthese [<a style=\"color: #ff6600;\" href=\"http:\/\/www.bio-nickl.de\/wordpress\/wp-content\/uploads\/2018\/07\/AM_B6_Fotosynthese_Modellspiel.docx\">word<\/a>] [<a style=\"color: #ff6600;\" href=\"http:\/\/www.bio-nickl.de\/wordpress\/wp-content\/uploads\/2018\/07\/AM_B6_Fotosynthese_Modellspiel.pdf\">pdf<\/a>]<\/span><\/p>\n","protected":false},"excerpt":{"rendered":"<p>Die 6. Klasse bildet fachdidaktisch mit der 5. Klasse eine Einheit. Weil die Klassen in der 6. Jahrgangsstufe wegen der Sprachenwahl neu zusammengestellt werden, ist es besonders wichtig, dass innerhalb einer Schule ein klarer Konsens \u00fcber das Pflichtprogramm und das Grundwissen herrscht und dass dieser auch verbindlich umgesetzt wird. Der Biologieunterricht in der Unterstufe umfasst &hellip; <\/p>\n<p class=\"link-more\"><a href=\"https:\/\/www.bio-nickl.de\/wordpress\/did-meth-paed\/6-klasse-skript-1-allgemeine-situation\/\" class=\"more-link\"><span class=\"screen-reader-text\">\u201e6. Klasse Skript 1: Allgemeine Situation\u201c<\/span> weiterlesen<\/a><\/p>\n","protected":false},"author":1,"featured_media":0,"parent":150,"menu_order":5,"comment_status":"closed","ping_status":"closed","template":"","meta":{"om_disable_all_campaigns":false,"_monsterinsights_skip_tracking":false,"_monsterinsights_sitenote_active":false,"_monsterinsights_sitenote_note":"","_monsterinsights_sitenote_category":0,"footnotes":""},"class_list":["post-787","page","type-page","status-publish","hentry"],"aioseo_notices":[],"_links":{"self":[{"href":"https:\/\/www.bio-nickl.de\/wordpress\/wp-json\/wp\/v2\/pages\/787","targetHints":{"allow":["GET"]}}],"collection":[{"href":"https:\/\/www.bio-nickl.de\/wordpress\/wp-json\/wp\/v2\/pages"}],"about":[{"href":"https:\/\/www.bio-nickl.de\/wordpress\/wp-json\/wp\/v2\/types\/page"}],"author":[{"embeddable":true,"href":"https:\/\/www.bio-nickl.de\/wordpress\/wp-json\/wp\/v2\/users\/1"}],"replies":[{"embeddable":true,"href":"https:\/\/www.bio-nickl.de\/wordpress\/wp-json\/wp\/v2\/comments?post=787"}],"version-history":[{"count":13,"href":"https:\/\/www.bio-nickl.de\/wordpress\/wp-json\/wp\/v2\/pages\/787\/revisions"}],"predecessor-version":[{"id":3264,"href":"https:\/\/www.bio-nickl.de\/wordpress\/wp-json\/wp\/v2\/pages\/787\/revisions\/3264"}],"up":[{"embeddable":true,"href":"https:\/\/www.bio-nickl.de\/wordpress\/wp-json\/wp\/v2\/pages\/150"}],"wp:attachment":[{"href":"https:\/\/www.bio-nickl.de\/wordpress\/wp-json\/wp\/v2\/media?parent=787"}],"curies":[{"name":"wp","href":"https:\/\/api.w.org\/{rel}","templated":true}]}}