{"id":91,"date":"2017-07-27T10:47:12","date_gmt":"2017-07-27T08:47:12","guid":{"rendered":"http:\/\/www.bio-nickl.de\/wordpress\/?page_id=91"},"modified":"2025-02-04T14:59:30","modified_gmt":"2025-02-04T13:59:30","slug":"lehrplan","status":"publish","type":"page","link":"https:\/\/www.bio-nickl.de\/wordpress\/lehrplan\/","title":{"rendered":"Lehrplan ISB-Material"},"content":{"rendered":"<p><span style=\"color: #0000ff;\">Diese Seite bezieht sich auf den <strong>LehrplanPLUS Bayern<\/strong>, der im September 2017 das Gymnasium erreicht. <\/span><\/p>\n<p><span style=\"color: #0000ff;\">Das ISB ver\u00f6ffentlicht auf seiner Webseite eine Reihe von <strong>Materialien<\/strong>, die ich als eine echte Hilfe f\u00fcr den Unterricht ansehe. Unter der jeweiligen Jahrgangsstufe finden Sie meine Kommentare zu einer Auswahl aus diesen Materialien.<\/span><\/p>\n<p><span style=\"color: #000000;\"><strong><span style=\"color: #0000ff;\">Zum LehrplanPLUS:<\/span> <\/strong>Weil die Handhabung der Online-Fassung nicht jeder Lehrkraft entgegen kommt, habe ich die vollst\u00e4ndigen Originaltexte der Fachlehrpl\u00e4ne in <strong>Tabellenform<\/strong> gebracht und erg\u00e4nzt, <strong>was im Vergleich zum Vorg\u00e4nger-Lehrplan des G8 weggefallen bzw. dazu gekommen ist, was die Sch\u00fcler als Vorwissen mitbringen sollten und an welchen Stellen das jeweilige Thema wieder auftauchen wird<\/strong>. Klicken Sie hierzu am Ende der Zeilen unten auf [word] bzw. [pdf].<\/span><\/p>\n<p><strong>Die Formulierungen des Lehrplans sind in den Tabellen vollst\u00e4ndig und unver\u00e4ndert \u00fcbernommen (Copyright beim ISB), lediglich die Anordnung der Textbausteine ist anders.<\/strong><\/p>\n<p>Im Vergleich zu seinem Vorg\u00e4nger formuliert der LehrplanPLUS die <strong>Lerninhalte<\/strong> wieder recht genau (weshalb die Texte nat\u00fcrlich ziemlich umfangreich ausfallen). Wie immer sollte dabei aufmerksam beachtet werden, was als obligater und was nur als fakultativer Lerninhalt aufgelistet ist. <span style=\"color: #0000ff;\">Dabei sind die obligaten Lerninhalte vollst\u00e4ndig zu erarbeiten, die Formulierungen stellen also <strong>Minimal-Anforderungen<\/strong> dar.<\/span><\/p>\n<p><span style=\"color: #ff0000;\"><strong>Neu<\/strong> <\/span>hinzugekommen sind die Formulierungen der <strong>Kompetenzen<\/strong>, \u00fcber welche die Sch\u00fcler bis zum Schuljahresende verf\u00fcgen sollen. Im bayerischen LehrplanPLUS sind diese Kompetenzen durchgehend an fachliche Lerninhalte gekn\u00fcpft, wodurch die Planung der einzelnen Unterrichtsstunden sp\u00fcrbar erleichtert wird. <span style=\"color: #0000ff;\">Allerdings sind &#8211; im Gegensatz zu den Lerninhalten &#8211; die Formulierungen bei den Kompetenzen <strong>Maximal-Anforderungen<\/strong>; das hei\u00dft, sie entsprechen einer Bewertung von Note 1*, wenn sie vollst\u00e4ndig erreicht werden.<\/span> In der Praxis bilden die Formulierungen der Kompetenz-Anforderungen deshalb das anzustrebende h\u00f6chste Ziel, das man stets vor Augen haben sollte, das aber in der Regel kaum erreicht werden wird.<\/p>\n<p>Bisher sind auf dieser Seite die Jahrgangsstufen 5 und 6 im LehrplanPLUS ber\u00fccksichtigt.<\/p>\n<p><span style=\"color: #ff6600;\">Hinweise und Erl\u00e4uterungen zur tabellarischen Darstellung der Lehrpl\u00e4ne [<a style=\"color: #ff6600;\" href=\"http:\/\/www.bio-nickl.de\/wordpress\/wp-content\/uploads\/2019\/06\/0-Fachlehrpl\u00e4ne-Erl\u00e4uterungen-6.19.docx\">word<\/a>] [<a style=\"color: #ff6600;\" href=\"http:\/\/www.bio-nickl.de\/wordpress\/wp-content\/uploads\/2019\/06\/0-Fachlehrpl\u00e4ne-Erl\u00e4uterungen-6.19.pdf\">pdf<\/a>]<\/span><\/p>\n<h4><span style=\"color: #0000ff;\"><strong>UNTERSTUFE<\/strong><\/span><\/h4>\n<p><strong>5. Klasse Biologie und NA:<\/strong><\/p>\n<ul>\n<li><span style=\"color: #ff6600;\"><strong>LehrplanPLUS <span style=\"color: #800000;\">Biologie<\/span> 5. Klasse 2017, tabellarisch:<\/strong> [<a style=\"color: #ff6600;\" href=\"http:\/\/www.bio-nickl.de\/wordpress\/wp-content\/uploads\/2019\/06\/5-Bio-Fachlehrplan-plus-N2.docx\">word<\/a>] [<a style=\"color: #ff6600;\" href=\"http:\/\/www.bio-nickl.de\/wordpress\/wp-content\/uploads\/2019\/06\/5-Bio-Fachlehrplan-plus-N2.pdf\">pdf<\/a>]<\/span><\/li>\n<li><span style=\"color: #ff6600;\"><strong><span style=\"color: #ff6600;\">LehrplanPLUS <span style=\"color: #800000;\">Naturwissenschaftliches Arbeiten<\/span> 5. Klasse 2017, tabellarisch:<\/span><\/strong>\u00a0[<a style=\"color: #ff6600;\" href=\"http:\/\/www.bio-nickl.de\/wordpress\/wp-content\/uploads\/2019\/06\/5-NA-Fachlehrplan-plus-N.docx\">word<\/a>] [<a style=\"color: #ff6600;\" href=\"http:\/\/www.bio-nickl.de\/wordpress\/wp-content\/uploads\/2019\/06\/5-NA-Fachlehrplan-plus-N.pdf\">pdf<\/a>]<\/span><\/li>\n<li><span style=\"color: #ff6600;\">LehrplanPLUS 2017: 5. Klasse <strong>Naturwissenschaftliches Arbeiten &#8211; Auflistung aller verbindlichen Fachinhalte<\/strong> [<a style=\"color: #ff6600;\" href=\"http:\/\/www.bio-nickl.de\/wordpress\/wp-content\/uploads\/2017\/08\/DM_NA5_verbindliche_Fachinhalte.docx\">word<\/a>] [<a style=\"color: #ff6600;\" href=\"http:\/\/www.bio-nickl.de\/wordpress\/wp-content\/uploads\/2017\/08\/DM_NA5_verbindliche_Fachinhalte.pdf\">pdf<\/a>]<\/span><\/li>\n<li><span style=\"color: #ff6600;\">Zusammenfassung: <strong>Prozessbezogene Kompetenzen 5. Klasse<\/strong> [<a style=\"color: #ff6600;\" href=\"http:\/\/www.bio-nickl.de\/wordpress\/wp-content\/uploads\/2017\/12\/Prozessbezogene-Kompetenzen-5.-Klasse.docx\">word<\/a>] [<a style=\"color: #ff6600;\" href=\"http:\/\/www.bio-nickl.de\/wordpress\/wp-content\/uploads\/2017\/12\/Prozessbezogene-Kompetenzen-5.-Klasse.pdf\">pdf<\/a>]<\/span><\/li>\n<li><span style=\"color: #ff6600;\"><span style=\"color: #ff6600;\">5. Klasse: Meine pers\u00f6nlichen Anmerkungen zu den <strong>ISB-Aufgaben<\/strong> [<a style=\"color: #ff6600;\" href=\"http:\/\/www.bio-nickl.de\/wordpress\/wp-content\/uploads\/2017\/07\/M_B5_Aufgaben_LPplus_Kommentar.docx\">word<\/a>] [<a style=\"color: #ff6600;\" href=\"http:\/\/www.bio-nickl.de\/wordpress\/wp-content\/uploads\/2018\/02\/M_B5_Aufgaben_LPplus_Kommentar.pdf\">pdf<\/a>]<\/span><em><br \/>\n<\/em><\/span><\/li>\n<\/ul>\n<p><strong>6. Klasse Biologie:<\/strong><\/p>\n<ul>\n<li><span style=\"color: #ff6600;\"><strong>LehrplanPLUS Biologie 6. Klasse 2018, tabellarisch: <\/strong>[<a style=\"color: #ff6600;\" href=\"https:\/\/www.bio-nickl.de\/wordpress\/wp-content\/uploads\/2019\/12\/6-Bio-Fachlehrplan-plus-N5.docx\">word<\/a>] [<a style=\"color: #ff6600;\" href=\"https:\/\/www.bio-nickl.de\/wordpress\/wp-content\/uploads\/2019\/12\/6-Bio-Fachlehrplan-plus-N5.pdf\">pdf<\/a><span style=\"color: #ff6600;\">] (\u00fcberarbeitete Fassung des Lehrplans vom September 2018)<\/span><em><span style=\"color: #ff6600;\"><br \/>\n<\/span><\/em><\/span><\/li>\n<li><span style=\"color: #ff6600;\">Zusammenfassung: <strong>Prozessbezogene Kompetenzen 6. Klasse<\/strong> [<a style=\"color: #ff6600;\" href=\"http:\/\/www.bio-nickl.de\/wordpress\/wp-content\/uploads\/2017\/12\/Prozessbezogene-Kompetenzen-6.-Klasse.docx\">word<\/a>] [<a style=\"color: #ff6600;\" href=\"http:\/\/www.bio-nickl.de\/wordpress\/wp-content\/uploads\/2017\/12\/Prozessbezogene-Kompetenzen-6.-Klasse.pdf\">pdf<\/a>]<\/span><\/li>\n<\/ul>\n<p><strong>Unterstufe: Lehrplan-Themen anderer F\u00e4cher mit Bezug zur Biologie<\/strong> (Fassung 2017)<\/p>\n<ul>\n<li><span style=\"color: #ff6600;\">Ethik LehrplanPLUS 5.-7. Klasse [<a style=\"color: #ff6600;\" href=\"http:\/\/www.bio-nickl.de\/wordpress\/wp-content\/uploads\/2018\/06\/Unterstufe_Ethik_Biobezug_LPplus.docx\">word<\/a>] [<a style=\"color: #ff6600;\" href=\"http:\/\/www.bio-nickl.de\/wordpress\/wp-content\/uploads\/2018\/06\/Unterstufe_Ethik_Biobezug_LPplus.pdf\">pdf<\/a>]<\/span><\/li>\n<li><span style=\"color: #ff6600;\">Geographie LehrplanPLUS 5.-7. Klasse [<a style=\"color: #ff6600;\" href=\"http:\/\/www.bio-nickl.de\/wordpress\/wp-content\/uploads\/2018\/06\/Unterstufe_Geographie_Biobezug_PLplus.docx\">word<\/a>] [<a style=\"color: #ff6600;\" href=\"http:\/\/www.bio-nickl.de\/wordpress\/wp-content\/uploads\/2018\/06\/Unterstufe_Geographie_Biobezug_PLplus.pdf\">pdf<\/a>]<\/span><\/li>\n<li><span style=\"color: #ff6600;\">Mathematik LehrplanPLUS 5.-7. Klasse [<a style=\"color: #ff6600;\" href=\"http:\/\/www.bio-nickl.de\/wordpress\/wp-content\/uploads\/2018\/06\/Unterstufe_Mathematik_Biobezug_PLplus.docx\">word<\/a>] [<a style=\"color: #ff6600;\" href=\"http:\/\/www.bio-nickl.de\/wordpress\/wp-content\/uploads\/2018\/06\/Unterstufe_Mathematik_Biobezug_PLplus.pdf\">pdf<\/a>]<\/span><\/li>\n<li><span style=\"color: #ff6600;\">Physik LehrplanPLUS 5.-7. Klasse [<a style=\"color: #ff6600;\" href=\"http:\/\/www.bio-nickl.de\/wordpress\/wp-content\/uploads\/2018\/06\/Unterstufe_Physik_Biobezug_PLplus.docx\">word<\/a>] [<a style=\"color: #ff6600;\" href=\"http:\/\/www.bio-nickl.de\/wordpress\/wp-content\/uploads\/2018\/06\/Unterstufe_Physik_Biobezug_PLplus.pdf\">pdf<\/a>]<\/span><\/li>\n<li><span style=\"color: #ff6600;\">Evangelische Religionslehre LehrplanPLUS 5.-7. Klasse [<a style=\"color: #ff6600;\" href=\"http:\/\/www.bio-nickl.de\/wordpress\/wp-content\/uploads\/2018\/06\/Unterstufe_Religion_ev_Biobezug_PLplus.docx\">word<\/a>] [<a style=\"color: #ff6600;\" href=\"http:\/\/www.bio-nickl.de\/wordpress\/wp-content\/uploads\/2018\/06\/Unterstufe_Religion_ev_Biobezug_PLplus.pdf\">pdf<\/a>]<\/span><\/li>\n<li><span style=\"color: #ff6600;\">Katholische Religionslehre LehrplanPLUS 5.-7. Klasse [<a style=\"color: #ff6600;\" href=\"http:\/\/www.bio-nickl.de\/wordpress\/wp-content\/uploads\/2018\/06\/Unterstufe_Religion_kath_Biobezug_PLplus.docx\">word<\/a>] [<a style=\"color: #ff6600;\" href=\"http:\/\/www.bio-nickl.de\/wordpress\/wp-content\/uploads\/2018\/06\/Unterstufe_Religion_kath_Biobezug_PLplus.pdf\">pdf<\/a>]<\/span><\/li>\n<\/ul>\n<h4><strong><span style=\"color: #0000ff;\">MITTELSTUFE<\/span><\/strong><\/h4>\n<p><strong>8. Klasse Biologie:<\/strong><\/p>\n<p><strong><span style=\"color: #ff6600;\">LehrplanPLUS Biologie 8. Klasse 2018, tabellarisch: <\/span><\/strong><span style=\"color: #ff6600;\">[<a style=\"color: #ff6600;\" href=\"https:\/\/www.bio-nickl.de\/wordpress\/wp-content\/uploads\/2022\/11\/8-Bio-Fachlehrplan-plus_N2.docx\">word<\/a>] [<a style=\"color: #ff6600;\" href=\"https:\/\/www.bio-nickl.de\/wordpress\/wp-content\/uploads\/2022\/11\/8-Bio-Fachlehrplan-plus_N2.pdf\">pdf<\/a>]<\/span><\/p>\n<p><strong>9. Klasse Biologie:<\/strong><\/p>\n<p><span style=\"color: #ff6600;\"><strong>LehrplanPLUS Biologie 9. Klasse 2018, tabellarisch:<\/strong> [<a style=\"color: #ff6600;\" href=\"https:\/\/www.bio-nickl.de\/wordpress\/wp-content\/uploads\/2022\/11\/9-Bio-Fachlehrplan-plus_N2.docx\">word<\/a>] [<a style=\"color: #ff6600;\" href=\"https:\/\/www.bio-nickl.de\/wordpress\/wp-content\/uploads\/2022\/11\/9-Bio-Fachlehrplan-plus_N2.pdf\">pdf<\/a>]<br \/>\n<\/span><\/p>\n<p><strong>10. Klasse Biologie:<\/strong><\/p>\n<p><span style=\"color: #ff6600;\"><strong>LehrplanPLUS Biologie 10. Klasse 2018, tabellarisch:<\/strong> [<a style=\"color: #ff6600;\" href=\"https:\/\/www.bio-nickl.de\/wordpress\/wp-content\/uploads\/2024\/03\/10-Bio-Fachlehrplan-plus-N2.docx\">word<\/a>] [<a style=\"color: #ff6600;\" href=\"https:\/\/www.bio-nickl.de\/wordpress\/wp-content\/uploads\/2024\/03\/10-Bio-Fachlehrplan-plus-N2.pdf\">pdf<\/a>]<\/span><\/p>\n<h4><span style=\"color: #0000ff;\"><strong>OBERSTUFE<\/strong><\/span><\/h4>\n<p><em>Lehrpl\u00e4nePLUS f\u00fcr die Oberstufe des Gymnasiums (Stand: August 2022). In meinen Erg\u00e4nzungen k\u00f6nnen noch kleinere \u00c4nderungen und Erg\u00e4nzungen erfolgen, die sich aus der Arbeit an den Didaktikskripten ergeben.<\/em><\/p>\n<p><span style=\"color: #ff6600;\"><strong>LehrplanPLUS Biologie 12. Jahrgangsstufe (Stand 2022), grundlegendes und erh\u00f6htes Anforderungsniveau, tabellarisch<span style=\"color: #ff6600;\">:<\/span><\/strong> [<a style=\"color: #ff6600;\" href=\"https:\/\/www.bio-nickl.de\/wordpress\/wp-content\/uploads\/2024\/02\/Bio-12-LehrplanPLUS-formatiert-N3.docx\">docx<\/a>] [<a style=\"color: #ff6600;\" href=\"https:\/\/www.bio-nickl.de\/wordpress\/wp-content\/uploads\/2024\/02\/Bio-12-LehrplanPLUS-formatiert-N3.pdf\">pdf<\/a>]<\/span><\/p>\n<p><span style=\"color: #ff6600;\"><strong>LehrplanPLUS Biologie 13. Jahrgangsstufe (Stand 2022), grundlegendes und erh\u00f6htes Anforderungsniveau, tabellarisch: <\/strong><a style=\"color: #ff6600;\" href=\"https:\/\/www.bio-nickl.de\/wordpress\/wp-content\/uploads\/2025\/02\/Bio-13-LehrplanPLUS-formatiert_N2.docx\">[docx]<\/a> <a style=\"color: #ff6600;\" href=\"https:\/\/www.bio-nickl.de\/wordpress\/wp-content\/uploads\/2025\/02\/Bio-13-LehrplanPLUS-formatiert_N2.pdf\">[pdf]<\/a><\/span><strong><br \/>\n<\/strong><\/p>\n<p><span style=\"color: #ff6600;\"><strong>LehrplanPLUS Biologisch-chemisches Praktikum 12.\/13. Jahrgangsstufe (Stadt 2022), tabellarisch:<\/strong> [<a style=\"color: #ff6600;\" href=\"https:\/\/www.bio-nickl.de\/wordpress\/wp-content\/uploads\/2022\/12\/Bio-12.13-BC-Praktikum-LehrplanPLUS-formatiert.docx\">word<\/a>] [<a style=\"color: #ff6600;\" href=\"https:\/\/www.bio-nickl.de\/wordpress\/wp-content\/uploads\/2022\/12\/Bio-12.13-BC-Praktikum-LehrplanPLUS-formatiert.pdf\">pdf<\/a>]<\/span><\/p>\n","protected":false},"excerpt":{"rendered":"<p>Diese Seite bezieht sich auf den LehrplanPLUS Bayern, der im September 2017 das Gymnasium erreicht. Das ISB ver\u00f6ffentlicht auf seiner Webseite eine Reihe von Materialien, die ich als eine echte Hilfe f\u00fcr den Unterricht ansehe. Unter der jeweiligen Jahrgangsstufe finden Sie meine Kommentare zu einer Auswahl aus diesen Materialien. Zum LehrplanPLUS: Weil die Handhabung der &hellip; <\/p>\n<p class=\"link-more\"><a href=\"https:\/\/www.bio-nickl.de\/wordpress\/lehrplan\/\" class=\"more-link\"><span class=\"screen-reader-text\">\u201eLehrplan ISB-Material\u201c<\/span> weiterlesen<\/a><\/p>\n","protected":false},"author":1,"featured_media":0,"parent":0,"menu_order":0,"comment_status":"closed","ping_status":"closed","template":"","meta":{"om_disable_all_campaigns":false,"_monsterinsights_skip_tracking":false,"_monsterinsights_sitenote_active":false,"_monsterinsights_sitenote_note":"","_monsterinsights_sitenote_category":0,"footnotes":""},"class_list":["post-91","page","type-page","status-publish","hentry"],"aioseo_notices":[],"_links":{"self":[{"href":"https:\/\/www.bio-nickl.de\/wordpress\/wp-json\/wp\/v2\/pages\/91","targetHints":{"allow":["GET"]}}],"collection":[{"href":"https:\/\/www.bio-nickl.de\/wordpress\/wp-json\/wp\/v2\/pages"}],"about":[{"href":"https:\/\/www.bio-nickl.de\/wordpress\/wp-json\/wp\/v2\/types\/page"}],"author":[{"embeddable":true,"href":"https:\/\/www.bio-nickl.de\/wordpress\/wp-json\/wp\/v2\/users\/1"}],"replies":[{"embeddable":true,"href":"https:\/\/www.bio-nickl.de\/wordpress\/wp-json\/wp\/v2\/comments?post=91"}],"version-history":[{"count":119,"href":"https:\/\/www.bio-nickl.de\/wordpress\/wp-json\/wp\/v2\/pages\/91\/revisions"}],"predecessor-version":[{"id":8434,"href":"https:\/\/www.bio-nickl.de\/wordpress\/wp-json\/wp\/v2\/pages\/91\/revisions\/8434"}],"wp:attachment":[{"href":"https:\/\/www.bio-nickl.de\/wordpress\/wp-json\/wp\/v2\/media?parent=91"}],"curies":[{"name":"wp","href":"https:\/\/api.w.org\/{rel}","templated":true}]}}